{"id":37562,"date":"2024-11-06T12:30:40","date_gmt":"2024-11-06T11:30:40","guid":{"rendered":"https:\/\/www.formentera.es\/sant-francesc-second-hand-market\/"},"modified":"2026-01-27T10:14:13","modified_gmt":"2026-01-27T09:14:13","slug":"sant-francesc-second-hand-market","status":"publish","type":"page","link":"https:\/\/www.formentera.es\/pt\/sant-francesc-second-hand-market\/","title":{"rendered":"Sant Francesc second-hand market"},"content":{"rendered":"<div class=\"wpb-content-wrapper\"><p>[vc_row][vc_column][vc_custom_heading source=&#8221;post_title&#8221; font_container=&#8221;tag:h1|text_align:center|color:%232e3a6e&#8221; use_theme_fonts=&#8221;yes&#8221; css=&#8221;.vc_custom_1730892925358{padding-top: 40px !important;padding-bottom: 40px !important;}&#8221;][\/vc_column][\/vc_row][vc_row][vc_column][vc_single_image image=&#8221;30789&#8243; img_size=&#8221;full&#8221;][vc_column_text css=&#8221;&#8221;]O cora\u00e7\u00e3o da economia circular em Formentera. Localizado no Jard\u00ed de ses Eres todas as ter\u00e7as e s\u00e1bados (11h-14h), este mercado \u00e9 o lugar ideal para descobrir tesouros vintage, livros e roupas com hist\u00f3ria num ambiente sustent\u00e1vel.[\/vc_column_text][\/vc_column][\/vc_row][vc_row][vc_column][vc_single_image image=&#8221;47945&#8243; img_size=&#8221;full&#8221; css=&#8221;&#8221;][\/vc_column][\/vc_row][vc_row full_width=&#8221;stretch_row_content&#8221; equal_height=&#8221;yes&#8221; css=&#8221;.vc_custom_1549021271976{padding-top: 80px !important;}&#8221; el_class=&#8221;bloque_maseventos&#8221;][vc_column][vc_column_text el_class=&#8221;h1&#8243;]<\/p>\n<h2 style=\"text-align: center;\">Events in Formentera<\/h2>\n<p>[\/vc_column_text][vc_basic_grid post_type=&#8221;post&#8221; max_items=&#8221;3&#8243; orderby=&#8221;rand&#8221; item=&#8221;1524&#8243; grid_id=&#8221;vc_gid:1769505233195-6b4a8475dce07dfef9a77f62ea6cf7a9-7&#8243; taxonomies=&#8221;17&#8243;][vc_btn title=&#8221;More events&#8221; style=&#8221;flat&#8221; shape=&#8221;square&#8221; color=&#8221;white&#8221; size=&#8221;lg&#8221; align=&#8221;center&#8221; i_align=&#8221;right&#8221; i_type=&#8221;entypo&#8221; i_icon_entypo=&#8221;entypo-icon entypo-icon-right-open-big&#8221; add_icon=&#8221;true&#8221; el_class=&#8221;btn_more&#8221; link=&#8221;url:https%3A%2F%2Fwww.formentera.es%2Fen%2Fevents%2F|||&#8221;][\/vc_column][\/vc_row]<\/p>\n<\/div>","protected":false},"excerpt":{"rendered":"<p>[vc_row][vc_column][vc_custom_heading source=&#8221;post_title&#8221; font_container=&#8221;tag:h1|text_align:center|color:%232e3a6e&#8221; use_theme_fonts=&#8221;yes&#8221; css=&#8221;.vc_custom_1730892925358{padding-top: 40px !important;padding-bottom: 40px !important;}&#8221;][\/vc_column][\/vc_row][vc_row][vc_column][vc_single_image image=&#8221;30789&#8243; img_size=&#8221;full&#8221;][vc_column_text css=&#8221;&#8221;]O cora\u00e7\u00e3o da economia [&hellip;]<\/p>\n","protected":false},"author":1,"featured_media":33220,"parent":0,"menu_order":0,"comment_status":"closed","ping_status":"closed","template":"page-gen.php","meta":{"_acf_changed":false,"footnotes":""},"categories":[],"class_list":["post-37562","page","type-page","status-publish","hentry"],"acf":[],"yoast_head":"<!-- This site is optimized with the Yoast SEO plugin v25.5 - https:\/\/yoast.com\/wordpress\/plugins\/seo\/ -->\n<title>Sant Francesc second-hand market | Turismo de Formentera<\/title>\n<meta name=\"robots\" content=\"index, follow, max-snippet:-1, max-image-preview:large, max-video-preview:-1\" \/>\n<link rel=\"canonical\" href=\"https:\/\/www.formentera.es\/pt\/sant-francesc-second-hand-market\/\" \/>\n<meta property=\"og:locale\" content=\"pt_PT\" \/>\n<meta property=\"og:type\" content=\"article\" \/>\n<meta property=\"og:title\" content=\"Sant Francesc second-hand market | Turismo de Formentera\" \/>\n<meta property=\"og:description\" content=\"[vc_row][vc_column][vc_custom_heading source=&#8221;post_title&#8221; font_container=&#8221;tag:h1|text_align:center|color:%232e3a6e&#8221; use_theme_fonts=&#8221;yes&#8221; css=&#8221;.vc_custom_1730892925358{padding-top: 40px !important;padding-bottom: 40px !important;}&#8221;][\/vc_column][\/vc_row][vc_row][vc_column][vc_single_image image=&#8221;30789&#8243; img_size=&#8221;full&#8221;][vc_column_text css=&#8221;&#8221;]O cora\u00e7\u00e3o da economia [&hellip;]\" \/>\n<meta property=\"og:url\" content=\"https:\/\/www.formentera.es\/pt\/sant-francesc-second-hand-market\/\" \/>\n<meta property=\"og:site_name\" content=\"Turismo de Formentera\" \/>\n<meta property=\"article:publisher\" content=\"https:\/\/www.facebook.com\/turismoformentera\/\" \/>\n<meta property=\"article:modified_time\" content=\"2026-01-27T09:14:13+00:00\" \/>\n<meta property=\"og:image\" content=\"https:\/\/www.formentera.es\/wp-content\/uploads\/2024\/06\/Mercadillo-segunda-mano.jpg\" \/>\n\t<meta property=\"og:image:width\" content=\"1200\" \/>\n\t<meta property=\"og:image:height\" content=\"800\" \/>\n\t<meta property=\"og:image:type\" content=\"image\/jpeg\" \/>\n<meta name=\"twitter:card\" content=\"summary_large_image\" \/>\n<meta name=\"twitter:site\" content=\"@visitformentera\" \/>\n<meta name=\"twitter:label1\" content=\"Tempo estimado de leitura\" \/>\n\t<meta name=\"twitter:data1\" content=\"1 minuto\" \/>\n<script type=\"application\/ld+json\" class=\"yoast-schema-graph\">{\"@context\":\"https:\/\/schema.org\",\"@graph\":[{\"@type\":\"WebPage\",\"@id\":\"https:\/\/www.formentera.es\/pt\/sant-francesc-second-hand-market\/\",\"url\":\"https:\/\/www.formentera.es\/pt\/sant-francesc-second-hand-market\/\",\"name\":\"Sant Francesc second-hand market | Turismo de Formentera\",\"isPartOf\":{\"@id\":\"https:\/\/www.formentera.es\/#website\"},\"primaryImageOfPage\":{\"@id\":\"https:\/\/www.formentera.es\/pt\/sant-francesc-second-hand-market\/#primaryimage\"},\"image\":{\"@id\":\"https:\/\/www.formentera.es\/pt\/sant-francesc-second-hand-market\/#primaryimage\"},\"thumbnailUrl\":\"https:\/\/www.formentera.es\/wp-content\/uploads\/2024\/06\/Mercadillo-segunda-mano.jpg\",\"datePublished\":\"2024-11-06T11:30:40+00:00\",\"dateModified\":\"2026-01-27T09:14:13+00:00\",\"breadcrumb\":{\"@id\":\"https:\/\/www.formentera.es\/pt\/sant-francesc-second-hand-market\/#breadcrumb\"},\"inLanguage\":\"pt-PT\",\"potentialAction\":[{\"@type\":\"ReadAction\",\"target\":[\"https:\/\/www.formentera.es\/pt\/sant-francesc-second-hand-market\/\"]}]},{\"@type\":\"ImageObject\",\"inLanguage\":\"pt-PT\",\"@id\":\"https:\/\/www.formentera.es\/pt\/sant-francesc-second-hand-market\/#primaryimage\",\"url\":\"https:\/\/www.formentera.es\/wp-content\/uploads\/2024\/06\/Mercadillo-segunda-mano.jpg\",\"contentUrl\":\"https:\/\/www.formentera.es\/wp-content\/uploads\/2024\/06\/Mercadillo-segunda-mano.jpg\",\"width\":1200,\"height\":800},{\"@type\":\"BreadcrumbList\",\"@id\":\"https:\/\/www.formentera.es\/pt\/sant-francesc-second-hand-market\/#breadcrumb\",\"itemListElement\":[{\"@type\":\"ListItem\",\"position\":1,\"name\":\"Portada\",\"item\":\"https:\/\/www.formentera.es\/pt\/\"},{\"@type\":\"ListItem\",\"position\":2,\"name\":\"Sant Francesc second-hand market\"}]},{\"@type\":\"WebSite\",\"@id\":\"https:\/\/www.formentera.es\/#website\",\"url\":\"https:\/\/www.formentera.es\/\",\"name\":\"Turismo de Formentera\",\"description\":\"Web oficial de Turismo de Formentera\",\"potentialAction\":[{\"@type\":\"SearchAction\",\"target\":{\"@type\":\"EntryPoint\",\"urlTemplate\":\"https:\/\/www.formentera.es\/?s={search_term_string}\"},\"query-input\":{\"@type\":\"PropertyValueSpecification\",\"valueRequired\":true,\"valueName\":\"search_term_string\"}}],\"inLanguage\":\"pt-PT\"}]}<\/script>\n<!-- \/ Yoast SEO plugin. -->","yoast_head_json":{"title":"Sant Francesc second-hand market | Turismo de Formentera","robots":{"index":"index","follow":"follow","max-snippet":"max-snippet:-1","max-image-preview":"max-image-preview:large","max-video-preview":"max-video-preview:-1"},"canonical":"https:\/\/www.formentera.es\/pt\/sant-francesc-second-hand-market\/","og_locale":"pt_PT","og_type":"article","og_title":"Sant Francesc second-hand market | Turismo de Formentera","og_description":"[vc_row][vc_column][vc_custom_heading source=&#8221;post_title&#8221; font_container=&#8221;tag:h1|text_align:center|color:%232e3a6e&#8221; use_theme_fonts=&#8221;yes&#8221; css=&#8221;.vc_custom_1730892925358{padding-top: 40px !important;padding-bottom: 40px !important;}&#8221;][\/vc_column][\/vc_row][vc_row][vc_column][vc_single_image image=&#8221;30789&#8243; img_size=&#8221;full&#8221;][vc_column_text css=&#8221;&#8221;]O cora\u00e7\u00e3o da economia [&hellip;]","og_url":"https:\/\/www.formentera.es\/pt\/sant-francesc-second-hand-market\/","og_site_name":"Turismo de Formentera","article_publisher":"https:\/\/www.facebook.com\/turismoformentera\/","article_modified_time":"2026-01-27T09:14:13+00:00","og_image":[{"width":1200,"height":800,"url":"https:\/\/www.formentera.es\/wp-content\/uploads\/2024\/06\/Mercadillo-segunda-mano.jpg","type":"image\/jpeg"}],"twitter_card":"summary_large_image","twitter_site":"@visitformentera","twitter_misc":{"Tempo estimado de leitura":"1 minuto"},"schema":{"@context":"https:\/\/schema.org","@graph":[{"@type":"WebPage","@id":"https:\/\/www.formentera.es\/pt\/sant-francesc-second-hand-market\/","url":"https:\/\/www.formentera.es\/pt\/sant-francesc-second-hand-market\/","name":"Sant Francesc second-hand market | Turismo de Formentera","isPartOf":{"@id":"https:\/\/www.formentera.es\/#website"},"primaryImageOfPage":{"@id":"https:\/\/www.formentera.es\/pt\/sant-francesc-second-hand-market\/#primaryimage"},"image":{"@id":"https:\/\/www.formentera.es\/pt\/sant-francesc-second-hand-market\/#primaryimage"},"thumbnailUrl":"https:\/\/www.formentera.es\/wp-content\/uploads\/2024\/06\/Mercadillo-segunda-mano.jpg","datePublished":"2024-11-06T11:30:40+00:00","dateModified":"2026-01-27T09:14:13+00:00","breadcrumb":{"@id":"https:\/\/www.formentera.es\/pt\/sant-francesc-second-hand-market\/#breadcrumb"},"inLanguage":"pt-PT","potentialAction":[{"@type":"ReadAction","target":["https:\/\/www.formentera.es\/pt\/sant-francesc-second-hand-market\/"]}]},{"@type":"ImageObject","inLanguage":"pt-PT","@id":"https:\/\/www.formentera.es\/pt\/sant-francesc-second-hand-market\/#primaryimage","url":"https:\/\/www.formentera.es\/wp-content\/uploads\/2024\/06\/Mercadillo-segunda-mano.jpg","contentUrl":"https:\/\/www.formentera.es\/wp-content\/uploads\/2024\/06\/Mercadillo-segunda-mano.jpg","width":1200,"height":800},{"@type":"BreadcrumbList","@id":"https:\/\/www.formentera.es\/pt\/sant-francesc-second-hand-market\/#breadcrumb","itemListElement":[{"@type":"ListItem","position":1,"name":"Portada","item":"https:\/\/www.formentera.es\/pt\/"},{"@type":"ListItem","position":2,"name":"Sant Francesc second-hand market"}]},{"@type":"WebSite","@id":"https:\/\/www.formentera.es\/#website","url":"https:\/\/www.formentera.es\/","name":"Turismo de Formentera","description":"Web oficial de Turismo de Formentera","potentialAction":[{"@type":"SearchAction","target":{"@type":"EntryPoint","urlTemplate":"https:\/\/www.formentera.es\/?s={search_term_string}"},"query-input":{"@type":"PropertyValueSpecification","valueRequired":true,"valueName":"search_term_string"}}],"inLanguage":"pt-PT"}]}},"_links":{"self":[{"href":"https:\/\/www.formentera.es\/pt\/wp-json\/wp\/v2\/pages\/37562","targetHints":{"allow":["GET"]}}],"collection":[{"href":"https:\/\/www.formentera.es\/pt\/wp-json\/wp\/v2\/pages"}],"about":[{"href":"https:\/\/www.formentera.es\/pt\/wp-json\/wp\/v2\/types\/page"}],"author":[{"embeddable":true,"href":"https:\/\/www.formentera.es\/pt\/wp-json\/wp\/v2\/users\/1"}],"replies":[{"embeddable":true,"href":"https:\/\/www.formentera.es\/pt\/wp-json\/wp\/v2\/comments?post=37562"}],"version-history":[{"count":2,"href":"https:\/\/www.formentera.es\/pt\/wp-json\/wp\/v2\/pages\/37562\/revisions"}],"predecessor-version":[{"id":47962,"href":"https:\/\/www.formentera.es\/pt\/wp-json\/wp\/v2\/pages\/37562\/revisions\/47962"}],"wp:featuredmedia":[{"embeddable":true,"href":"https:\/\/www.formentera.es\/pt\/wp-json\/wp\/v2\/media\/33220"}],"wp:attachment":[{"href":"https:\/\/www.formentera.es\/pt\/wp-json\/wp\/v2\/media?parent=37562"}],"wp:term":[{"taxonomy":"category","embeddable":true,"href":"https:\/\/www.formentera.es\/pt\/wp-json\/wp\/v2\/categories?post=37562"}],"curies":[{"name":"wp","href":"https:\/\/api.w.org\/{rel}","templated":true}]}}