{"id":33944,"date":"2019-03-21T08:25:05","date_gmt":"2019-03-21T10:25:05","guid":{"rendered":"https:\/\/www.formentera.es\/regulacion-de-entrada-de-coches-a-formentera\/"},"modified":"2024-08-26T10:38:20","modified_gmt":"2024-08-26T08:38:20","slug":"regulamento-de-entrada-de-veiculos-em-formentera","status":"publish","type":"page","link":"https:\/\/www.formentera.es\/pt\/regulamento-de-entrada-de-veiculos-em-formentera\/","title":{"rendered":"Regulamento de entrada de ve\u00edculos em Formentera"},"content":{"rendered":"<div class=\"wpb-content-wrapper\"><p>[vc_row full_width=&#8221;stretch_row_content_no_spaces&#8221; content_placement=&#8221;middle&#8221; css=&#8221;.vc_custom_1553165750025{background-image: url(https:\/\/www.formentera.es\/wp-content\/uploads\/2019\/03\/regulacio-vehicles-shutterstock_107516234.jpg?id=5074) !important;background-position: center !important;background-repeat: no-repeat !important;background-size: cover !important;}&#8221; el_id=&#8221;top_categoria&#8221;][vc_column][vc_column_text]<\/p>\n<h1><b>Regulamento de entrada de ve\u00edculos em Formentera<\/b><\/h1>\n<p>[\/vc_column_text][\/vc_column][\/vc_row][vc_row el_class=&#8221;bgen&#8221;][vc_column width=&#8221;2\/3&#8243;][vc_column_text el_class=&#8221;h1&#8243;]Em 2019, entrou em vigor, pela primeira vez, a proposta de regulamenta\u00e7\u00e3o da entrada, circula\u00e7\u00e3o e estacionamento de ve\u00edculos na ilha durante a \u00e9poca alta. Esta medida pioneira tem como objetivo salvaguardar o ambiente e reduzir a press\u00e3o sobre os quase 40 km de rede rodovi\u00e1ria da ilha. Trata-se de uma medida de interesse geral, destinada a garantir que Formentera continue a ser a ilha tranquila que os visitantes e os residentes esperam encontrar.<\/p>\n<p><a href=\"https:\/\/www.youtube.com\/watch?v=J5-uZuHRvUY\" target=\"_blank\" rel=\"noopener noreferrer\">V\u00eddeo www.formentera.eco<\/a><\/p>\n<p><strong>Quando \u00e9 que ser\u00e1 implementado?<\/strong><br \/>\nA regra ser\u00e1 aplic\u00e1vel de 1 de junho a 30 de setembro.<\/p>\n<p><strong>Quem \u00e9 afetado?<\/strong><br \/>\nEste regulamento afecta os residentes, as empresas de aluguer e os ve\u00edculos de turistas e visitantes.<\/p>\n<p><strong>Taxas, abatimentos e isen\u00e7\u00f5es de taxas<\/strong><br \/>\nOs ve\u00edculos que pagar\u00e3o uma taxa ser\u00e3o apenas os dos visitantes n\u00e3o residentes nas Ilhas Baleares que possuam ve\u00edculos t\u00e9rmicos (gasolina ou gas\u00f3leo), que ter\u00e3o de pagar 6,00 euros\/dia para autom\u00f3veis com um valor m\u00ednimo de 30,00 euros e 3,00 euros\/dia para motociclos (motos e ciclomotores) com um valor m\u00ednimo de 15,00 euros durante os meses de junho e setembro. Para os meses de julho e agosto a tarifa ser\u00e1 de 9,00\u20ac\/dia para autom\u00f3veis com um valor m\u00ednimo de 45,00\u20ac e 4,50\u20ac\/dia para motociclos (motas e ciclomotores) com um valor m\u00ednimo de 22,50\u20ac.<\/p>\n<p>Os ve\u00edculos h\u00edbridos dos visitantes de fora das ilhas ser\u00e3o subvencionados a 50% e os ve\u00edculos el\u00e9ctricos ser\u00e3o subvencionados a 100%. Os residentes nas Ilhas Baleares, os propriet\u00e1rios de uma segunda resid\u00eancia na ilha, os residentes em Ibiza que trabalham em Formentera, os ve\u00edculos de aluguer autorizados, os ve\u00edculos pertencentes a visitantes residentes em Ibiza, Menorca ou Maiorca e os ve\u00edculos hist\u00f3ricos associados a clubes de autom\u00f3veis cl\u00e1ssicos tamb\u00e9m n\u00e3o pagar\u00e3o o imposto.<\/p>\n<p>Tamb\u00e9m est\u00e3o isentos do pagamento as pessoas com mobilidade reduzida, os ve\u00edculos oficiais, os ve\u00edculos de servi\u00e7o p\u00fablico, os ve\u00edculos de transporte de mercadorias e as m\u00e1quinas industriais.<\/p>\n<p><strong>Como proceder?<\/strong><br \/>\nO Consell Insular de Formentera criou o s\u00edtio Web <a href=\"http:\/\/www.formentera.eco\" target=\"_blank\" rel=\"noopener noreferrer\">www.formentera.eco<\/a> em que todos os interessados em circular, nos meses de candidatura, devem fornecer os seus dados para obter autoriza\u00e7\u00e3o de circula\u00e7\u00e3o.<\/p>\n<p><strong>Turistas e visitantes<\/strong><\/p>\n<p>Os visitantes podem fazer uma reserva no s\u00edtio Web <a href=\"http:\/\/www.formentera.eco\" target=\"_blank\" rel=\"noopener noreferrer\">www.formentera.eco<\/a>. A\u00ed, ser-lhe-\u00e3o dadas instru\u00e7\u00f5es sobre como proceder ao pagamento para obter a autoriza\u00e7\u00e3o de condu\u00e7\u00e3o.<\/p>\n<p>Os turistas e visitantes devem aceder ao s\u00edtio Web em <a href=\"http:\/\/www.formentera.eco\">www.formentera.eco<\/a>, onde informar\u00e3o de que dia para que dia pretendem vir a Formentera e indicar\u00e3o o tipo de ve\u00edculo. O sistema inform\u00e1tico verificar\u00e1 se, durante o per\u00edodo solicitado, n\u00e3o est\u00e1 coberto o contingente m\u00e1ximo de ve\u00edculos autorizado na ilha. Nesse caso, o turista deve pagar a taxa correspondente. Receber\u00e1 ent\u00e3o um recibo eletr\u00f3nico que lhe permitir\u00e1 circular.<\/p>\n<p><strong>Residentes<\/strong><br \/>\nOs residentes de Formentera poder\u00e3o solicitar uma autoriza\u00e7\u00e3o \u00fanica atrav\u00e9s de uma plataforma Web para poderem circular durante os meses do regulamento. Os ve\u00edculos autorizados a estacionar na zona azul ser\u00e3o inclu\u00eddos por defeito na lista de ve\u00edculos autorizados a circular.[\/vc_column_text][\/vc_column][vc_column width=&#8221;1\/3&#8243;][vc_wp_custommenu nav_menu=&#8221;20&#8243; title=&#8221;Planifica tu viaje&#8221;][vc_column_text]<div id=\"sidebar_ficha\"><a class=\"sidebar_breadcrumbs\" href=\"https:\/\/www.formentera.es\/pt\/regulamento-de-entrada-de-veiculos-em-formentera\/\"><i class=\"fa fa-angle-left\"><\/i>Voltar a Regulamento de entrada de ve\u00edculos em Formentera<\/a><div class=\"content_sidebar\"><div class=\"bloc_share\"><div class=\"blocs1\"><div class=\"tit_medium\">Compartilhar<\/div><div class=\"redes_ficha\"><div class=\"fa fa-brands fa-x-twitter st-custom-button\" data-network=\"twitter\"><\/div><div class=\"fa fa-facebook st-custom-button\" data-network=\"facebook\"><\/div><div class=\"fa fa-pinterest-p st-custom-button\" data-network=\"pinterest\"><\/div><\/div><\/div><div class=\"blocs2\"><div class=\"tit_medium\">Enviar para um amigo<\/div><div class=\"redes_ficha\"><div class=\"fa fa-envelope st-custom-button\" data-network=\"email\"><\/div><div class=\"fa fa-whatsapp st-custom-button\" data-network=\"whatsapp\"><\/div><\/div><\/div><\/div><\/div><\/div>[\/vc_column_text][\/vc_column][\/vc_row][vc_row][vc_column][vc_column_text]<div id=\"siguexpl\" class=\"container sc\"><h2>Continue explorando<\/h2><div class=\"row\"><a href=\"https:\/\/www.formentera.es\/pt\/a-ilha\/\" class=\"col-md-4\">\n\t\t\t\t\t\t<div class=\"row\">\n\t\t\t\t\t\t\t<div class=\"col-sm-4\" style=\"background-image: url(https:\/\/www.formentera.es\/wp-content\/uploads\/2019\/01\/AdobeStock_68411178-300x179.jpg)\"><\/div>\n\t\t\t\t\t\t\t<div class=\"col-sm-8\">\n\t\t\t\t\t\t\t\tA ilha\n\t\t\t\t\t\t\t\t<i class=\"fa fa-angle-right\"><\/i>\n\t\t\t\t\t\t\t<\/div>\n\t\t\t\t\t\t\t<div class=\"bhover\"><\/div>\n\t\t\t\t\t\t<\/div>\n\t\t\t\t\t\t\n\t\t\t\t\t<\/a><a href=\"https:\/\/www.formentera.es\/pt\/explorar\/locais-de-interesse\/\" class=\"col-md-4\">\n\t\t\t\t\t\t<div class=\"row\">\n\t\t\t\t\t\t\t<div class=\"col-sm-4\" style=\"background-image: url(https:\/\/www.formentera.es\/wp-content\/uploads\/2018\/12\/audio_16-mp3-image-300x297.png)\"><\/div>\n\t\t\t\t\t\t\t<div class=\"col-sm-8\">\n\t\t\t\t\t\t\t\tLocais de interesse\n\t\t\t\t\t\t\t\t<i class=\"fa fa-angle-right\"><\/i>\n\t\t\t\t\t\t\t<\/div>\n\t\t\t\t\t\t\t<div class=\"bhover\"><\/div>\n\t\t\t\t\t\t<\/div>\n\t\t\t\t\t\t\n\t\t\t\t\t<\/a><a href=\"https:\/\/www.formentera.es\/pt\/explorar\/praias\/\" class=\"col-md-4\">\n\t\t\t\t\t\t<div class=\"row\">\n\t\t\t\t\t\t\t<div class=\"col-sm-4\" style=\"background-image: url(https:\/\/www.formentera.es\/wp-content\/uploads\/2025\/07\/illetas2025-300x225.webp)\"><\/div>\n\t\t\t\t\t\t\t<div class=\"col-sm-8\">\n\t\t\t\t\t\t\t\tPraias\n\t\t\t\t\t\t\t\t<i class=\"fa fa-angle-right\"><\/i>\n\t\t\t\t\t\t\t<\/div>\n\t\t\t\t\t\t\t<div class=\"bhover\"><\/div>\n\t\t\t\t\t\t<\/div>\n\t\t\t\t\t\t\n\t\t\t\t\t<\/a><\/div><\/div>[\/vc_column_text][\/vc_column][\/vc_row]<\/p>\n<\/div>","protected":false},"excerpt":{"rendered":"<p>[vc_row full_width=&#8221;stretch_row_content_no_spaces&#8221; content_placement=&#8221;middle&#8221; css=&#8221;.vc_custom_1553165750025{background-image: url(https:\/\/www.formentera.es\/wp-content\/uploads\/2019\/03\/regulacio-vehicles-shutterstock_107516234.jpg?id=5074) !important;background-position: center !important;background-repeat: no-repeat !important;background-size: cover !important;}&#8221; el_id=&#8221;top_categoria&#8221;][vc_column][vc_column_text] Regulamento de [&hellip;]<\/p>\n","protected":false},"author":1,"featured_media":0,"parent":0,"menu_order":0,"comment_status":"closed","ping_status":"closed","template":"page-gen.php","meta":{"_acf_changed":false,"footnotes":""},"categories":[],"class_list":["post-33944","page","type-page","status-publish","hentry"],"acf":[],"yoast_head":"<!-- This site is optimized with the Yoast SEO plugin v25.5 - https:\/\/yoast.com\/wordpress\/plugins\/seo\/ -->\n<title>Regulamento de entrada de ve\u00edculos em Formentera | Turismo de Formentera<\/title>\n<meta name=\"robots\" content=\"index, follow, max-snippet:-1, max-image-preview:large, max-video-preview:-1\" \/>\n<link rel=\"canonical\" href=\"https:\/\/www.formentera.es\/regulacion-de-entrada-de-coches-a-formentera\/\" \/>\n<meta property=\"og:locale\" content=\"pt_PT\" \/>\n<meta property=\"og:type\" content=\"article\" \/>\n<meta property=\"og:title\" content=\"Regulamento de entrada de ve\u00edculos em Formentera | Turismo de Formentera\" \/>\n<meta property=\"og:description\" content=\"[vc_row full_width=&#8221;stretch_row_content_no_spaces&#8221; content_placement=&#8221;middle&#8221; css=&#8221;.vc_custom_1553165750025{background-image: url(https:\/\/www.formentera.es\/wp-content\/uploads\/2019\/03\/regulacio-vehicles-shutterstock_107516234.jpg?id=5074) !important;background-position: center !important;background-repeat: no-repeat !important;background-size: cover !important;}&#8221; el_id=&#8221;top_categoria&#8221;][vc_column][vc_column_text] Regulamento de [&hellip;]\" \/>\n<meta property=\"og:url\" content=\"https:\/\/www.formentera.es\/regulacion-de-entrada-de-coches-a-formentera\/\" \/>\n<meta property=\"og:site_name\" content=\"Turismo de Formentera\" \/>\n<meta property=\"article:publisher\" content=\"https:\/\/www.facebook.com\/turismoformentera\/\" \/>\n<meta property=\"article:modified_time\" content=\"2024-08-26T08:38:20+00:00\" \/>\n<meta name=\"twitter:card\" content=\"summary_large_image\" \/>\n<meta name=\"twitter:site\" content=\"@visitformentera\" \/>\n<meta name=\"twitter:label1\" content=\"Tempo estimado de leitura\" \/>\n\t<meta name=\"twitter:data1\" content=\"3 minutos\" \/>\n<script type=\"application\/ld+json\" class=\"yoast-schema-graph\">{\"@context\":\"https:\/\/schema.org\",\"@graph\":[{\"@type\":\"WebPage\",\"@id\":\"https:\/\/www.formentera.es\/regulacion-de-entrada-de-coches-a-formentera\/\",\"url\":\"https:\/\/www.formentera.es\/regulacion-de-entrada-de-coches-a-formentera\/\",\"name\":\"Regulamento de entrada de ve\u00edculos em Formentera | Turismo de Formentera\",\"isPartOf\":{\"@id\":\"https:\/\/www.formentera.es\/#website\"},\"datePublished\":\"2019-03-21T10:25:05+00:00\",\"dateModified\":\"2024-08-26T08:38:20+00:00\",\"breadcrumb\":{\"@id\":\"https:\/\/www.formentera.es\/regulacion-de-entrada-de-coches-a-formentera\/#breadcrumb\"},\"inLanguage\":\"pt-PT\",\"potentialAction\":[{\"@type\":\"ReadAction\",\"target\":[\"https:\/\/www.formentera.es\/regulacion-de-entrada-de-coches-a-formentera\/\"]}]},{\"@type\":\"BreadcrumbList\",\"@id\":\"https:\/\/www.formentera.es\/regulacion-de-entrada-de-coches-a-formentera\/#breadcrumb\",\"itemListElement\":[{\"@type\":\"ListItem\",\"position\":1,\"name\":\"Portada\",\"item\":\"https:\/\/www.formentera.es\/pt\/\"},{\"@type\":\"ListItem\",\"position\":2,\"name\":\"Regulamento de entrada de ve\u00edculos em Formentera\"}]},{\"@type\":\"WebSite\",\"@id\":\"https:\/\/www.formentera.es\/#website\",\"url\":\"https:\/\/www.formentera.es\/\",\"name\":\"Turismo de Formentera\",\"description\":\"Web oficial de Turismo de Formentera\",\"potentialAction\":[{\"@type\":\"SearchAction\",\"target\":{\"@type\":\"EntryPoint\",\"urlTemplate\":\"https:\/\/www.formentera.es\/?s={search_term_string}\"},\"query-input\":{\"@type\":\"PropertyValueSpecification\",\"valueRequired\":true,\"valueName\":\"search_term_string\"}}],\"inLanguage\":\"pt-PT\"}]}<\/script>\n<!-- \/ Yoast SEO plugin. -->","yoast_head_json":{"title":"Regulamento de entrada de ve\u00edculos em Formentera | Turismo de Formentera","robots":{"index":"index","follow":"follow","max-snippet":"max-snippet:-1","max-image-preview":"max-image-preview:large","max-video-preview":"max-video-preview:-1"},"canonical":"https:\/\/www.formentera.es\/regulacion-de-entrada-de-coches-a-formentera\/","og_locale":"pt_PT","og_type":"article","og_title":"Regulamento de entrada de ve\u00edculos em Formentera | Turismo de Formentera","og_description":"[vc_row full_width=&#8221;stretch_row_content_no_spaces&#8221; content_placement=&#8221;middle&#8221; css=&#8221;.vc_custom_1553165750025{background-image: url(https:\/\/www.formentera.es\/wp-content\/uploads\/2019\/03\/regulacio-vehicles-shutterstock_107516234.jpg?id=5074) !important;background-position: center !important;background-repeat: no-repeat !important;background-size: cover !important;}&#8221; el_id=&#8221;top_categoria&#8221;][vc_column][vc_column_text] Regulamento de [&hellip;]","og_url":"https:\/\/www.formentera.es\/regulacion-de-entrada-de-coches-a-formentera\/","og_site_name":"Turismo de Formentera","article_publisher":"https:\/\/www.facebook.com\/turismoformentera\/","article_modified_time":"2024-08-26T08:38:20+00:00","twitter_card":"summary_large_image","twitter_site":"@visitformentera","twitter_misc":{"Tempo estimado de leitura":"3 minutos"},"schema":{"@context":"https:\/\/schema.org","@graph":[{"@type":"WebPage","@id":"https:\/\/www.formentera.es\/regulacion-de-entrada-de-coches-a-formentera\/","url":"https:\/\/www.formentera.es\/regulacion-de-entrada-de-coches-a-formentera\/","name":"Regulamento de entrada de ve\u00edculos em Formentera | Turismo de Formentera","isPartOf":{"@id":"https:\/\/www.formentera.es\/#website"},"datePublished":"2019-03-21T10:25:05+00:00","dateModified":"2024-08-26T08:38:20+00:00","breadcrumb":{"@id":"https:\/\/www.formentera.es\/regulacion-de-entrada-de-coches-a-formentera\/#breadcrumb"},"inLanguage":"pt-PT","potentialAction":[{"@type":"ReadAction","target":["https:\/\/www.formentera.es\/regulacion-de-entrada-de-coches-a-formentera\/"]}]},{"@type":"BreadcrumbList","@id":"https:\/\/www.formentera.es\/regulacion-de-entrada-de-coches-a-formentera\/#breadcrumb","itemListElement":[{"@type":"ListItem","position":1,"name":"Portada","item":"https:\/\/www.formentera.es\/pt\/"},{"@type":"ListItem","position":2,"name":"Regulamento de entrada de ve\u00edculos em Formentera"}]},{"@type":"WebSite","@id":"https:\/\/www.formentera.es\/#website","url":"https:\/\/www.formentera.es\/","name":"Turismo de Formentera","description":"Web oficial de Turismo de Formentera","potentialAction":[{"@type":"SearchAction","target":{"@type":"EntryPoint","urlTemplate":"https:\/\/www.formentera.es\/?s={search_term_string}"},"query-input":{"@type":"PropertyValueSpecification","valueRequired":true,"valueName":"search_term_string"}}],"inLanguage":"pt-PT"}]}},"_links":{"self":[{"href":"https:\/\/www.formentera.es\/pt\/wp-json\/wp\/v2\/pages\/33944","targetHints":{"allow":["GET"]}}],"collection":[{"href":"https:\/\/www.formentera.es\/pt\/wp-json\/wp\/v2\/pages"}],"about":[{"href":"https:\/\/www.formentera.es\/pt\/wp-json\/wp\/v2\/types\/page"}],"author":[{"embeddable":true,"href":"https:\/\/www.formentera.es\/pt\/wp-json\/wp\/v2\/users\/1"}],"replies":[{"embeddable":true,"href":"https:\/\/www.formentera.es\/pt\/wp-json\/wp\/v2\/comments?post=33944"}],"version-history":[{"count":0,"href":"https:\/\/www.formentera.es\/pt\/wp-json\/wp\/v2\/pages\/33944\/revisions"}],"wp:attachment":[{"href":"https:\/\/www.formentera.es\/pt\/wp-json\/wp\/v2\/media?parent=33944"}],"wp:term":[{"taxonomy":"category","embeddable":true,"href":"https:\/\/www.formentera.es\/pt\/wp-json\/wp\/v2\/categories?post=33944"}],"curies":[{"name":"wp","href":"https:\/\/api.w.org\/{rel}","templated":true}]}}