{"id":32496,"date":"2018-12-12T07:42:29","date_gmt":"2018-12-12T09:42:29","guid":{"rendered":"https:\/\/www.formentera.es\/como-moverse\/"},"modified":"2024-09-26T12:05:35","modified_gmt":"2024-09-26T10:05:35","slug":"como-se-deslocar","status":"publish","type":"page","link":"https:\/\/www.formentera.es\/pt\/planifica\/como-se-deslocar\/","title":{"rendered":"Como se deslocar?"},"content":{"rendered":"<div class=\"wpb-content-wrapper\"><p>[vc_row full_width=&#8221;stretch_row_content_no_spaces&#8221; content_placement=&#8221;middle&#8221; css=&#8221;.vc_custom_1549362738562{background-image: url(https:\/\/www.formentera.es\/wp-content\/uploads\/2019\/01\/Formentera_Barbaria_Moto.jpg?id=2037) !important;background-position: center !important;background-repeat: no-repeat !important;background-size: cover !important;}&#8221; el_id=&#8221;top_categoria&#8221; el_class=&#8221;planifica&#8221;][vc_column][vc_column_text]<\/p>\n<h1>Como se deslocar?<\/h1>\n<p>[\/vc_column_text][\/vc_column][\/vc_row][vc_row el_class=&#8221;bgen&#8221;][vc_column width=&#8221;2\/3&#8243;][vc_column_text]No site oficial de turismo de Formentera apostamos num transporte sustent\u00e1vel, n\u00e3o poluente e amigo do ambiente.<strong> Recomendamos especialmente a utiliza\u00e7\u00e3o de bicicleta para percorrer a ilha, que na maior parte da sua superf\u00edcie \u00e9 acess\u00edvel e plana, e a utiliza\u00e7\u00e3o de autocarros p\u00fablicos para viagens mais longas ou cansativas, como a subida a Mola<\/strong>. A pedalar poder\u00e1 conhecer a Formentera mais genu\u00edna, aquela que n\u00e3o se percebe da estrada e apreci\u00e1-la de outro \u00e2ngulo e a outro ritmo.<\/p>\n<p><strong>Metrominut Formentera, melhor de bicicleta<\/strong><br \/>\nCom o objetivo de promover a mobilidade em bicicleta, o Consell Insular de Formentera publicou <a href=\"https:\/\/www.formentera.es\/wp-content\/uploads\/2021\/07\/plano-metrominut.pdf\" target=\"_blank\" rel=\"noopener noreferrer\">este mapa<\/a> que mostra oito rotas para bicicletas, perto do porto de Sabina, indicando a dist\u00e2ncia e o tempo que normalmente demora a percorr\u00ea-las..<\/p>\n<p><strong>AUTOCARROS P\u00daBLICOS<\/strong><\/p>\n<p>Formentera disp\u00f5e de linhas regulares de autocarros durante todo o ano, sendo refor\u00e7adas nos meses de ver\u00e3o. Existe tamb\u00e9m um minibus adaptado para pessoas com necessidades especiais de mobilidade. \u00a0 Hor\u00e1rios e informa\u00e7\u00f5es: Autocares Paya: (+34) 971323181 | <a href=\"http:\/\/busformentera.com\/\" target=\"_blank\" rel=\"noopener noreferrer\">www.busformentera.com<\/a><\/p>\n<p><strong>TAXIS<\/strong><\/p>\n<p>Tambi\u00e9n existe servicio de taxi con paradas en el puerto de la Savina y en todos los n\u00facleos urbanos, uno de los taxis est\u00e1 adaptado para minusv\u00e1lidos. Existe tambi\u00e9n servicio de taxi n\u00e1utico privado, para desplazamientos en barco entre Ibiza y Formentera<\/p>\n<p>Es Pujols: +34 971 32 80 16 | Puerto de la Savina: +34 971 32 20 02 | San Francisco: +34 971 32 20 16 | Radio Taxi: +34 971 32 23 42<\/p>\n<p><strong>VE\u00cdCULOS EL\u00c9TRICOS<\/strong><\/p>\n<p>Atualmente existem tr\u00eas empresas com ve\u00edculos el\u00e9tricos na ilha de Formentera..<\/p>\n<ul>\n<li>EUROPCAR. Dispone en su oficina de Puerto de la Savina de veh\u00edculos de alquiler 100% el\u00e9ctricos, un compacto autom\u00e1tico con cero emisiones contaminantes. Tel\u00e9fono: <a href=\"+34971322031\" target=\"_blank\" rel=\"noopener noreferrer\">971322031<\/a> | <a href=\"http:\/\/www.europcar.es\/\" target=\"_blank\" rel=\"noopener noreferrer\">www.europcar.es<\/a><\/li>\n<li>COOLTRA. Empresa ubicada en el puerto de la Savina con mitad de su flota motos que es el\u00e9ctrica. Calle Almadrava 6 \u00a007860 La Savina, <a href=\"http:\/\/www.cooltra.com\" target=\"_blank\" rel=\"noopener noreferrer\">www.cooltra.com\/es<\/a><\/li>\n<li>ESFORMENTERA.COM. Empresa local ubicada en primera l\u00ednea del Puerto de La Savina. Gama de coches el\u00e9ctricos sin emisi\u00f3n de gases contaminantes. Tel\u00e9fono: <a href=\"tel:+34971800229\" target=\"_blank\" rel=\"noopener noreferrer\">971 800 229<\/a> | <a href=\"https:\/\/www.esformentera.com\/coches-electricos\/\" target=\"_blank\" rel=\"noopener noreferrer\">www.esformentera.com<\/a><\/li>\n<li>FORMOTOR. Empresa local de alquiler de veh\u00edculos. disponen de hasta 6 oficinas y un taller repartidos por toda la isla de Formentera. C\/Almadrava, n\u00ba11 &#8211; 13, La Savina. Tel\u00e9fono: +34 971 32 29 29 <a href=\"https:\/\/formotor.com\/\">www.formotor.com<\/a><\/li>\n<\/ul>\n<p>Mapa dos pontos de carregamento <a href=\"https:\/\/www.formentera.es\/wp-content\/uploads\/2019\/01\/mapa_electric_thumb.jpg\" target=\"_blank\" rel=\"noopener noreferrer\">aqu\u00ed<\/a>.<\/p>\n<p><strong>TRANSPORTE DISCRICION\u00c1RIO DE PASSAGEIROS<\/strong><\/p>\n<ul>\n<li>Pit\u00fcsa Sud: (+34) 971 32 90 33 \u00b7 <a href=\"http:\/\/www.autocarespitiusasud.com\/\" target=\"_blank\" rel=\"noopener noreferrer\">www.autocarespitiusasud.com<\/a><\/li>\n<li>Formentera Solbus: (+34) 971 32 31 81\u00b7 autocarespaya.com<\/li>\n<\/ul>\n<p><strong>ALUGUER DE VE\u00cdCULOS<\/strong><\/p>\n<p>Poder\u00e1 encontrar diversos tipos de ve\u00edculos em estabelecimentos da ilha, muitos deles localizados junto ao porto. Consulte uma lista <a href=\"http:\/\/www.formentera.es\/catalegs\/coches.jpg#overlay-context=es\/node\/237\">aqui<\/a>.<\/p>\n<p><strong>TAXIS N\u00c1UTICOS<\/strong><\/p>\n<ul>\n<li>Barco Salao: (+34) 609 84 71 16 | <a href=\"http:\/\/www.formenterawatertaxi.es\/\" target=\"_blank\" rel=\"noopener noreferrer\">www.formenterawatertaxi.es<\/a><\/li>\n<\/ul>\n<p><strong>ACESSO AO PARQUE NATURAL DE SES SALINES DE FORMENTERA<\/strong><\/p>\n<p>Neste <a href=\"https:\/\/www.formentera.es\/wp-content\/uploads\/2024\/09\/Acces_Parc-Natural-de-ses-Salines.pdf\">link<\/a>, pode encontrar todas as informa\u00e7\u00f5es sobre as taxas de entrada e acesso dos diferentes ve\u00edculos \u00e0s praias do Parque Natural de Ses Salines.[\/vc_column_text][vc_single_image image=&#8221;19817&#8243; img_size=&#8221;full&#8221;][vc_column_text]<strong>Regulamentos de circula\u00e7\u00e3o de ve\u00edculos de 1 de junho a 30 de setembro (ambos inclusive)<br \/>\n\/strong&gt;<\/strong><\/p>\n<p>Em aplica\u00e7\u00e3o da Lei para a sustentabilidade ambiental e econ\u00f3mica da ilha de Formentera, \u00e9 regulamentada a entrada na ilha, a circula\u00e7\u00e3o e o estacionamento nas vias p\u00fablicas de todos os tipos de ve\u00edculos a motor.<\/p>\n<p>Os visitantes que venham com o <strong>seu pr\u00f3prio ve\u00edculo<\/strong> podem fazer a sua inscri\u00e7\u00e3o no s\u00edtio Web <a href=\"http:\/\/www.formentera.eco\/es\/\" target=\"_blank\" rel=\"noopener noreferrer\" data-saferedirecturl=\"https:\/\/www.google.com\/url?q=http:\/\/www.formentera.eco&amp;source=gmail&amp;ust=1686643715955000&amp;usg=AOvVaw1MKrldfWY5aCH6e6wfWQfG\">www.formentera.eco<\/a>.[\/vc_column_text][\/vc_column][vc_column width=&#8221;1\/3&#8243;][vc_wp_custommenu title=&#8221;Planifica tu viaje&#8221; nav_menu=&#8221;20&#8243;][vc_column_text]<div id=\"sidebar_ficha\"><a class=\"sidebar_breadcrumbs\" href=\"https:\/\/www.formentera.es\/pt\/planifica\/\"><i class=\"fa fa-angle-left\"><\/i>Voltar a Planifica<\/a><div class=\"content_sidebar\"><div class=\"bloc_share\"><div class=\"blocs1\"><div class=\"tit_medium\">Compartilhar<\/div><div class=\"redes_ficha\"><div class=\"fa fa-brands fa-x-twitter st-custom-button\" data-network=\"twitter\"><\/div><div class=\"fa fa-facebook st-custom-button\" data-network=\"facebook\"><\/div><div class=\"fa fa-pinterest-p st-custom-button\" data-network=\"pinterest\"><\/div><\/div><\/div><div class=\"blocs2\"><div class=\"tit_medium\">Enviar para um amigo<\/div><div class=\"redes_ficha\"><div class=\"fa fa-envelope st-custom-button\" data-network=\"email\"><\/div><div class=\"fa fa-whatsapp st-custom-button\" data-network=\"whatsapp\"><\/div><\/div><\/div><\/div><\/div><\/div>[\/vc_column_text][\/vc_column][\/vc_row][vc_row][vc_column][vc_column_text]<div id=\"siguexpl\" class=\"container sc\"><h2>Continue explorando<\/h2><div class=\"row\"><a href=\"https:\/\/www.formentera.es\/pt\/explorar\/atividades\/\" class=\"col-md-4\">\n\t\t\t\t\t\t<div class=\"row\">\n\t\t\t\t\t\t\t<div class=\"col-sm-4\" style=\"background-image: url(https:\/\/www.formentera.es\/wp-content\/uploads\/2018\/11\/ESCUELA-MUNICIPAL-DE-VELA-4NOMADAS-jjfoto\u0300graf-16-300x207.jpg)\"><\/div>\n\t\t\t\t\t\t\t<div class=\"col-sm-8\">\n\t\t\t\t\t\t\t\tAtividades\n\t\t\t\t\t\t\t\t<i class=\"fa fa-angle-right\"><\/i>\n\t\t\t\t\t\t\t<\/div>\n\t\t\t\t\t\t\t<div class=\"bhover\"><\/div>\n\t\t\t\t\t\t<\/div>\n\t\t\t\t\t\t\n\t\t\t\t\t<\/a><a href=\"https:\/\/www.formentera.es\/pt\/explorar\/locais-de-interesse\/\" class=\"col-md-4\">\n\t\t\t\t\t\t<div class=\"row\">\n\t\t\t\t\t\t\t<div class=\"col-sm-4\" style=\"background-image: url(https:\/\/www.formentera.es\/wp-content\/uploads\/2018\/12\/audio_16-mp3-image-300x297.png)\"><\/div>\n\t\t\t\t\t\t\t<div class=\"col-sm-8\">\n\t\t\t\t\t\t\t\tLocais de interesse\n\t\t\t\t\t\t\t\t<i class=\"fa fa-angle-right\"><\/i>\n\t\t\t\t\t\t\t<\/div>\n\t\t\t\t\t\t\t<div class=\"bhover\"><\/div>\n\t\t\t\t\t\t<\/div>\n\t\t\t\t\t\t\n\t\t\t\t\t<\/a><a href=\"https:\/\/www.formentera.es\/pt\/a-ilha\/\" class=\"col-md-4\">\n\t\t\t\t\t\t<div class=\"row\">\n\t\t\t\t\t\t\t<div class=\"col-sm-4\" style=\"background-image: url(https:\/\/www.formentera.es\/wp-content\/uploads\/2019\/01\/AdobeStock_68411178-300x179.jpg)\"><\/div>\n\t\t\t\t\t\t\t<div class=\"col-sm-8\">\n\t\t\t\t\t\t\t\tA ilha\n\t\t\t\t\t\t\t\t<i class=\"fa fa-angle-right\"><\/i>\n\t\t\t\t\t\t\t<\/div>\n\t\t\t\t\t\t\t<div class=\"bhover\"><\/div>\n\t\t\t\t\t\t<\/div>\n\t\t\t\t\t\t\n\t\t\t\t\t<\/a><\/div><\/div>[\/vc_column_text][\/vc_column][\/vc_row]<\/p>\n<\/div>","protected":false},"excerpt":{"rendered":"<p>[vc_row full_width=&#8221;stretch_row_content_no_spaces&#8221; content_placement=&#8221;middle&#8221; css=&#8221;.vc_custom_1549362738562{background-image: url(https:\/\/www.formentera.es\/wp-content\/uploads\/2019\/01\/Formentera_Barbaria_Moto.jpg?id=2037) !important;background-position: center !important;background-repeat: no-repeat !important;background-size: cover !important;}&#8221; el_id=&#8221;top_categoria&#8221; el_class=&#8221;planifica&#8221;][vc_column][vc_column_text] Como [&hellip;]<\/p>\n","protected":false},"author":1,"featured_media":0,"parent":32624,"menu_order":0,"comment_status":"closed","ping_status":"closed","template":"page-gen.php","meta":{"_acf_changed":false,"footnotes":""},"categories":[],"class_list":["post-32496","page","type-page","status-publish","hentry"],"acf":[],"yoast_head":"<!-- This site is optimized with the Yoast SEO plugin v25.5 - https:\/\/yoast.com\/wordpress\/plugins\/seo\/ -->\n<title>\u00bfC\u00f3mo moverse en Formentera? | Turismo de Formentera<\/title>\n<meta name=\"description\" content=\"Desde la web oficial de turismo de Formentera apostamos por un transporte sostenible, no contaminante y respetuoso con el medio ambiente.\" \/>\n<meta name=\"robots\" content=\"index, follow, max-snippet:-1, max-image-preview:large, max-video-preview:-1\" \/>\n<link rel=\"canonical\" href=\"https:\/\/www.formentera.es\/pt\/planifica\/como-se-deslocar\/\" \/>\n<meta property=\"og:locale\" content=\"pt_PT\" \/>\n<meta property=\"og:type\" content=\"article\" \/>\n<meta property=\"og:title\" content=\"\u00bfC\u00f3mo moverse en Formentera? | Turismo de Formentera\" \/>\n<meta property=\"og:description\" content=\"Desde la web oficial de turismo de Formentera apostamos por un transporte sostenible, no contaminante y respetuoso con el medio ambiente.\" \/>\n<meta property=\"og:url\" content=\"https:\/\/www.formentera.es\/pt\/planifica\/como-se-deslocar\/\" \/>\n<meta property=\"og:site_name\" content=\"Turismo de Formentera\" \/>\n<meta property=\"article:publisher\" content=\"https:\/\/www.facebook.com\/turismoformentera\/\" \/>\n<meta property=\"article:modified_time\" content=\"2024-09-26T10:05:35+00:00\" \/>\n<meta name=\"twitter:card\" content=\"summary_large_image\" \/>\n<meta name=\"twitter:site\" content=\"@visitformentera\" \/>\n<meta name=\"twitter:label1\" content=\"Tempo estimado de leitura\" \/>\n\t<meta name=\"twitter:data1\" content=\"3 minutos\" \/>\n<script type=\"application\/ld+json\" class=\"yoast-schema-graph\">{\"@context\":\"https:\/\/schema.org\",\"@graph\":[{\"@type\":\"WebPage\",\"@id\":\"https:\/\/www.formentera.es\/pt\/planifica\/como-se-deslocar\/\",\"url\":\"https:\/\/www.formentera.es\/pt\/planifica\/como-se-deslocar\/\",\"name\":\"\u00bfC\u00f3mo moverse en Formentera? | Turismo de Formentera\",\"isPartOf\":{\"@id\":\"https:\/\/www.formentera.es\/#website\"},\"datePublished\":\"2018-12-12T09:42:29+00:00\",\"dateModified\":\"2024-09-26T10:05:35+00:00\",\"description\":\"Desde la web oficial de turismo de Formentera apostamos por un transporte sostenible, no contaminante y respetuoso con el medio ambiente.\",\"breadcrumb\":{\"@id\":\"https:\/\/www.formentera.es\/pt\/planifica\/como-se-deslocar\/#breadcrumb\"},\"inLanguage\":\"pt-PT\",\"potentialAction\":[{\"@type\":\"ReadAction\",\"target\":[\"https:\/\/www.formentera.es\/pt\/planifica\/como-se-deslocar\/\"]}]},{\"@type\":\"BreadcrumbList\",\"@id\":\"https:\/\/www.formentera.es\/pt\/planifica\/como-se-deslocar\/#breadcrumb\",\"itemListElement\":[{\"@type\":\"ListItem\",\"position\":1,\"name\":\"Portada\",\"item\":\"https:\/\/www.formentera.es\/pt\/\"},{\"@type\":\"ListItem\",\"position\":2,\"name\":\"Planifica\",\"item\":\"https:\/\/www.formentera.es\/pt\/planifica\/\"},{\"@type\":\"ListItem\",\"position\":3,\"name\":\"Como se deslocar?\"}]},{\"@type\":\"WebSite\",\"@id\":\"https:\/\/www.formentera.es\/#website\",\"url\":\"https:\/\/www.formentera.es\/\",\"name\":\"Turismo de Formentera\",\"description\":\"Web oficial de Turismo de Formentera\",\"potentialAction\":[{\"@type\":\"SearchAction\",\"target\":{\"@type\":\"EntryPoint\",\"urlTemplate\":\"https:\/\/www.formentera.es\/?s={search_term_string}\"},\"query-input\":{\"@type\":\"PropertyValueSpecification\",\"valueRequired\":true,\"valueName\":\"search_term_string\"}}],\"inLanguage\":\"pt-PT\"}]}<\/script>\n<!-- \/ Yoast SEO plugin. -->","yoast_head_json":{"title":"\u00bfC\u00f3mo moverse en Formentera? | Turismo de Formentera","description":"Desde la web oficial de turismo de Formentera apostamos por un transporte sostenible, no contaminante y respetuoso con el medio ambiente.","robots":{"index":"index","follow":"follow","max-snippet":"max-snippet:-1","max-image-preview":"max-image-preview:large","max-video-preview":"max-video-preview:-1"},"canonical":"https:\/\/www.formentera.es\/pt\/planifica\/como-se-deslocar\/","og_locale":"pt_PT","og_type":"article","og_title":"\u00bfC\u00f3mo moverse en Formentera? | Turismo de Formentera","og_description":"Desde la web oficial de turismo de Formentera apostamos por un transporte sostenible, no contaminante y respetuoso con el medio ambiente.","og_url":"https:\/\/www.formentera.es\/pt\/planifica\/como-se-deslocar\/","og_site_name":"Turismo de Formentera","article_publisher":"https:\/\/www.facebook.com\/turismoformentera\/","article_modified_time":"2024-09-26T10:05:35+00:00","twitter_card":"summary_large_image","twitter_site":"@visitformentera","twitter_misc":{"Tempo estimado de leitura":"3 minutos"},"schema":{"@context":"https:\/\/schema.org","@graph":[{"@type":"WebPage","@id":"https:\/\/www.formentera.es\/pt\/planifica\/como-se-deslocar\/","url":"https:\/\/www.formentera.es\/pt\/planifica\/como-se-deslocar\/","name":"\u00bfC\u00f3mo moverse en Formentera? | Turismo de Formentera","isPartOf":{"@id":"https:\/\/www.formentera.es\/#website"},"datePublished":"2018-12-12T09:42:29+00:00","dateModified":"2024-09-26T10:05:35+00:00","description":"Desde la web oficial de turismo de Formentera apostamos por un transporte sostenible, no contaminante y respetuoso con el medio ambiente.","breadcrumb":{"@id":"https:\/\/www.formentera.es\/pt\/planifica\/como-se-deslocar\/#breadcrumb"},"inLanguage":"pt-PT","potentialAction":[{"@type":"ReadAction","target":["https:\/\/www.formentera.es\/pt\/planifica\/como-se-deslocar\/"]}]},{"@type":"BreadcrumbList","@id":"https:\/\/www.formentera.es\/pt\/planifica\/como-se-deslocar\/#breadcrumb","itemListElement":[{"@type":"ListItem","position":1,"name":"Portada","item":"https:\/\/www.formentera.es\/pt\/"},{"@type":"ListItem","position":2,"name":"Planifica","item":"https:\/\/www.formentera.es\/pt\/planifica\/"},{"@type":"ListItem","position":3,"name":"Como se deslocar?"}]},{"@type":"WebSite","@id":"https:\/\/www.formentera.es\/#website","url":"https:\/\/www.formentera.es\/","name":"Turismo de Formentera","description":"Web oficial de Turismo de Formentera","potentialAction":[{"@type":"SearchAction","target":{"@type":"EntryPoint","urlTemplate":"https:\/\/www.formentera.es\/?s={search_term_string}"},"query-input":{"@type":"PropertyValueSpecification","valueRequired":true,"valueName":"search_term_string"}}],"inLanguage":"pt-PT"}]}},"_links":{"self":[{"href":"https:\/\/www.formentera.es\/pt\/wp-json\/wp\/v2\/pages\/32496","targetHints":{"allow":["GET"]}}],"collection":[{"href":"https:\/\/www.formentera.es\/pt\/wp-json\/wp\/v2\/pages"}],"about":[{"href":"https:\/\/www.formentera.es\/pt\/wp-json\/wp\/v2\/types\/page"}],"author":[{"embeddable":true,"href":"https:\/\/www.formentera.es\/pt\/wp-json\/wp\/v2\/users\/1"}],"replies":[{"embeddable":true,"href":"https:\/\/www.formentera.es\/pt\/wp-json\/wp\/v2\/comments?post=32496"}],"version-history":[{"count":0,"href":"https:\/\/www.formentera.es\/pt\/wp-json\/wp\/v2\/pages\/32496\/revisions"}],"up":[{"embeddable":true,"href":"https:\/\/www.formentera.es\/pt\/wp-json\/wp\/v2\/pages\/32624"}],"wp:attachment":[{"href":"https:\/\/www.formentera.es\/pt\/wp-json\/wp\/v2\/media?parent=32496"}],"wp:term":[{"taxonomy":"category","embeddable":true,"href":"https:\/\/www.formentera.es\/pt\/wp-json\/wp\/v2\/categories?post=32496"}],"curies":[{"name":"wp","href":"https:\/\/api.w.org\/{rel}","templated":true}]}}