{"id":12041,"date":"2020-04-15T17:07:42","date_gmt":"2020-04-15T15:07:42","guid":{"rendered":"https:\/\/www.formentera.es\/verken\/activiteiten\/groene-routes\/es-carnatge-es-arenals\/"},"modified":"2020-04-23T10:35:37","modified_gmt":"2020-04-23T08:35:37","slug":"es-carnatge-es-arenals","status":"publish","type":"page","link":"https:\/\/www.formentera.es\/nl\/verken\/activiteiten\/groene-routes\/es-carnatge-es-arenals\/","title":{"rendered":"Es Carnatge  &#8211;  Es Arenals"},"content":{"rendered":"<div class=\"wpb-content-wrapper\"><p>[vc_row][vc_column width=&#8221;8\/12&#8243;][vc_column_text]Dit deel van het eiland, slechts twee kilometer verbind de Tramuntana kust met de tegenover gelegen <a href=\"https:\/\/www.formentera.es\/nl\/verken\/stranden\/migjorn\/\">Migjorn<\/a>. Deze route begint ongeveer ten hoogte van kilometer 11 van de hoofdweg en Es Carnatge naar het strand van Es Arenals. Het gebied van Es Carnatge wordt gekenmerkt als een natuurlijk en rustige omgeving, in de buurt van het kleine vissersdorpje van Es Cal\u00f3 de Sant Agust\u00ed. Onze wandeling neemt ons mee op een verharde weg die tussen ge\u00efsoleerde huisen loopt, vaak met moestuinen en agrarische omgeving met binnenlandse kuddes, geschoorde vijgenbomen en droge stenen muren. Na een bosrijke omgeving aan het einde van de weg, leid deze naar het Es Arenals strand, \u00e9\u00e9n van de meest toeristisch bezochte door haar schoonheid en goede toegang. Twee kleuren synthetiseren het karakter van dit strand: het turquoise heldere water en het wit van het zand, die het zijn naam geeft. Bovendien, de ondiepe wateren maken het ideaal voor een strand dag met de familie. In deze zone vinden we tal van traditionele hotel etablissementen en door familia gerunde hotels.<\/p>\n<p>Es Arenals is, samen met <a href=\"https:\/\/www.formentera.es\/nl\/verken\/dorpen-en-locaties\/es-pujols\/\">Es Pujols<\/a>, \u00e9\u00e9n van de gehandicapten aangepaste stranden. Beiden hebben: toeritten, schaduw platform, leuningen, amfibische stoelen en badmeesters. Bovendien, heeft es Arenals aangepaste badkamers en gereserveerde parkeerplaats.[\/vc_column_text][\/vc_column][vc_column width=&#8221;4\/12&#8243;][vc_column_text]<div id=\"back_blue\"><h3>Download de route<\/h3><div><img decoding=\"async\" src=\"https:\/\/www.formentera.es\/wp-content\/themes\/Formentera\/img\/mapas-de-google-w.svg\"><a href=\"https:\/\/www.google.com\/maps\/d\/u\/0\/embed?mid=1e14jk6GJ6txICBxA9uWUV3U76su7T17m\" target=\"_blank\">Bekijk de route op Google Maps<\/a><\/div><div><img decoding=\"async\" src=\"https:\/\/www.formentera.es\/wp-content\/themes\/Formentera\/img\/maps-and-location-w.svg\" class=\"pl_5\"><a href=\"https:\/\/www.formentera.es\/wp-content\/uploads\/2020\/04\/23.-Es-Carnatge-Es-Arenals.gpx.zip\" target=\"_blank\">Download de route voor GPS<\/a><\/div><div><img decoding=\"async\" src=\"https:\/\/www.formentera.es\/wp-content\/themes\/Formentera\/img\/pin-w.svg\"><a href=\"https:\/\/es.wikiloc.com\/rutas-senderismo\/ruta-23-es-carnatge-es-arenals-48413608\" target=\"_blank\">Zie de route op Wikiloc<\/a><\/div><div><img decoding=\"async\" src=\"https:\/\/www.formentera.es\/wp-content\/themes\/Formentera\/img\/descarga-w.svg\"><a href=\"Array\" target=\"_blank\">Download bestand<\/a><\/div><\/div><div id=\"como_llegar\"><a href=\"https:\/\/www.google.com\/maps?saddr=My+Location&daddr=38.6792,1.50882\" target=\"_blank\">Hoe kom je bij het startpunt?<\/a><img decoding=\"async\" src=\"https:\/\/www.formentera.es\/wp-content\/themes\/Formentera\/img\/start.svg\"><\/div>[\/vc_column_text][\/vc_column][\/vc_row][vc_row][vc_column][vc_gmaps link=&#8221;#E-8_JTNDaWZyYW1lJTIwc3JjJTNEJTIyaHR0cHMlM0ElMkYlMkZ3d3cuZ29vZ2xlLmNvbSUyRm1hcHMlMkZkJTJGdSUyRjAlMkZlbWJlZCUzRm1pZCUzRDFlMTRqazZHSjZ0eElDQnhBOXVXVVYzVTc2c3U3VDE3bSUyMiUyMCUyMHdpZHRoJTNEJTIyNjAwJTIyJTIwaGVpZ2h0JTNEJTIyNDUwJTIyJTIwZnJhbWVib3JkZXIlM0QlMjIwJTIyJTIwc3R5bGUlM0QlMjJib3JkZXIlM0EwJTIyJTIwYWxsb3dmdWxsc2NyZWVuJTNFJTNDJTJGaWZyYW1lJTNFJTBB&#8221; size=&#8221;&#8221;][\/vc_column][\/vc_row][vc_row full_width=&#8221;stretch_row_content_no_spaces&#8221;][vc_column][vc_column_text]<style>#jtg-11151 .modula-item .jtg-social a, .lightbox-socials.jtg-social a{ fill: #ffffff; color: #ffffff }#jtg-11151 .modula-item .jtg-social-mobile a{ fill: #ffffff; color: #ffffff }#jtg-11151 .modula-item .jtg-social svg, .lightbox-socials.jtg-social svg { height: 16px; width: 16px }#jtg-11151 .modula-item .jtg-social-mobile svg { height: 16px; width: 16px }#jtg-11151 .modula-item .jtg-social a:not(:last-child), .lightbox-socials.jtg-social a:not(:last-child) { margin-right: 10px }#jtg-11151 .modula-item .jtg-social-mobile .jtg-social-mobile-icons a:not(:last-child){ margin-right: 10px }#jtg-11151 .modula-item .figc {color:#ffffff;}#jtg-11151 .modula-item .modula-item-content { transform: scale(1) }#jtg-11151 .modula-items .figc p.description { font-size:14px; }#jtg-11151 .modula-items .figc p.description { color:#ffffff;}#jtg-11151.modula-gallery .modula-item > a, #jtg-11151.modula-gallery .modula-item, #jtg-11151.modula-gallery .modula-item-content > a:not(.modula-no-follow) { cursor:zoom-in; } #jtg-11151.modula-gallery .modula-item-content .modula-no-follow { cursor: default; } #jtg-11151 .modula-item { background-color:#ffffff; }#jtg-11151 .modula-item:hover img { opacity: 0.5; }#jtg-11151 .modula-item { transform: scale(1) translate(0px,0px) rotate(0deg); }@media screen and (max-width:480px){#jtg-11151 .modula-item .figc .jtg-title {  font-size: 12px; }#jtg-11151 .modula-items .figc p.description { color:#ffffff;font-size:10px; }}#jtg-11151 .modula-items .modula-item:hover img{opacity:1;}<\/style>\n<div  id=\"jtg-11151\" class=\"modula modula-gallery modula-custom-grid\" data-config=\"{&quot;height&quot;:800,&quot;tabletHeight&quot;:800,&quot;mobileHeight&quot;:800,&quot;desktopHeight&quot;:800,&quot;enableTwitter&quot;:true,&quot;enableWhatsapp&quot;:false,&quot;enableFacebook&quot;:true,&quot;enablePinterest&quot;:true,&quot;enableLinkedin&quot;:true,&quot;enableEmail&quot;:false,&quot;randomFactor&quot;:0.5,&quot;type&quot;:&quot;custom-grid&quot;,&quot;columns&quot;:12,&quot;gutter&quot;:10,&quot;mobileGutter&quot;:10,&quot;tabletGutter&quot;:10,&quot;desktopGutter&quot;:10,&quot;enableResponsive&quot;:&quot;0&quot;,&quot;tabletColumns&quot;:2,&quot;mobileColumns&quot;:1,&quot;lazyLoad&quot;:&quot;0&quot;,&quot;lightboxOpts&quot;:{&quot;animated&quot;:true,&quot;Thumbs&quot;:{&quot;type&quot;:&quot;modern&quot;,&quot;showOnStart&quot;:false},&quot;Toolbar&quot;:{&quot;display&quot;:{&quot;right&quot;:[&quot;close&quot;]},&quot;enabled&quot;:true},&quot;Carousel&quot;:{&quot;Panzoom&quot;:{&quot;touch&quot;:false},&quot;infinite&quot;:false},&quot;keyboard&quot;:{&quot;Escape&quot;:&quot;close&quot;,&quot;Delete&quot;:&quot;close&quot;,&quot;Backspace&quot;:&quot;close&quot;,&quot;PageUp&quot;:false,&quot;PageDown&quot;:false,&quot;ArrowUp&quot;:false,&quot;ArrowDown&quot;:false,&quot;ArrowRight&quot;:false,&quot;ArrowLeft&quot;:false},&quot;touch&quot;:false,&quot;backdropClick&quot;:false,&quot;l10n&quot;:{&quot;CLOSE&quot;:&quot;Sluiten&quot;,&quot;NEXT&quot;:&quot;Volgende&quot;,&quot;PREV&quot;:&quot;Vorige&quot;,&quot;Error&quot;:&quot;De gevraagde inhoud kan niet worden geladen. Probeer het later opnieuw.&quot;,&quot;PLAY_START&quot;:&quot;Start slideshow&quot;,&quot;PLAY_STOP&quot;:&quot;Slideshow pauzeren&quot;,&quot;FULL_SCREEN&quot;:&quot;Volledig scherm&quot;,&quot;THUMBS&quot;:&quot;Thumbnails&quot;,&quot;DOWNLOAD&quot;:&quot;Downloaden&quot;,&quot;SHARE&quot;:&quot;Delen&quot;,&quot;ZOOM&quot;:&quot;Zoom&quot;,&quot;EMAIL&quot;:&quot;Here is the link to the image : %%image_link%% and this is the link to the gallery : %%gallery_link%%&quot;,&quot;MODAL&quot;:&quot;Je kunt deze modale inhoud sluiten met de ESC sleutel&quot;,&quot;ERROR&quot;:&quot;Er is iets misgegaan, probeer het later nog eens&quot;,&quot;IMAGE_ERROR&quot;:&quot;Afbeelding niet gevonden&quot;,&quot;ELEMENT_NOT_FOUND&quot;:&quot;HTML element niet gevonden&quot;,&quot;AJAX_NOT_FOUND&quot;:&quot;Fout bij het laden van Ajax: niet gevonden&quot;,&quot;AJAX_FORBIDDEN&quot;:&quot;Fout bij laden Ajax: verboden&quot;,&quot;IFRAME_ERROR&quot;:&quot;Fout bij het laden van de pagina&quot;,&quot;TOGGLE_ZOOM&quot;:&quot;Toggle zoomniveau&quot;,&quot;TOGGLE_THUMBS&quot;:&quot;Toggle thumbnails&quot;,&quot;TOGGLE_SLIDESHOW&quot;:&quot;Toggle slideshow&quot;,&quot;TOGGLE_FULLSCREEN&quot;:&quot;Toggle modus volledig scherm&quot;},&quot;Images&quot;:{&quot;Panzoom&quot;:{&quot;maxScale&quot;:2}},&quot;mainClass&quot;:&quot;modula-fancybox-container modula-lightbox-jtg-11151&quot;,&quot;Html&quot;:{&quot;videoAutoplay&quot;:0,&quot;videoTpl&quot;:&quot;&lt;video class=\\&quot;fancybox__html5video\\&quot; controls muted playsinline controlsList controlsList=\\&quot;nodownload\\&quot; poster=\\&quot;{{poster}}\\&quot; src=\\&quot;{{src}}\\&quot; type=\\&quot;{{format}}\\&quot; &gt;  Sorry, your browser doesn&#039;t support embedded videos, &lt;a href=\\&quot;{{src}}\\&quot;&gt; download &lt;\\\/a&gt; and watch with your favorite video player! &lt;\\\/video&gt;&quot;}},&quot;inView&quot;:false,&quot;email_subject&quot;:&quot;\\u00a1\\u00a1Mira esta impresionante imagen!!&quot;,&quot;email_message&quot;:&quot;Este es el enlace a la imagen: %%image_link%% y este es el enlace a la galer\\u00eda: %%gallery_link%%&quot;,&quot;lightbox&quot;:&quot;fancybox&quot;,&quot;filterClick&quot;:&quot;0&quot;,&quot;defaultActiveFilter&quot;:&quot;all&quot;}\">\n\n\t\n\t<div  class=\"modula-items\">\n\t\t<div class=\"modula-item jtg-filter-all jtg-filter-\" data-width=\"12\" data-height=\"7\" >\n\t<div class=\"modula-item-content\">\n\t\t\n\t\t\t\t\t<a data-image-id=\"929\" tabindex=\"0\" href=\"https:\/\/www.formentera.es\/wp-content\/uploads\/2018\/11\/migjorn-arenals.jpg\" rel=\"jtg-11151\" data-caption=\"\" aria-label=\"Afbeelding openen in lightbox\" role=\"button\" data-cyclefilter=\"show\" data-fancybox=\"jtg-11151\" class=\"tile-inner modula-item-link\"><\/a>\n\t\t\n\t\t<img loading=\"lazy\" decoding=\"async\" class=\"pic wp-image-929\"  data-valign=\"middle\" data-halign=\"center\" alt=\"\" data-full=\"https:\/\/www.formentera.es\/wp-content\/uploads\/2018\/11\/migjorn-arenals.jpg\" title=\"migjorn arenals\" width=\"1900\" height=\"1267\" src=\"https:\/\/www.formentera.es\/wp-content\/uploads\/2018\/11\/migjorn-arenals.jpg\" data-src=\"https:\/\/www.formentera.es\/wp-content\/uploads\/2018\/11\/migjorn-arenals.jpg\" data-caption=\"\" srcset=\"https:\/\/www.formentera.es\/wp-content\/uploads\/2018\/11\/migjorn-arenals.jpg 1900w, https:\/\/www.formentera.es\/wp-content\/uploads\/2018\/11\/migjorn-arenals-300x200.jpg 300w, https:\/\/www.formentera.es\/wp-content\/uploads\/2018\/11\/migjorn-arenals-768x512.jpg 768w, https:\/\/www.formentera.es\/wp-content\/uploads\/2018\/11\/migjorn-arenals-1024x683.jpg 1024w\" sizes=\"auto, (max-width: 1900px) 100vw, 1900px\" \/>\n\t<\/div>\n\n<\/div>\t\t\n\t<\/div>\n\n\t\n\t\n\t<script type=\"application\/ld+json\">\n\t{\n\t\t\"@context\": \"http:\/\/schema.org\",\n\t\t\"@type\"   : \"ImageGallery\",\n\t\t\"id\"      : \"https:\/\/www.formentera.es\/nl\/verken\/activiteiten\/groene-routes\/es-carnatge-es-arenals\/\",\n\t\t\"url\"     : \"https:\/\/www.formentera.es\/nl\/verken\/activiteiten\/groene-routes\/es-carnatge-es-arenals\/\"\n\t}\n\n\t<\/script>\n\n\t\n<\/div>\n[\/vc_column_text][\/vc_column][\/vc_row][vc_row][vc_column][vc_column_text]<div id=\"mas_rutas\" class=\"container sc\"><h2>Andere routes in Formentera<\/h2><div class=\"row\"><div class=\"col-md-6 col-lg-4\">\n\t\t\t\t\t\t\t<a href=\"https:\/\/www.formentera.es\/nl\/verken\/activiteiten\/groene-routes\/es-mal-pas-far-de-barbaria\/\" class=\"img_ruta\"  style=\"background-image: url(https:\/\/www.formentera.es\/wp-content\/uploads\/2020\/04\/shutterstock_1136161889-300x200.jpg)\"><\/a>\n\t\t\t\t\t\t\t\n\t\t\t\t\t\t\t<div class=\"col-sm-12\">\n\t\t\t\t\t\t\t\t<a href=\"https:\/\/www.formentera.es\/nl\/verken\/activiteiten\/groene-routes\/es-mal-pas-far-de-barbaria\/\">Es Mal Pas &#8211; Far De Barbaria<\/a><div><img decoding=\"async\" src=\"https:\/\/www.formentera.es\/wp-content\/themes\/Formentera\/img\/bicib.png\">60 min.<\/div><div><img decoding=\"async\" src=\"https:\/\/www.formentera.es\/wp-content\/themes\/Formentera\/img\/caminarb.png\">170 min.<\/div><\/div>\n\t\t\t\t\t\t<\/div><div class=\"col-md-6 col-lg-4\">\n\t\t\t\t\t\t\t<a href=\"https:\/\/www.formentera.es\/nl\/verken\/activiteiten\/groene-routes\/sant-ferran-cala-en-baster-platja-de-migjorn\/\" class=\"img_ruta\"  style=\"background-image: url(https:\/\/www.formentera.es\/wp-content\/uploads\/2020\/04\/shutterstock_1604448322-300x200.jpg)\"><\/a>\n\t\t\t\t\t\t\t\n\t\t\t\t\t\t\t<div class=\"col-sm-12\">\n\t\t\t\t\t\t\t\t<a href=\"https:\/\/www.formentera.es\/nl\/verken\/activiteiten\/groene-routes\/sant-ferran-cala-en-baster-platja-de-migjorn\/\">Sant Ferran  &#8211;  Cala En Baster  &#8211;  Platja De Migjorn<\/a><div><img decoding=\"async\" src=\"https:\/\/www.formentera.es\/wp-content\/themes\/Formentera\/img\/bicib.png\">20 min.<\/div><div><img decoding=\"async\" src=\"https:\/\/www.formentera.es\/wp-content\/themes\/Formentera\/img\/caminarb.png\">60 min.<\/div><\/div>\n\t\t\t\t\t\t<\/div><div class=\"col-md-6 col-lg-4\">\n\t\t\t\t\t\t\t<a href=\"https:\/\/www.formentera.es\/nl\/verken\/activiteiten\/groene-routes\/cami-de-sa-pujada\/\" class=\"img_ruta\"  style=\"background-image: url(https:\/\/www.formentera.es\/wp-content\/uploads\/2020\/04\/shutterstock_1168032664-1-300x168.jpg)\"><\/a>\n\t\t\t\t\t\t\t\n\t\t\t\t\t\t\t<div class=\"col-sm-12\">\n\t\t\t\t\t\t\t\t<a href=\"https:\/\/www.formentera.es\/nl\/verken\/activiteiten\/groene-routes\/cami-de-sa-pujada\/\">Cam\u00ed de sa Pujada<\/a><div><img decoding=\"async\" src=\"https:\/\/www.formentera.es\/wp-content\/themes\/Formentera\/img\/caminarb.png\">80 min.<\/div><\/div>\n\t\t\t\t\t\t<\/div><\/div><a class=\"text-center\" href=\"\">Bekijk alle routes<\/a><\/div>[\/vc_column_text][\/vc_column][\/vc_row]<\/p>\n<\/div>","protected":false},"excerpt":{"rendered":"<p>[vc_row][vc_column width=&#8221;8\/12&#8243;][vc_column_text]Dit deel van het eiland, slechts twee kilometer verbind de Tramuntana kust met de [&hellip;]<\/p>\n","protected":false},"author":1,"featured_media":13816,"parent":8008,"menu_order":0,"comment_status":"closed","ping_status":"closed","template":"page-ruta.php","meta":{"_acf_changed":false,"footnotes":""},"categories":[],"class_list":["post-12041","page","type-page","status-publish","hentry"],"acf":[],"yoast_head":"<!-- This site is optimized with the Yoast SEO plugin v25.5 - https:\/\/yoast.com\/wordpress\/plugins\/seo\/ -->\n<title>Es Carnatge - Es Arenals | Turismo de Formentera<\/title>\n<meta name=\"robots\" content=\"index, follow, max-snippet:-1, max-image-preview:large, max-video-preview:-1\" \/>\n<link rel=\"canonical\" href=\"https:\/\/www.formentera.es\/nl\/verken\/activiteiten\/groene-routes\/es-carnatge-es-arenals\/\" \/>\n<meta property=\"og:locale\" content=\"nl_NL\" \/>\n<meta property=\"og:type\" content=\"article\" \/>\n<meta property=\"og:title\" content=\"Es Carnatge - Es Arenals | Turismo de Formentera\" \/>\n<meta property=\"og:description\" content=\"[vc_row][vc_column width=&#8221;8\/12&#8243;][vc_column_text]Dit deel van het eiland, slechts twee kilometer verbind de Tramuntana kust met de [&hellip;]\" \/>\n<meta property=\"og:url\" content=\"https:\/\/www.formentera.es\/nl\/verken\/activiteiten\/groene-routes\/es-carnatge-es-arenals\/\" \/>\n<meta property=\"og:site_name\" content=\"Turismo de Formentera\" \/>\n<meta property=\"article:publisher\" content=\"https:\/\/www.facebook.com\/turismoformentera\/\" \/>\n<meta property=\"article:modified_time\" content=\"2020-04-23T08:35:37+00:00\" \/>\n<meta property=\"og:image\" content=\"https:\/\/www.formentera.es\/wp-content\/uploads\/2020\/11\/ES-CARNATGE_02_Moonkoala.jpg\" \/>\n\t<meta property=\"og:image:width\" content=\"1600\" \/>\n\t<meta property=\"og:image:height\" content=\"1067\" \/>\n\t<meta property=\"og:image:type\" content=\"image\/jpeg\" \/>\n<meta name=\"twitter:card\" content=\"summary_large_image\" \/>\n<meta name=\"twitter:site\" content=\"@visitformentera\" \/>\n<meta name=\"twitter:label1\" content=\"Geschatte leestijd\" \/>\n\t<meta name=\"twitter:data1\" content=\"2 minuten\" \/>\n<script type=\"application\/ld+json\" class=\"yoast-schema-graph\">{\"@context\":\"https:\/\/schema.org\",\"@graph\":[{\"@type\":\"WebPage\",\"@id\":\"https:\/\/www.formentera.es\/nl\/verken\/activiteiten\/groene-routes\/es-carnatge-es-arenals\/\",\"url\":\"https:\/\/www.formentera.es\/nl\/verken\/activiteiten\/groene-routes\/es-carnatge-es-arenals\/\",\"name\":\"Es Carnatge - Es Arenals | Turismo de Formentera\",\"isPartOf\":{\"@id\":\"https:\/\/www.formentera.es\/#website\"},\"primaryImageOfPage\":{\"@id\":\"https:\/\/www.formentera.es\/nl\/verken\/activiteiten\/groene-routes\/es-carnatge-es-arenals\/#primaryimage\"},\"image\":{\"@id\":\"https:\/\/www.formentera.es\/nl\/verken\/activiteiten\/groene-routes\/es-carnatge-es-arenals\/#primaryimage\"},\"thumbnailUrl\":\"https:\/\/www.formentera.es\/wp-content\/uploads\/2020\/11\/ES-CARNATGE_02_Moonkoala.jpg\",\"datePublished\":\"2020-04-15T15:07:42+00:00\",\"dateModified\":\"2020-04-23T08:35:37+00:00\",\"breadcrumb\":{\"@id\":\"https:\/\/www.formentera.es\/nl\/verken\/activiteiten\/groene-routes\/es-carnatge-es-arenals\/#breadcrumb\"},\"inLanguage\":\"nl-NL\",\"potentialAction\":[{\"@type\":\"ReadAction\",\"target\":[\"https:\/\/www.formentera.es\/nl\/verken\/activiteiten\/groene-routes\/es-carnatge-es-arenals\/\"]}]},{\"@type\":\"ImageObject\",\"inLanguage\":\"nl-NL\",\"@id\":\"https:\/\/www.formentera.es\/nl\/verken\/activiteiten\/groene-routes\/es-carnatge-es-arenals\/#primaryimage\",\"url\":\"https:\/\/www.formentera.es\/wp-content\/uploads\/2020\/11\/ES-CARNATGE_02_Moonkoala.jpg\",\"contentUrl\":\"https:\/\/www.formentera.es\/wp-content\/uploads\/2020\/11\/ES-CARNATGE_02_Moonkoala.jpg\",\"width\":1600,\"height\":1067},{\"@type\":\"BreadcrumbList\",\"@id\":\"https:\/\/www.formentera.es\/nl\/verken\/activiteiten\/groene-routes\/es-carnatge-es-arenals\/#breadcrumb\",\"itemListElement\":[{\"@type\":\"ListItem\",\"position\":1,\"name\":\"Portada\",\"item\":\"https:\/\/www.formentera.es\/nl\/\"},{\"@type\":\"ListItem\",\"position\":2,\"name\":\"Verken\",\"item\":\"https:\/\/www.formentera.es\/explorar\/\"},{\"@type\":\"ListItem\",\"position\":3,\"name\":\"Activiteiten\",\"item\":\"https:\/\/www.formentera.es\/nl\/verken\/activiteiten\/\"},{\"@type\":\"ListItem\",\"position\":4,\"name\":\"Groene routes\",\"item\":\"https:\/\/www.formentera.es\/nl\/verken\/activiteiten\/groene-routes\/\"},{\"@type\":\"ListItem\",\"position\":5,\"name\":\"Es Carnatge &#8211; Es Arenals\"}]},{\"@type\":\"WebSite\",\"@id\":\"https:\/\/www.formentera.es\/#website\",\"url\":\"https:\/\/www.formentera.es\/\",\"name\":\"Turismo de Formentera\",\"description\":\"Web oficial de Turismo de Formentera\",\"potentialAction\":[{\"@type\":\"SearchAction\",\"target\":{\"@type\":\"EntryPoint\",\"urlTemplate\":\"https:\/\/www.formentera.es\/?s={search_term_string}\"},\"query-input\":{\"@type\":\"PropertyValueSpecification\",\"valueRequired\":true,\"valueName\":\"search_term_string\"}}],\"inLanguage\":\"nl-NL\"}]}<\/script>\n<!-- \/ Yoast SEO plugin. -->","yoast_head_json":{"title":"Es Carnatge - Es Arenals | Turismo de Formentera","robots":{"index":"index","follow":"follow","max-snippet":"max-snippet:-1","max-image-preview":"max-image-preview:large","max-video-preview":"max-video-preview:-1"},"canonical":"https:\/\/www.formentera.es\/nl\/verken\/activiteiten\/groene-routes\/es-carnatge-es-arenals\/","og_locale":"nl_NL","og_type":"article","og_title":"Es Carnatge - Es Arenals | Turismo de Formentera","og_description":"[vc_row][vc_column width=&#8221;8\/12&#8243;][vc_column_text]Dit deel van het eiland, slechts twee kilometer verbind de Tramuntana kust met de [&hellip;]","og_url":"https:\/\/www.formentera.es\/nl\/verken\/activiteiten\/groene-routes\/es-carnatge-es-arenals\/","og_site_name":"Turismo de Formentera","article_publisher":"https:\/\/www.facebook.com\/turismoformentera\/","article_modified_time":"2020-04-23T08:35:37+00:00","og_image":[{"width":1600,"height":1067,"url":"https:\/\/www.formentera.es\/wp-content\/uploads\/2020\/11\/ES-CARNATGE_02_Moonkoala.jpg","type":"image\/jpeg"}],"twitter_card":"summary_large_image","twitter_site":"@visitformentera","twitter_misc":{"Geschatte leestijd":"2 minuten"},"schema":{"@context":"https:\/\/schema.org","@graph":[{"@type":"WebPage","@id":"https:\/\/www.formentera.es\/nl\/verken\/activiteiten\/groene-routes\/es-carnatge-es-arenals\/","url":"https:\/\/www.formentera.es\/nl\/verken\/activiteiten\/groene-routes\/es-carnatge-es-arenals\/","name":"Es Carnatge - Es Arenals | Turismo de Formentera","isPartOf":{"@id":"https:\/\/www.formentera.es\/#website"},"primaryImageOfPage":{"@id":"https:\/\/www.formentera.es\/nl\/verken\/activiteiten\/groene-routes\/es-carnatge-es-arenals\/#primaryimage"},"image":{"@id":"https:\/\/www.formentera.es\/nl\/verken\/activiteiten\/groene-routes\/es-carnatge-es-arenals\/#primaryimage"},"thumbnailUrl":"https:\/\/www.formentera.es\/wp-content\/uploads\/2020\/11\/ES-CARNATGE_02_Moonkoala.jpg","datePublished":"2020-04-15T15:07:42+00:00","dateModified":"2020-04-23T08:35:37+00:00","breadcrumb":{"@id":"https:\/\/www.formentera.es\/nl\/verken\/activiteiten\/groene-routes\/es-carnatge-es-arenals\/#breadcrumb"},"inLanguage":"nl-NL","potentialAction":[{"@type":"ReadAction","target":["https:\/\/www.formentera.es\/nl\/verken\/activiteiten\/groene-routes\/es-carnatge-es-arenals\/"]}]},{"@type":"ImageObject","inLanguage":"nl-NL","@id":"https:\/\/www.formentera.es\/nl\/verken\/activiteiten\/groene-routes\/es-carnatge-es-arenals\/#primaryimage","url":"https:\/\/www.formentera.es\/wp-content\/uploads\/2020\/11\/ES-CARNATGE_02_Moonkoala.jpg","contentUrl":"https:\/\/www.formentera.es\/wp-content\/uploads\/2020\/11\/ES-CARNATGE_02_Moonkoala.jpg","width":1600,"height":1067},{"@type":"BreadcrumbList","@id":"https:\/\/www.formentera.es\/nl\/verken\/activiteiten\/groene-routes\/es-carnatge-es-arenals\/#breadcrumb","itemListElement":[{"@type":"ListItem","position":1,"name":"Portada","item":"https:\/\/www.formentera.es\/nl\/"},{"@type":"ListItem","position":2,"name":"Verken","item":"https:\/\/www.formentera.es\/explorar\/"},{"@type":"ListItem","position":3,"name":"Activiteiten","item":"https:\/\/www.formentera.es\/nl\/verken\/activiteiten\/"},{"@type":"ListItem","position":4,"name":"Groene routes","item":"https:\/\/www.formentera.es\/nl\/verken\/activiteiten\/groene-routes\/"},{"@type":"ListItem","position":5,"name":"Es Carnatge &#8211; Es Arenals"}]},{"@type":"WebSite","@id":"https:\/\/www.formentera.es\/#website","url":"https:\/\/www.formentera.es\/","name":"Turismo de Formentera","description":"Web oficial de Turismo de Formentera","potentialAction":[{"@type":"SearchAction","target":{"@type":"EntryPoint","urlTemplate":"https:\/\/www.formentera.es\/?s={search_term_string}"},"query-input":{"@type":"PropertyValueSpecification","valueRequired":true,"valueName":"search_term_string"}}],"inLanguage":"nl-NL"}]}},"_links":{"self":[{"href":"https:\/\/www.formentera.es\/nl\/wp-json\/wp\/v2\/pages\/12041","targetHints":{"allow":["GET"]}}],"collection":[{"href":"https:\/\/www.formentera.es\/nl\/wp-json\/wp\/v2\/pages"}],"about":[{"href":"https:\/\/www.formentera.es\/nl\/wp-json\/wp\/v2\/types\/page"}],"author":[{"embeddable":true,"href":"https:\/\/www.formentera.es\/nl\/wp-json\/wp\/v2\/users\/1"}],"replies":[{"embeddable":true,"href":"https:\/\/www.formentera.es\/nl\/wp-json\/wp\/v2\/comments?post=12041"}],"version-history":[{"count":0,"href":"https:\/\/www.formentera.es\/nl\/wp-json\/wp\/v2\/pages\/12041\/revisions"}],"up":[{"embeddable":true,"href":"https:\/\/www.formentera.es\/nl\/wp-json\/wp\/v2\/pages\/8008"}],"wp:featuredmedia":[{"embeddable":true,"href":"https:\/\/www.formentera.es\/nl\/wp-json\/wp\/v2\/media\/13816"}],"wp:attachment":[{"href":"https:\/\/www.formentera.es\/nl\/wp-json\/wp\/v2\/media?parent=12041"}],"wp:term":[{"taxonomy":"category","embeddable":true,"href":"https:\/\/www.formentera.es\/nl\/wp-json\/wp\/v2\/categories?post=12041"}],"curies":[{"name":"wp","href":"https:\/\/api.w.org\/{rel}","templated":true}]}}