{"id":6653,"date":"2018-12-13T06:46:03","date_gmt":"2018-12-13T08:46:03","guid":{"rendered":"https:\/\/www.formentera.es\/aspectos-utiles\/"},"modified":"2024-09-26T12:25:39","modified_gmt":"2024-09-26T10:25:39","slug":"informazioni-utili","status":"publish","type":"page","link":"https:\/\/www.formentera.es\/it\/pianificazione\/informazioni-utili\/","title":{"rendered":"Informazioni utili"},"content":{"rendered":"<div class=\"wpb-content-wrapper\"><p>[vc_row full_width=&#8221;stretch_row_content_no_spaces&#8221; content_placement=&#8221;middle&#8221; css=&#8221;.vc_custom_1549362852420{background-image: url(https:\/\/www.formentera.es\/wp-content\/uploads\/2019\/01\/LEVANTE-1E-JORGE-JIMENEZ.jpg?id=2033) !important;background-position: center !important;background-repeat: no-repeat !important;background-size: cover !important;}&#8221; el_id=&#8221;top_categoria&#8221; el_class=&#8221;planifica&#8221;][vc_column][vc_column_text]<\/p>\n<h1>Informazioni utili<\/h1>\n<p>[\/vc_column_text][\/vc_column][\/vc_row][vc_row el_class=&#8221;bgen&#8221;][vc_column width=&#8221;2\/3&#8243;][vc_column_text]Formentera \u00e8 una piccola isola, con un ambiente tranquillo dove turisti e residenti vivono in uno spazio sicuro. Tuttavia, se durante le vacanze si verifica un incidente, qui spieghiamo come gestirlo: <a href=\"https:\/\/www.formentera.es\/wp-content\/uploads\/2019\/05\/DESTINO-SEGURO-INTERIOR.pdf\">Formentera, destino seguro<\/a><\/p>\n<p><strong>Lingua<\/strong>. La lingua ufficiale \u00e8 lo spagnolo e il catalano, lingua ufficiale delle Isole Baleari. Nella maggior parte delle strutture turistiche si parla anche inglese, tedesco, italiano e francese.<\/p>\n<p><strong>Valuta<\/strong>. La moneta ufficiale \u00e8 l&#8217;euro, come nel resto del territorio spagnolo. Qualsiasi importo in entrata o in uscita dalla Spagna, che superi i 6.011 euro, deve essere dichiarato.<\/p>\n<p><strong>Orari<\/strong>. Gli orari di lavoro abituali sono dalle 9:00 alle 14:00 e dalle 17:00 alle 20:00. Tuttavia, molti esercizi rimangono aperti con orario continuato fino alle ore 24:00. Numerosi negozi sono aperti anche la domenica e nei giorni festivi.<\/p>\n<p><strong>Camping<\/strong>. A causa delle piccole dimensioni dell&#8217;isola, non ci sono camping a Formentera. Il campeggio libero \u00e8 vietato in tutta l&#8217;isola, cos\u00ec come il pernottamento in qualsiasi tipo di veicolo e il pernottamento sulla spiaggia e nelle aree boschive.<\/p>\n<p><strong>Emergenze<\/strong>. In caso di emergenza, \u00e8 possibile chiedere aiuto immediato (ambulanze, vigili del fuoco, sicurezza) chiamando il numero telefonico 112, il servizio di emergenza delle Isole Baleari. La chiamata \u00e8 gratuita con risposta rapida in 4 lingue (spagnolo, catalano, inglese e tedesco).<\/p>\n<p><strong>Animali domestici<\/strong>. Le persone che desiderano recarsi a Formentera con i loro animali domestici devono assicurarsi, in anticipo, che negli alloggi che hanno scelto sia prevista questa possibilit\u00e0 e che soddisfino i requisiti per l&#8217;ingresso in Spagna. Inoltre, se l&#8217;animale \u00e8 considerato una razza pericolosa, dovr\u00e0 viaggiare con l\u2019apposito certificato. In ogni caso devono rispettare le regole generali e particolari relative all&#8217;uso del guinzaglio, della museruola e le altre disposizioni applicabili. Come regola generale, agli animali domestici \u00e8 vietato entrare in bar, ristoranti, negozi di alimentari, spiagge e trasporti urbani, ad eccezione dei cani guida. Per ulteriori informazioni consultare l&#8217;ufficio turistico.<\/p>\n<p><strong>Uffici di informazioni turistiche<\/strong><\/p>\n<ul>\n<li>Ufficio di informazioni turistiche di La Savina. Stazione Marittima di La Savina | Telefono: +34 971 32 20 57 | Fax: +34 971 32 28 25 | informacioturistica@formentera.es. Aperto da lunedi a sabato dalle 09:00 alle 15:00 h., domenica dalle 09:00 alle 14:00. Giovedi chiuso<\/li>\n<li>Punto di informazioni turistiche di Sant Francesc Xavier. Plaza de la Constituci\u00f3n s\/n | Telefono: +34 971 32 36 20 | sanfrancesc@formentera.es. Aperto da lunedi a venerdi dalle 09:00 alle 15:00. Sabato dalle 09:00 alle 14:00 h. Domenica chiuso<\/li>\n<li>Ufficio di informazioni turistiche di Es Pujols. Calle Espalmador esquina Avenida Miramar | Telefono: +34 971 32 89 97 | espujols@formentera.es. Da lunedi a sabato dalle 09:00 alle 15:00 h. Domenica dalle 09:00 alle 14:00 h. Martedi chiuso<\/li>\n<li>Ufficio di informazioni turistiche dell&#8217;Aeroporto di Ibiza. Telefono: + 34 971 32 80 91 18. Dal luned\u00ec al sabato dalle 10:00 alle 14:00 e dalle 17:00 alle 19:00.<\/li>\n<\/ul>\n<p><strong>Trasporti pubblici<\/strong>. Formentera ha linee regolari di autobus durante tutto l&#8217;anno che vengono potenziate nei mesi estivi. Orari e informazioni: Autocares Paya: +34 971 32 31 81 | <a href=\"http:\/\/www.busformentera.com\/\" target=\"_blank\" rel=\"noopener noreferrer\">www.busformentera.com<\/a><\/p>\n<p><strong>Taxi<\/strong>. attivo anche un servizio taxi con fermate nel porto di La Savina e in tutti i centri urbani, uno dei taxi \u00e8 adattato per i disabili. C&#8217;\u00e8 anche un servizio privato di taxi nautico per spostamenti in barca tra Ibiza e Formentera. Taxi: Es Pujols: +34 971 32 80 16 | Puerto de la Sabina: +34 971 32 20 02 | San Francisco: +34 971 32 20 16 | Radio Taxi: +34 971 32 23 42<\/p>\n<p><strong>Taxi nautici<\/strong><\/p>\n<ul>\n<li>Barco Salao: (+34) 609 84 71 16 | <a href=\"http:\/\/www.formenterawatertaxi.es\/\" target=\"_blank\" rel=\"noopener noreferrer\">www.formenterawatertaxi.es<\/a><\/li>\n<li>Taximar: +34 629158664 &#8211; +34 607188981 | <a href=\"http:\/\/www.taximar.es\/\" target=\"_blank\" rel=\"noopener noreferrer\">www.taximar.es<\/a><\/li>\n<\/ul>\n<p><strong>ACCESSO AL PARCO NATURALE DI SES SALINES DE FORMENTERA<\/strong><\/p>\n<p>In questo <a href=\"https:\/\/www.formentera.es\/wp-content\/uploads\/2024\/09\/Acces_Parc-Natural-de-ses-Salines.pdf\">link<\/a> troverete tutte le informazioni sulle tariffe di ingresso e di accesso alle spiagge del Parco Naturale di Ses Salines per i diversi veicoli.<\/p>\n<p><strong>Farmacie e centri sanitari<\/strong><\/p>\n<p><strong>Ospedale. Centro Sanitario di Formentera<\/strong>. Carretera de La Sabina a San Francisco Km 2,9 07860 Sant Francesc Xavier | Telefoni: +34 971 32 23 69 &#8211; +34 971 32 23 57<\/p>\n<p><strong>Farmacie:<\/strong><\/p>\n<ul>\n<li>Farmacia Joan Torres Quetglas. Sant Francesc Xavier. +34 971 32 24 19<\/li>\n<li>Farmacia Josep Mayans Ribas. Sant Ferran. +34 971 32 80 04<\/li>\n<li>Farmacia Maiteder de Eguileor Lasquibar. Es Pujols. +34 971 32 86 63<\/li>\n<li>Farmacia Guitart Lorente de No. Es Cal\u00f3 de Sant Agust\u00ed. +34 971 32 73 98<\/li>\n<\/ul>\n<p><strong>Numero di telefono di emergenza: 112<\/strong><\/p>\n<p><strong>Centri medici privati<\/strong><\/p>\n<ul>\n<li>Centro M\u00e9dico en La Savina:www. cmformentera.imedicplatform.com<\/li>\n<li>Centro M\u00e9dico en Sant Francesc Xavier: Consultorio Pedro Piza<\/li>\n<li>Centro M\u00e9dico en Sant Ferran: Dr. Luis Mart\u00edn Soledad<\/li>\n<\/ul>\n<p><strong>Numeri utili:<\/strong><\/p>\n<ul>\n<li>Municipio: +34 971 32 10 87<\/li>\n<li>Polizia locale: 092\/ 971 32 22 01<\/li>\n<li>Gu\u00e0rdia Civil (Polizia): +34 971 32 20 22<\/li>\n<li>Vigili del fuoco: 092\/112<\/li>\n<li>Ospedale di Formentera: +34 971 32 12 12<\/li>\n<li>Taxi Radio Telefono: +34 971 32 23 42<\/li>\n<li>Emergenze: 112<\/li>\n<\/ul>\n<p><strong>Feste popolari:<\/strong> Le festivit\u00e0 dei santi patroni delle diverse localit\u00e0 dell&#8217;isola sono delle ricorrenze imperdibili per residenti e turisti. Tra queste spiccano le feste di Sant Jaume (a Sant Francesc) e la festivit\u00e0 del Carmen, patrona del mare, celebrate a La Savina e a Es Pujols. Ecco le principali festivit\u00e0 dell\u2019isola: Sant Ferran (30 maggio), Sant Joan (24 giugno), Festa della Vergine del Carmen (16 luglio), Sant Jaume (25 luglio), Santa Maria (5 agosto), Festa della Vergine del Pilar (12 ottobre), Sant Francesc Xavier (3 dicembre).<\/p>\n<p><strong>Elettricit\u00e0<\/strong>. La corrente elettrica \u00e8 a 230 volt, con frequenza 50 Hz.<\/p>\n<p><strong>Carburante<\/strong>. Sull&#8217;isola ci sono due distributori di benzina, situati sulla strada principale tra i paesi di La Savina e Sant Francesc e tra Sant Francesc e Sant Ferran. La benzina senza piombo (95 o 98 ottani) e il diesel vengono venduti nelle stazioni di servizio.<\/p>\n<p><strong>Mance<\/strong>. Pur essendo discrezionali, \u00e8 consuetudine lasciare alcune mance nei bar, ristoranti e al personale del settore alberghiero, normalmente comprese tra il 5 e il 10% dell\u2019importo totale.<\/p>\n<p><strong>Festivit\u00e0<\/strong>:<\/p>\n<ul>\n<li>1\u00b0 gennaio.<\/li>\n<li>6 gennaio.<\/li>\n<li>Gioved\u00ec Santo.<\/li>\n<li>Venerd\u00ec Santo.<\/li>\n<li>Luned\u00ec di Pasqua.<\/li>\n<li>1\u00b0 maggio: Festa dei lavoratori.<\/li>\n<li>15 agosto: Assunzione della Vergine Maria.<\/li>\n<li>12 ottobre: Vergine del Pilar.<\/li>\n<li>1\u00ba novembre: Festa di Ognissanti.<\/li>\n<li>6 dicembre: Festa della Costituzione spagnola.<\/li>\n<li>8 dicembre: Immacolata Concezione della Madonna.<\/li>\n<li>24 dicembre: Vigilia di Natale.<\/li>\n<li>25 dicembre: Nativit\u00e0 di Nostro Signore Ges\u00f9 Cristo.<\/li>\n<li>26 dicembre: Santo Stefano.<\/li>\n<\/ul>\n<p>[\/vc_column_text][\/vc_column][vc_column width=&#8221;1\/3&#8243;][vc_wp_custommenu title=&#8221;Planifica tu viaje&#8221; nav_menu=&#8221;20&#8243;][vc_column_text]<div id=\"sidebar_ficha\"><a class=\"sidebar_breadcrumbs\" href=\"https:\/\/www.formentera.es\/it\/pianificazione\/\"><i class=\"fa fa-angle-left\"><\/i>Torna a Pianificazione<\/a><div class=\"content_sidebar\"><div class=\"bloc_share\"><div class=\"blocs1\"><div class=\"tit_medium\">Condividi<\/div><div class=\"redes_ficha\"><div class=\"fa fa-brands fa-x-twitter st-custom-button\" data-network=\"twitter\"><\/div><div class=\"fa fa-facebook st-custom-button\" data-network=\"facebook\"><\/div><div class=\"fa fa-pinterest-p st-custom-button\" data-network=\"pinterest\"><\/div><\/div><\/div><div class=\"blocs2\"><div class=\"tit_medium\">Invia ad un amico<\/div><div class=\"redes_ficha\"><div class=\"fa fa-envelope st-custom-button\" data-network=\"email\"><\/div><div class=\"fa fa-whatsapp st-custom-button\" data-network=\"whatsapp\"><\/div><\/div><\/div><\/div><\/div><\/div>[\/vc_column_text][\/vc_column][\/vc_row][vc_row][vc_column][vc_column_text]<div id=\"siguexpl\" class=\"container sc\"><h2>Continua ad esplorare<\/h2><div class=\"row\"><a href=\"https:\/\/www.formentera.es\/it\/esplorare\/spiagge\/\" class=\"col-md-4\">\n\t\t\t\t\t\t<div class=\"row\">\n\t\t\t\t\t\t\t<div class=\"col-sm-4\" style=\"background-image: url(https:\/\/www.formentera.es\/wp-content\/uploads\/2025\/07\/illetas2025-300x225.webp)\"><\/div>\n\t\t\t\t\t\t\t<div class=\"col-sm-8\">\n\t\t\t\t\t\t\t\tSpiagge\n\t\t\t\t\t\t\t\t<i class=\"fa fa-angle-right\"><\/i>\n\t\t\t\t\t\t\t<\/div>\n\t\t\t\t\t\t\t<div class=\"bhover\"><\/div>\n\t\t\t\t\t\t<\/div>\n\t\t\t\t\t\t\n\t\t\t\t\t<\/a><a href=\"https:\/\/www.formentera.es\/it\/esplorare\/cultura-e-patrimonio\/\" class=\"col-md-4\">\n\t\t\t\t\t\t<div class=\"row\">\n\t\t\t\t\t\t\t<div class=\"col-sm-4\" style=\"background-image: url(https:\/\/www.formentera.es\/wp-content\/uploads\/2019\/01\/Torre-de-Sa-Gavina_Moonkoala-300x200.jpg)\"><\/div>\n\t\t\t\t\t\t\t<div class=\"col-sm-8\">\n\t\t\t\t\t\t\t\tCultura e patrimonio\n\t\t\t\t\t\t\t\t<i class=\"fa fa-angle-right\"><\/i>\n\t\t\t\t\t\t\t<\/div>\n\t\t\t\t\t\t\t<div class=\"bhover\"><\/div>\n\t\t\t\t\t\t<\/div>\n\t\t\t\t\t\t\n\t\t\t\t\t<\/a><a href=\"https:\/\/www.formentera.es\/it\/lisola\/\" class=\"col-md-4\">\n\t\t\t\t\t\t<div class=\"row\">\n\t\t\t\t\t\t\t<div class=\"col-sm-4\" style=\"background-image: url(https:\/\/www.formentera.es\/wp-content\/uploads\/2019\/01\/AdobeStock_68411178-300x179.jpg)\"><\/div>\n\t\t\t\t\t\t\t<div class=\"col-sm-8\">\n\t\t\t\t\t\t\t\tL\u2019Isola\n\t\t\t\t\t\t\t\t<i class=\"fa fa-angle-right\"><\/i>\n\t\t\t\t\t\t\t<\/div>\n\t\t\t\t\t\t\t<div class=\"bhover\"><\/div>\n\t\t\t\t\t\t<\/div>\n\t\t\t\t\t\t\n\t\t\t\t\t<\/a><\/div><\/div>[\/vc_column_text][\/vc_column][\/vc_row]<\/p>\n<\/div>","protected":false},"excerpt":{"rendered":"<p>[vc_row full_width=&#8221;stretch_row_content_no_spaces&#8221; content_placement=&#8221;middle&#8221; css=&#8221;.vc_custom_1549362852420{background-image: url(https:\/\/www.formentera.es\/wp-content\/uploads\/2019\/01\/LEVANTE-1E-JORGE-JIMENEZ.jpg?id=2033) !important;background-position: center !important;background-repeat: no-repeat !important;background-size: cover !important;}&#8221; el_id=&#8221;top_categoria&#8221; el_class=&#8221;planifica&#8221;][vc_column][vc_column_text] Informazioni [&hellip;]<\/p>\n","protected":false},"author":1,"featured_media":0,"parent":6655,"menu_order":0,"comment_status":"closed","ping_status":"closed","template":"page-gen.php","meta":{"_acf_changed":false,"footnotes":""},"categories":[],"class_list":["post-6653","page","type-page","status-publish","hentry"],"acf":[],"yoast_head":"<!-- This site is optimized with the Yoast SEO plugin v25.5 - https:\/\/yoast.com\/wordpress\/plugins\/seo\/ -->\n<title>Prepara tu visita Formentera | Turismo de Formentera<\/title>\n<meta name=\"description\" content=\"En esta p\u00e1gina encontrar\u00e1s toda la informaci\u00f3n que necesitas saber antes de llegar a la isla. Idioma, moneda, etc...\" \/>\n<meta name=\"robots\" content=\"index, follow, max-snippet:-1, max-image-preview:large, max-video-preview:-1\" \/>\n<link rel=\"canonical\" href=\"https:\/\/www.formentera.es\/it\/pianificazione\/informazioni-utili\/\" \/>\n<meta property=\"og:locale\" content=\"it_IT\" \/>\n<meta property=\"og:type\" content=\"article\" \/>\n<meta property=\"og:title\" content=\"Prepara tu visita Formentera | Turismo de Formentera\" \/>\n<meta property=\"og:description\" content=\"En esta p\u00e1gina encontrar\u00e1s toda la informaci\u00f3n que necesitas saber antes de llegar a la isla. Idioma, moneda, etc...\" \/>\n<meta property=\"og:url\" content=\"https:\/\/www.formentera.es\/it\/pianificazione\/informazioni-utili\/\" \/>\n<meta property=\"og:site_name\" content=\"Turismo de Formentera\" \/>\n<meta property=\"article:publisher\" content=\"https:\/\/www.facebook.com\/turismoformentera\/\" \/>\n<meta property=\"article:modified_time\" content=\"2024-09-26T10:25:39+00:00\" \/>\n<meta name=\"twitter:card\" content=\"summary_large_image\" \/>\n<meta name=\"twitter:site\" content=\"@visitformentera\" \/>\n<meta name=\"twitter:label1\" content=\"Tempo di lettura stimato\" \/>\n\t<meta name=\"twitter:data1\" content=\"5 minuti\" \/>\n<script type=\"application\/ld+json\" class=\"yoast-schema-graph\">{\"@context\":\"https:\/\/schema.org\",\"@graph\":[{\"@type\":\"WebPage\",\"@id\":\"https:\/\/www.formentera.es\/it\/pianificazione\/informazioni-utili\/\",\"url\":\"https:\/\/www.formentera.es\/it\/pianificazione\/informazioni-utili\/\",\"name\":\"Prepara tu visita Formentera | Turismo de Formentera\",\"isPartOf\":{\"@id\":\"https:\/\/www.formentera.es\/#website\"},\"datePublished\":\"2018-12-13T08:46:03+00:00\",\"dateModified\":\"2024-09-26T10:25:39+00:00\",\"description\":\"En esta p\u00e1gina encontrar\u00e1s toda la informaci\u00f3n que necesitas saber antes de llegar a la isla. Idioma, moneda, etc...\",\"breadcrumb\":{\"@id\":\"https:\/\/www.formentera.es\/it\/pianificazione\/informazioni-utili\/#breadcrumb\"},\"inLanguage\":\"it-IT\",\"potentialAction\":[{\"@type\":\"ReadAction\",\"target\":[\"https:\/\/www.formentera.es\/it\/pianificazione\/informazioni-utili\/\"]}]},{\"@type\":\"BreadcrumbList\",\"@id\":\"https:\/\/www.formentera.es\/it\/pianificazione\/informazioni-utili\/#breadcrumb\",\"itemListElement\":[{\"@type\":\"ListItem\",\"position\":1,\"name\":\"Portada\",\"item\":\"https:\/\/www.formentera.es\/it\/\"},{\"@type\":\"ListItem\",\"position\":2,\"name\":\"Pianificazione\",\"item\":\"https:\/\/www.formentera.es\/it\/pianificazione\/\"},{\"@type\":\"ListItem\",\"position\":3,\"name\":\"Informazioni utili\"}]},{\"@type\":\"WebSite\",\"@id\":\"https:\/\/www.formentera.es\/#website\",\"url\":\"https:\/\/www.formentera.es\/\",\"name\":\"Turismo de Formentera\",\"description\":\"Web oficial de Turismo de Formentera\",\"potentialAction\":[{\"@type\":\"SearchAction\",\"target\":{\"@type\":\"EntryPoint\",\"urlTemplate\":\"https:\/\/www.formentera.es\/?s={search_term_string}\"},\"query-input\":{\"@type\":\"PropertyValueSpecification\",\"valueRequired\":true,\"valueName\":\"search_term_string\"}}],\"inLanguage\":\"it-IT\"}]}<\/script>\n<!-- \/ Yoast SEO plugin. -->","yoast_head_json":{"title":"Prepara tu visita Formentera | Turismo de Formentera","description":"En esta p\u00e1gina encontrar\u00e1s toda la informaci\u00f3n que necesitas saber antes de llegar a la isla. Idioma, moneda, etc...","robots":{"index":"index","follow":"follow","max-snippet":"max-snippet:-1","max-image-preview":"max-image-preview:large","max-video-preview":"max-video-preview:-1"},"canonical":"https:\/\/www.formentera.es\/it\/pianificazione\/informazioni-utili\/","og_locale":"it_IT","og_type":"article","og_title":"Prepara tu visita Formentera | Turismo de Formentera","og_description":"En esta p\u00e1gina encontrar\u00e1s toda la informaci\u00f3n que necesitas saber antes de llegar a la isla. Idioma, moneda, etc...","og_url":"https:\/\/www.formentera.es\/it\/pianificazione\/informazioni-utili\/","og_site_name":"Turismo de Formentera","article_publisher":"https:\/\/www.facebook.com\/turismoformentera\/","article_modified_time":"2024-09-26T10:25:39+00:00","twitter_card":"summary_large_image","twitter_site":"@visitformentera","twitter_misc":{"Tempo di lettura stimato":"5 minuti"},"schema":{"@context":"https:\/\/schema.org","@graph":[{"@type":"WebPage","@id":"https:\/\/www.formentera.es\/it\/pianificazione\/informazioni-utili\/","url":"https:\/\/www.formentera.es\/it\/pianificazione\/informazioni-utili\/","name":"Prepara tu visita Formentera | Turismo de Formentera","isPartOf":{"@id":"https:\/\/www.formentera.es\/#website"},"datePublished":"2018-12-13T08:46:03+00:00","dateModified":"2024-09-26T10:25:39+00:00","description":"En esta p\u00e1gina encontrar\u00e1s toda la informaci\u00f3n que necesitas saber antes de llegar a la isla. Idioma, moneda, etc...","breadcrumb":{"@id":"https:\/\/www.formentera.es\/it\/pianificazione\/informazioni-utili\/#breadcrumb"},"inLanguage":"it-IT","potentialAction":[{"@type":"ReadAction","target":["https:\/\/www.formentera.es\/it\/pianificazione\/informazioni-utili\/"]}]},{"@type":"BreadcrumbList","@id":"https:\/\/www.formentera.es\/it\/pianificazione\/informazioni-utili\/#breadcrumb","itemListElement":[{"@type":"ListItem","position":1,"name":"Portada","item":"https:\/\/www.formentera.es\/it\/"},{"@type":"ListItem","position":2,"name":"Pianificazione","item":"https:\/\/www.formentera.es\/it\/pianificazione\/"},{"@type":"ListItem","position":3,"name":"Informazioni utili"}]},{"@type":"WebSite","@id":"https:\/\/www.formentera.es\/#website","url":"https:\/\/www.formentera.es\/","name":"Turismo de Formentera","description":"Web oficial de Turismo de Formentera","potentialAction":[{"@type":"SearchAction","target":{"@type":"EntryPoint","urlTemplate":"https:\/\/www.formentera.es\/?s={search_term_string}"},"query-input":{"@type":"PropertyValueSpecification","valueRequired":true,"valueName":"search_term_string"}}],"inLanguage":"it-IT"}]}},"_links":{"self":[{"href":"https:\/\/www.formentera.es\/it\/wp-json\/wp\/v2\/pages\/6653","targetHints":{"allow":["GET"]}}],"collection":[{"href":"https:\/\/www.formentera.es\/it\/wp-json\/wp\/v2\/pages"}],"about":[{"href":"https:\/\/www.formentera.es\/it\/wp-json\/wp\/v2\/types\/page"}],"author":[{"embeddable":true,"href":"https:\/\/www.formentera.es\/it\/wp-json\/wp\/v2\/users\/1"}],"replies":[{"embeddable":true,"href":"https:\/\/www.formentera.es\/it\/wp-json\/wp\/v2\/comments?post=6653"}],"version-history":[{"count":0,"href":"https:\/\/www.formentera.es\/it\/wp-json\/wp\/v2\/pages\/6653\/revisions"}],"up":[{"embeddable":true,"href":"https:\/\/www.formentera.es\/it\/wp-json\/wp\/v2\/pages\/6655"}],"wp:attachment":[{"href":"https:\/\/www.formentera.es\/it\/wp-json\/wp\/v2\/media?parent=6653"}],"wp:term":[{"taxonomy":"category","embeddable":true,"href":"https:\/\/www.formentera.es\/it\/wp-json\/wp\/v2\/categories?post=6653"}],"curies":[{"name":"wp","href":"https:\/\/api.w.org\/{rel}","templated":true}]}}