{"id":6635,"date":"2018-12-12T07:42:15","date_gmt":"2018-12-12T09:42:15","guid":{"rendered":"https:\/\/www.formentera.es\/como-llegar\/"},"modified":"2024-05-17T13:18:18","modified_gmt":"2024-05-17T11:18:18","slug":"como-llegar","status":"publish","type":"page","link":"https:\/\/www.formentera.es\/it\/pianificazione\/como-llegar\/","title":{"rendered":"Come arrivare"},"content":{"rendered":"<div class=\"wpb-content-wrapper\"><p>[vc_row full_width=&#8221;stretch_row_content_no_spaces&#8221; content_placement=&#8221;middle&#8221; css=&#8221;.vc_custom_1549362587573{background-image: url(https:\/\/www.formentera.es\/wp-content\/uploads\/2019\/01\/Pano_Estacio\u0301-Mari\u0301tima_Alfredo-Montero-1.jpg?id=2026) !important;background-position: center !important;background-repeat: no-repeat !important;background-size: cover !important;}&#8221; el_id=&#8221;top_categoria&#8221; el_class=&#8221;planifica&#8221;][vc_column][vc_column_text]<\/p>\n<h1>Come arrivare<\/h1>\n<p>[\/vc_column_text][\/vc_column][\/vc_row][vc_row full_width=&#8221;stretch_row&#8221; el_class=&#8221;bgen&#8221;][vc_column width=&#8221;2\/3&#8243;][vc_column_text]Formentera \u00e8 una vera e propria isola, in quanto non ha un aeroporto e pu\u00f2 essere raggiunta solo via mare. Ci\u00f2 rende sicuramente pi\u00f9 complicato e costoso arrivarci, tuttavia, le virt\u00f9 di Formentera &#8211; un eccellente stato di conservazione e quiete &#8211; sono in gran parte dovute a questo isolamento.<\/p>\n<p><strong>Formentera si raggiunge dall&#8217;isola di Ibiza, a cui si pu\u00f2 giungere in aereo o via mare<\/strong> da diversi porti spagnoli: Valencia, Denia e Barcellona. In alta stagione la compagnia di navigazione <a href=\"http:\/\/www.balearia.com\/\">Balearia<\/a> collega direttamente i porti di Denia e Formentera.<\/p>\n<p>Una volta a Ibiza, per raggiungere il porto di La Savina &#8211; unica via d&#8217;ingresso e di uscita dall&#8217;isola &#8211; diverse compagnie di navigazione effettuano viaggi ogni giorno della settimana con differente frequenza temporale (a seconda della stagione). La navigazione tra il porto di Ibiza e La Savina dura circa <strong>35 minuti<\/strong>.<\/p>\n<p><strong>Compagnie di navigazione che effettuano viaggi da Ibiza a Formentera:<\/strong><\/p>\n<ul>\n<li>Formentera Lines: +34 609 74 10 67 | <a href=\"https:\/\/www.formenteralines.com\/\" target=\"_blank\" rel=\"noopener noreferrer\">www.formenteralines.com<\/a><\/li>\n<li>Trasmapi: +34 971 31 44 33 | +34 971 32 27 03 | <a href=\"http:\/\/www.trasmapi.com\/\" target=\"_blank\" rel=\"noopener noreferrer\">www.trasmapi.com<\/a><\/li>\n<li>Bale\u00e0ria: +34 902 160 180 | +34 971 31 20 71 | <a href=\"http:\/\/www.balearia.net\/\" target=\"_blank\" rel=\"noopener noreferrer\">www.balearia.net<\/a><\/li>\n<li>Aquabus: Traghetto Economico Ibiza Formentera <a href=\"http:\/\/www.aquabusferryboats.com\/\" target=\"_blank\" rel=\"noopener noreferrer\">www.aquabusferryboats.com<\/a><\/li>\n<\/ul>\n<p><strong>Altre informazioni di interesse:<\/strong><\/p>\n<ul>\n<li>Pr\u00f3ximo ferry: <span style=\"font-weight: 400;\">sito web di informazioni integrate sul traffico marittimo tra i porti di Ibiza e Formentera<\/span>: <a href=\"http:\/\/www.proximoferry.com\/\" target=\"_blank\" rel=\"noopener noreferrer\">www.proximoferry.com<\/a><\/li>\n<li>Taxi marittimo: Barco Salao: (+34) 609 84 71 16 |<a href=\"http:\/\/www.formenterawatertaxi.es\/\" target=\"_blank\" rel=\"noopener noreferrer\"> www.formenterawatertaxi.es<\/a><\/li>\n<li><span style=\"font-weight: 400;\">Fly &amp; Vai Global Touristic Services: offre servizio di trasferimento in autobus dall&#8217;aeroporto al porto di Ibiza, biglietti per traghetti, alloggio, escursioni, noleggio veicoli e servizi speciali.<\/span> +34 629 585 917 | <a href=\"http:\/\/www.flyevai.com\/\" target=\"_blank\" rel=\"noopener noreferrer\">www.flyevai.com<\/a><\/li>\n<\/ul>\n<p>[\/vc_column_text][vc_single_image image=&#8221;19840&#8243; img_size=&#8221;full&#8221; onclick=&#8221;custom_link&#8221; link=&#8221;https:\/\/www.formentera.es\/it\/regolamento-lingresso-dei-veicoli-a-formentera\/&#8221;][vc_column_text]<strong>Traffic restrictions for vehicles from 1 June to 30 September (inclusive)<\/strong><\/p>\n<p>In application of the Law for the environmental and economic\u00a0\u00a0 sustainability of the island of Formentera, the entry, movement, circulation and parking of all types of motor vehicles is regulated.<\/p>\n<p>Visitors who come <strong>with their own vehicle<\/strong> can make their application on the website <a href=\"https:\/\/www.formentera.eco\/it\/\" target=\"_blank\" rel=\"noopener noreferrer\" data-saferedirecturl=\"https:\/\/www.google.com\/url?q=http:\/\/www.formentera.eco&amp;source=gmail&amp;ust=1686647964273000&amp;usg=AOvVaw0Yau3PLSUUXgUwfroOAzd8\">www.formentera.eco<\/a>.[\/vc_column_text][\/vc_column][vc_column width=&#8221;1\/3&#8243;][vc_wp_custommenu nav_menu=&#8221;1695&#8243; title=&#8221;Organizza il tuo viaggio&#8221;][vc_column_text]<div id=\"sidebar_ficha\"><a class=\"sidebar_breadcrumbs\" href=\"https:\/\/www.formentera.es\/it\/pianificazione\/\"><i class=\"fa fa-angle-left\"><\/i>Torna a Pianificazione<\/a><div class=\"content_sidebar\"><div class=\"bloc_share\"><div class=\"blocs1\"><div class=\"tit_medium\">Condividi<\/div><div class=\"redes_ficha\"><div class=\"fa fa-brands fa-x-twitter st-custom-button\" data-network=\"twitter\"><\/div><div class=\"fa fa-facebook st-custom-button\" data-network=\"facebook\"><\/div><div class=\"fa fa-pinterest-p st-custom-button\" data-network=\"pinterest\"><\/div><\/div><\/div><div class=\"blocs2\"><div class=\"tit_medium\">Invia ad un amico<\/div><div class=\"redes_ficha\"><div class=\"fa fa-envelope st-custom-button\" data-network=\"email\"><\/div><div class=\"fa fa-whatsapp st-custom-button\" data-network=\"whatsapp\"><\/div><\/div><\/div><\/div><\/div><\/div>[\/vc_column_text][\/vc_column][\/vc_row][vc_row][vc_column][vc_column_text]<div id=\"siguexpl\" class=\"container sc\"><h2>Continua ad esplorare<\/h2><div class=\"row\"><a href=\"https:\/\/www.formentera.es\/it\/lisola\/\" class=\"col-md-4\">\n\t\t\t\t\t\t<div class=\"row\">\n\t\t\t\t\t\t\t<div class=\"col-sm-4\" style=\"background-image: url(https:\/\/www.formentera.es\/wp-content\/uploads\/2019\/01\/AdobeStock_68411178-300x179.jpg)\"><\/div>\n\t\t\t\t\t\t\t<div class=\"col-sm-8\">\n\t\t\t\t\t\t\t\tL\u2019Isola\n\t\t\t\t\t\t\t\t<i class=\"fa fa-angle-right\"><\/i>\n\t\t\t\t\t\t\t<\/div>\n\t\t\t\t\t\t\t<div class=\"bhover\"><\/div>\n\t\t\t\t\t\t<\/div>\n\t\t\t\t\t\t\n\t\t\t\t\t<\/a><a href=\"https:\/\/www.formentera.es\/it\/esplorare\/attivita\/\" class=\"col-md-4\">\n\t\t\t\t\t\t<div class=\"row\">\n\t\t\t\t\t\t\t<div class=\"col-sm-4\" style=\"background-image: url(https:\/\/www.formentera.es\/wp-content\/uploads\/2018\/11\/ESCUELA-MUNICIPAL-DE-VELA-4NOMADAS-jjfoto\u0300graf-16-300x207.jpg)\"><\/div>\n\t\t\t\t\t\t\t<div class=\"col-sm-8\">\n\t\t\t\t\t\t\t\tAttivit\u00e0\n\t\t\t\t\t\t\t\t<i class=\"fa fa-angle-right\"><\/i>\n\t\t\t\t\t\t\t<\/div>\n\t\t\t\t\t\t\t<div class=\"bhover\"><\/div>\n\t\t\t\t\t\t<\/div>\n\t\t\t\t\t\t\n\t\t\t\t\t<\/a><a href=\"https:\/\/www.formentera.es\/it\/esplorare\/paesi\/\" class=\"col-md-4\">\n\t\t\t\t\t\t<div class=\"row\">\n\t\t\t\t\t\t\t<div class=\"col-sm-4\" style=\"background-image: url(https:\/\/www.formentera.es\/wp-content\/uploads\/2018\/11\/1_Esglesia-St.-Francesc-panoramica-300x190.jpg)\"><\/div>\n\t\t\t\t\t\t\t<div class=\"col-sm-8\">\n\t\t\t\t\t\t\t\tPaesi\n\t\t\t\t\t\t\t\t<i class=\"fa fa-angle-right\"><\/i>\n\t\t\t\t\t\t\t<\/div>\n\t\t\t\t\t\t\t<div class=\"bhover\"><\/div>\n\t\t\t\t\t\t<\/div>\n\t\t\t\t\t\t\n\t\t\t\t\t<\/a><\/div><\/div>[\/vc_column_text][\/vc_column][\/vc_row]<\/p>\n<\/div>","protected":false},"excerpt":{"rendered":"<p>[vc_row full_width=&#8221;stretch_row_content_no_spaces&#8221; content_placement=&#8221;middle&#8221; css=&#8221;.vc_custom_1549362587573{background-image: url(https:\/\/www.formentera.es\/wp-content\/uploads\/2019\/01\/Pano_Estacio\u0301-Mari\u0301tima_Alfredo-Montero-1.jpg?id=2026) !important;background-position: center !important;background-repeat: no-repeat !important;background-size: cover !important;}&#8221; el_id=&#8221;top_categoria&#8221; el_class=&#8221;planifica&#8221;][vc_column][vc_column_text] Come [&hellip;]<\/p>\n","protected":false},"author":1,"featured_media":6637,"parent":6655,"menu_order":0,"comment_status":"closed","ping_status":"closed","template":"page-gen.php","meta":{"_acf_changed":false,"footnotes":""},"categories":[],"class_list":["post-6635","page","type-page","status-publish","hentry"],"acf":[],"yoast_head":"<!-- This site is optimized with the Yoast SEO plugin v25.5 - https:\/\/yoast.com\/wordpress\/plugins\/seo\/ -->\n<title>\u00bfC\u00f3mo llegar a Formentera? | Turismo de Formentera<\/title>\n<meta name=\"description\" content=\"La llegada a Formentera se hace a trav\u00e9s de la isla de Ibiza a la que podemos acceder por v\u00eda a\u00e9rea o por v\u00eda mar\u00edtima desde varios puertos peninsulares\" \/>\n<meta name=\"robots\" content=\"index, follow, max-snippet:-1, max-image-preview:large, max-video-preview:-1\" \/>\n<link rel=\"canonical\" href=\"https:\/\/www.formentera.es\/it\/pianificazione\/como-llegar\/\" \/>\n<meta property=\"og:locale\" content=\"it_IT\" \/>\n<meta property=\"og:type\" content=\"article\" \/>\n<meta property=\"og:title\" content=\"\u00bfC\u00f3mo llegar a Formentera? | Turismo de Formentera\" \/>\n<meta property=\"og:description\" content=\"La llegada a Formentera se hace a trav\u00e9s de la isla de Ibiza a la que podemos acceder por v\u00eda a\u00e9rea o por v\u00eda mar\u00edtima desde varios puertos peninsulares\" \/>\n<meta property=\"og:url\" content=\"https:\/\/www.formentera.es\/it\/pianificazione\/como-llegar\/\" \/>\n<meta property=\"og:site_name\" content=\"Turismo de Formentera\" \/>\n<meta property=\"article:publisher\" content=\"https:\/\/www.facebook.com\/turismoformentera\/\" \/>\n<meta property=\"article:modified_time\" content=\"2024-05-17T11:18:18+00:00\" \/>\n<meta property=\"og:image\" content=\"https:\/\/www.formentera.es\/wp-content\/uploads\/2019\/01\/Pano_Estacio\u0301-Mari\u0301tima_Alfredo-Montero-1.jpg\" \/>\n\t<meta property=\"og:image:width\" content=\"1900\" \/>\n\t<meta property=\"og:image:height\" content=\"869\" \/>\n\t<meta property=\"og:image:type\" content=\"image\/jpeg\" \/>\n<meta name=\"twitter:card\" content=\"summary_large_image\" \/>\n<meta name=\"twitter:site\" content=\"@visitformentera\" \/>\n<meta name=\"twitter:label1\" content=\"Tempo di lettura stimato\" \/>\n\t<meta name=\"twitter:data1\" content=\"2 minuti\" \/>\n<script type=\"application\/ld+json\" class=\"yoast-schema-graph\">{\"@context\":\"https:\/\/schema.org\",\"@graph\":[{\"@type\":\"WebPage\",\"@id\":\"https:\/\/www.formentera.es\/it\/pianificazione\/como-llegar\/\",\"url\":\"https:\/\/www.formentera.es\/it\/pianificazione\/como-llegar\/\",\"name\":\"\u00bfC\u00f3mo llegar a Formentera? | Turismo de Formentera\",\"isPartOf\":{\"@id\":\"https:\/\/www.formentera.es\/#website\"},\"primaryImageOfPage\":{\"@id\":\"https:\/\/www.formentera.es\/it\/pianificazione\/como-llegar\/#primaryimage\"},\"image\":{\"@id\":\"https:\/\/www.formentera.es\/it\/pianificazione\/como-llegar\/#primaryimage\"},\"thumbnailUrl\":\"https:\/\/www.formentera.es\/wp-content\/uploads\/2019\/01\/Pano_Estacio\u0301-Mari\u0301tima_Alfredo-Montero-1.jpg\",\"datePublished\":\"2018-12-12T09:42:15+00:00\",\"dateModified\":\"2024-05-17T11:18:18+00:00\",\"description\":\"La llegada a Formentera se hace a trav\u00e9s de la isla de Ibiza a la que podemos acceder por v\u00eda a\u00e9rea o por v\u00eda mar\u00edtima desde varios puertos peninsulares\",\"breadcrumb\":{\"@id\":\"https:\/\/www.formentera.es\/it\/pianificazione\/como-llegar\/#breadcrumb\"},\"inLanguage\":\"it-IT\",\"potentialAction\":[{\"@type\":\"ReadAction\",\"target\":[\"https:\/\/www.formentera.es\/it\/pianificazione\/como-llegar\/\"]}]},{\"@type\":\"ImageObject\",\"inLanguage\":\"it-IT\",\"@id\":\"https:\/\/www.formentera.es\/it\/pianificazione\/como-llegar\/#primaryimage\",\"url\":\"https:\/\/www.formentera.es\/wp-content\/uploads\/2019\/01\/Pano_Estacio\u0301-Mari\u0301tima_Alfredo-Montero-1.jpg\",\"contentUrl\":\"https:\/\/www.formentera.es\/wp-content\/uploads\/2019\/01\/Pano_Estacio\u0301-Mari\u0301tima_Alfredo-Montero-1.jpg\",\"width\":1900,\"height\":869},{\"@type\":\"BreadcrumbList\",\"@id\":\"https:\/\/www.formentera.es\/it\/pianificazione\/como-llegar\/#breadcrumb\",\"itemListElement\":[{\"@type\":\"ListItem\",\"position\":1,\"name\":\"Portada\",\"item\":\"https:\/\/www.formentera.es\/it\/\"},{\"@type\":\"ListItem\",\"position\":2,\"name\":\"Pianificazione\",\"item\":\"https:\/\/www.formentera.es\/it\/pianificazione\/\"},{\"@type\":\"ListItem\",\"position\":3,\"name\":\"Come arrivare\"}]},{\"@type\":\"WebSite\",\"@id\":\"https:\/\/www.formentera.es\/#website\",\"url\":\"https:\/\/www.formentera.es\/\",\"name\":\"Turismo de Formentera\",\"description\":\"Web oficial de Turismo de Formentera\",\"potentialAction\":[{\"@type\":\"SearchAction\",\"target\":{\"@type\":\"EntryPoint\",\"urlTemplate\":\"https:\/\/www.formentera.es\/?s={search_term_string}\"},\"query-input\":{\"@type\":\"PropertyValueSpecification\",\"valueRequired\":true,\"valueName\":\"search_term_string\"}}],\"inLanguage\":\"it-IT\"}]}<\/script>\n<!-- \/ Yoast SEO plugin. -->","yoast_head_json":{"title":"\u00bfC\u00f3mo llegar a Formentera? | Turismo de Formentera","description":"La llegada a Formentera se hace a trav\u00e9s de la isla de Ibiza a la que podemos acceder por v\u00eda a\u00e9rea o por v\u00eda mar\u00edtima desde varios puertos peninsulares","robots":{"index":"index","follow":"follow","max-snippet":"max-snippet:-1","max-image-preview":"max-image-preview:large","max-video-preview":"max-video-preview:-1"},"canonical":"https:\/\/www.formentera.es\/it\/pianificazione\/como-llegar\/","og_locale":"it_IT","og_type":"article","og_title":"\u00bfC\u00f3mo llegar a Formentera? | Turismo de Formentera","og_description":"La llegada a Formentera se hace a trav\u00e9s de la isla de Ibiza a la que podemos acceder por v\u00eda a\u00e9rea o por v\u00eda mar\u00edtima desde varios puertos peninsulares","og_url":"https:\/\/www.formentera.es\/it\/pianificazione\/como-llegar\/","og_site_name":"Turismo de Formentera","article_publisher":"https:\/\/www.facebook.com\/turismoformentera\/","article_modified_time":"2024-05-17T11:18:18+00:00","og_image":[{"width":1900,"height":869,"url":"https:\/\/www.formentera.es\/wp-content\/uploads\/2019\/01\/Pano_Estacio\u0301-Mari\u0301tima_Alfredo-Montero-1.jpg","type":"image\/jpeg"}],"twitter_card":"summary_large_image","twitter_site":"@visitformentera","twitter_misc":{"Tempo di lettura stimato":"2 minuti"},"schema":{"@context":"https:\/\/schema.org","@graph":[{"@type":"WebPage","@id":"https:\/\/www.formentera.es\/it\/pianificazione\/como-llegar\/","url":"https:\/\/www.formentera.es\/it\/pianificazione\/como-llegar\/","name":"\u00bfC\u00f3mo llegar a Formentera? | Turismo de Formentera","isPartOf":{"@id":"https:\/\/www.formentera.es\/#website"},"primaryImageOfPage":{"@id":"https:\/\/www.formentera.es\/it\/pianificazione\/como-llegar\/#primaryimage"},"image":{"@id":"https:\/\/www.formentera.es\/it\/pianificazione\/como-llegar\/#primaryimage"},"thumbnailUrl":"https:\/\/www.formentera.es\/wp-content\/uploads\/2019\/01\/Pano_Estacio\u0301-Mari\u0301tima_Alfredo-Montero-1.jpg","datePublished":"2018-12-12T09:42:15+00:00","dateModified":"2024-05-17T11:18:18+00:00","description":"La llegada a Formentera se hace a trav\u00e9s de la isla de Ibiza a la que podemos acceder por v\u00eda a\u00e9rea o por v\u00eda mar\u00edtima desde varios puertos peninsulares","breadcrumb":{"@id":"https:\/\/www.formentera.es\/it\/pianificazione\/como-llegar\/#breadcrumb"},"inLanguage":"it-IT","potentialAction":[{"@type":"ReadAction","target":["https:\/\/www.formentera.es\/it\/pianificazione\/como-llegar\/"]}]},{"@type":"ImageObject","inLanguage":"it-IT","@id":"https:\/\/www.formentera.es\/it\/pianificazione\/como-llegar\/#primaryimage","url":"https:\/\/www.formentera.es\/wp-content\/uploads\/2019\/01\/Pano_Estacio\u0301-Mari\u0301tima_Alfredo-Montero-1.jpg","contentUrl":"https:\/\/www.formentera.es\/wp-content\/uploads\/2019\/01\/Pano_Estacio\u0301-Mari\u0301tima_Alfredo-Montero-1.jpg","width":1900,"height":869},{"@type":"BreadcrumbList","@id":"https:\/\/www.formentera.es\/it\/pianificazione\/como-llegar\/#breadcrumb","itemListElement":[{"@type":"ListItem","position":1,"name":"Portada","item":"https:\/\/www.formentera.es\/it\/"},{"@type":"ListItem","position":2,"name":"Pianificazione","item":"https:\/\/www.formentera.es\/it\/pianificazione\/"},{"@type":"ListItem","position":3,"name":"Come arrivare"}]},{"@type":"WebSite","@id":"https:\/\/www.formentera.es\/#website","url":"https:\/\/www.formentera.es\/","name":"Turismo de Formentera","description":"Web oficial de Turismo de Formentera","potentialAction":[{"@type":"SearchAction","target":{"@type":"EntryPoint","urlTemplate":"https:\/\/www.formentera.es\/?s={search_term_string}"},"query-input":{"@type":"PropertyValueSpecification","valueRequired":true,"valueName":"search_term_string"}}],"inLanguage":"it-IT"}]}},"_links":{"self":[{"href":"https:\/\/www.formentera.es\/it\/wp-json\/wp\/v2\/pages\/6635","targetHints":{"allow":["GET"]}}],"collection":[{"href":"https:\/\/www.formentera.es\/it\/wp-json\/wp\/v2\/pages"}],"about":[{"href":"https:\/\/www.formentera.es\/it\/wp-json\/wp\/v2\/types\/page"}],"author":[{"embeddable":true,"href":"https:\/\/www.formentera.es\/it\/wp-json\/wp\/v2\/users\/1"}],"replies":[{"embeddable":true,"href":"https:\/\/www.formentera.es\/it\/wp-json\/wp\/v2\/comments?post=6635"}],"version-history":[{"count":0,"href":"https:\/\/www.formentera.es\/it\/wp-json\/wp\/v2\/pages\/6635\/revisions"}],"up":[{"embeddable":true,"href":"https:\/\/www.formentera.es\/it\/wp-json\/wp\/v2\/pages\/6655"}],"wp:featuredmedia":[{"embeddable":true,"href":"https:\/\/www.formentera.es\/it\/wp-json\/wp\/v2\/media\/6637"}],"wp:attachment":[{"href":"https:\/\/www.formentera.es\/it\/wp-json\/wp\/v2\/media?parent=6635"}],"wp:term":[{"taxonomy":"category","embeddable":true,"href":"https:\/\/www.formentera.es\/it\/wp-json\/wp\/v2\/categories?post=6635"}],"curies":[{"name":"wp","href":"https:\/\/api.w.org\/{rel}","templated":true}]}}