{"id":5662,"date":"2018-12-12T07:42:58","date_gmt":"2018-12-12T09:42:58","guid":{"rendered":"https:\/\/www.formentera.es\/amarres-puertos\/"},"modified":"2023-07-03T09:58:48","modified_gmt":"2023-07-03T07:58:48","slug":"amarrages","status":"publish","type":"page","link":"https:\/\/www.formentera.es\/fr\/planifier\/amarrages\/","title":{"rendered":"Amarrages"},"content":{"rendered":"<div class=\"wpb-content-wrapper\"><p>[vc_row full_width=\u00a0\u00bbstretch_row_content_no_spaces\u00a0\u00bb content_placement=\u00a0\u00bbmiddle\u00a0\u00bb css=\u00a0\u00bb.vc_custom_1549362793100{background-image: url(https:\/\/www.formentera.es\/wp-content\/uploads\/2019\/01\/amarres_formentera-1.jpg?id=2044) !important;background-position: center !important;background-repeat: no-repeat !important;background-size: cover !important;}\u00a0\u00bb el_id=\u00a0\u00bbtop_categoria\u00a0\u00bb el_class=\u00a0\u00bbplanifica\u00a0\u00bb][vc_column][vc_column_text]<\/p>\n<h1><b>Amarrages (port)<\/b><\/h1>\n<p>[\/vc_column_text][\/vc_column][\/vc_row][vc_row el_class=\u00a0\u00bbbgen\u00a0\u00bb][vc_column width=\u00a0\u00bb2\/3&Prime;][vc_column_text]La Savina est le port de Formentera et il se trouve situ\u00e9 dans la zone nord de l\u2019\u00eele. Il dispose d\u2019un port de plaisance avec tous les services indispensables pour couvrir les besoins du navigateur.<\/p>\n<p>Il existe 2 <b>entreprises <\/b>qui g\u00e8rent les plus de 150 amarrages du Port de la Savina :<\/p>\n<p><strong>MARINA LA SAVINA<br \/>\n<\/strong><\/p>\n<p>Situ\u00e9 sur le quai ouest<\/p>\n<p>Latitude: 38\u00ba 44\u2019 1&Prime; N Longitude: 01\u00ba 24\u2019 9&Prime; E<\/p>\n<p><a href=\"https:\/\/marinalasavina.com\/\">www.marinalasavina.com<\/a><\/p>\n<p>T\u00e9l\u00e9phone +34 971 105 533 | info@marinalasavina.com<\/p>\n<p><strong>PORT FORMENTERA MARINA<\/strong><\/p>\n<p>Situ\u00e9 sur le quai est<\/p>\n<p>Latitude: 38\u00ba 44 &rsquo;00 \u00ab\u00a0longitude N \u00b0: 01\u00ba 25 &rsquo;01\u00a0\u00bb E<\/p>\n<p><a href=\"https:\/\/www.portformentera.com\/\">www.portformentera.com<\/a><\/p>\n<p>T\u00e9l\u00e9phone: +34 971 370 053 | Email: capitania@portformentera.com<\/p>\n<p><strong><b>MOUILLAGE AU-DESSUS DE LA POSIDONIE<\/b><\/strong><\/p>\n<p>Conscients du patrimoine naturel que repr\u00e9sentent les prairies de Posidonie, ainsi que du besoin de les conserver, le mouillage d\u2019embarcations sur la posidonie a \u00e9t\u00e9 r\u00e9glement\u00e9 ; pour de plus amples renseignements, veuillez consulter: <a href=\"http:\/\/www.portsib.es\">www.portsib.es<\/a><\/p>\n<p><strong><b>R\u00c9GATES \u00c0 FORMENTERA<\/b><\/strong><\/p>\n<p>Il y a actuellement plusieurs r\u00e9gates qui mettent le cap vers Formentera, partant de diff\u00e9rents endroits comme Torrevieja (R\u00e9gate Estrella Levante), Sitges (R\u00e9gate Ophiusa), Calpe (R\u00e9gate Pe\u00f1\u00f3n de Ifach) et Majorque (R\u00e9gate Palma-Formentera-Palma Memorial Pepe Bellver).[\/vc_column_text][\/vc_column][vc_column width=\u00a0\u00bb1\/3&Prime;][vc_wp_custommenu nav_menu=\u00a0\u00bb20&Prime; title=\u00a0\u00bbPlanifica tu viaje\u00a0\u00bb][vc_column_text]<div id=\"sidebar_ficha\"><a class=\"sidebar_breadcrumbs\" href=\"https:\/\/www.formentera.es\/fr\/planifier\/\"><i class=\"fa fa-angle-left\"><\/i>Retourner \u00e0 Planifier<\/a><div class=\"content_sidebar\"><div class=\"bloc_share\"><div class=\"blocs1\"><div class=\"tit_medium\">Partager<\/div><div class=\"redes_ficha\"><div class=\"fa fa-brands fa-x-twitter st-custom-button\" data-network=\"twitter\"><\/div><div class=\"fa fa-facebook st-custom-button\" data-network=\"facebook\"><\/div><div class=\"fa fa-pinterest-p st-custom-button\" data-network=\"pinterest\"><\/div><\/div><\/div><div class=\"blocs2\"><div class=\"tit_medium\">Envoyer \u00e0 un ami<\/div><div class=\"redes_ficha\"><div class=\"fa fa-envelope st-custom-button\" data-network=\"email\"><\/div><div class=\"fa fa-whatsapp st-custom-button\" data-network=\"whatsapp\"><\/div><\/div><\/div><\/div><\/div><\/div>[\/vc_column_text][\/vc_column][\/vc_row][vc_row][vc_column][vc_column_text]<div id=\"siguexpl\" class=\"container sc\"><h2>Continuez \u00e0 explorer<\/h2><div class=\"row\"><a href=\"https:\/\/www.formentera.es\/fr\/explorer\/lieux-dinteret-touristique\/\" class=\"col-md-4\">\n\t\t\t\t\t\t<div class=\"row\">\n\t\t\t\t\t\t\t<div class=\"col-sm-4\" style=\"background-image: url(https:\/\/www.formentera.es\/wp-content\/uploads\/2018\/12\/audio_16-mp3-image-300x297.png)\"><\/div>\n\t\t\t\t\t\t\t<div class=\"col-sm-8\">\n\t\t\t\t\t\t\t\tLieux d\u2019int\u00e9r\u00eat touristique\n\t\t\t\t\t\t\t\t<i class=\"fa fa-angle-right\"><\/i>\n\t\t\t\t\t\t\t<\/div>\n\t\t\t\t\t\t\t<div class=\"bhover\"><\/div>\n\t\t\t\t\t\t<\/div>\n\t\t\t\t\t\t\n\t\t\t\t\t<\/a><a href=\"https:\/\/www.formentera.es\/fr\/explorer\/villages\/\" class=\"col-md-4\">\n\t\t\t\t\t\t<div class=\"row\">\n\t\t\t\t\t\t\t<div class=\"col-sm-4\" style=\"background-image: url(https:\/\/www.formentera.es\/wp-content\/uploads\/2018\/11\/1_Esglesia-St.-Francesc-panoramica-300x190.jpg)\"><\/div>\n\t\t\t\t\t\t\t<div class=\"col-sm-8\">\n\t\t\t\t\t\t\t\tVillages\n\t\t\t\t\t\t\t\t<i class=\"fa fa-angle-right\"><\/i>\n\t\t\t\t\t\t\t<\/div>\n\t\t\t\t\t\t\t<div class=\"bhover\"><\/div>\n\t\t\t\t\t\t<\/div>\n\t\t\t\t\t\t\n\t\t\t\t\t<\/a><a href=\"https:\/\/www.formentera.es\/fr\/explorer\/plages\/\" class=\"col-md-4\">\n\t\t\t\t\t\t<div class=\"row\">\n\t\t\t\t\t\t\t<div class=\"col-sm-4\" style=\"background-image: url(https:\/\/www.formentera.es\/wp-content\/uploads\/2025\/07\/illetas2025-300x225.webp)\"><\/div>\n\t\t\t\t\t\t\t<div class=\"col-sm-8\">\n\t\t\t\t\t\t\t\tPlages\n\t\t\t\t\t\t\t\t<i class=\"fa fa-angle-right\"><\/i>\n\t\t\t\t\t\t\t<\/div>\n\t\t\t\t\t\t\t<div class=\"bhover\"><\/div>\n\t\t\t\t\t\t<\/div>\n\t\t\t\t\t\t\n\t\t\t\t\t<\/a><\/div><\/div>[\/vc_column_text][\/vc_column][\/vc_row]<\/p>\n<\/div>","protected":false},"excerpt":{"rendered":"<p>[vc_row full_width=\u00a0\u00bbstretch_row_content_no_spaces\u00a0\u00bb content_placement=\u00a0\u00bbmiddle\u00a0\u00bb css=\u00a0\u00bb.vc_custom_1549362793100{background-image: url(https:\/\/www.formentera.es\/wp-content\/uploads\/2019\/01\/amarres_formentera-1.jpg?id=2044) !important;background-position: center !important;background-repeat: no-repeat !important;background-size: cover !important;}\u00a0\u00bb el_id=\u00a0\u00bbtop_categoria\u00a0\u00bb el_class=\u00a0\u00bbplanifica\u00a0\u00bb][vc_column][vc_column_text] Amarrages [&hellip;]<\/p>\n","protected":false},"author":1,"featured_media":0,"parent":6153,"menu_order":0,"comment_status":"closed","ping_status":"closed","template":"page-gen.php","meta":{"_acf_changed":false,"footnotes":""},"categories":[],"class_list":["post-5662","page","type-page","status-publish","hentry"],"acf":[],"yoast_head":"<!-- This site is optimized with the Yoast SEO plugin v25.5 - https:\/\/yoast.com\/wordpress\/plugins\/seo\/ -->\n<title>Informaci\u00f3n de amarres y puertos de Formentera | Turismo de Formentera<\/title>\n<meta name=\"description\" content=\"Conoce el puerto de Formentera, La Savina. Todos los servicios con los que cuenta, adem\u00e1s de los amarres disponibles y normas de uso.\" \/>\n<meta name=\"robots\" content=\"index, follow, max-snippet:-1, max-image-preview:large, max-video-preview:-1\" \/>\n<link rel=\"canonical\" href=\"https:\/\/www.formentera.es\/fr\/planifier\/amarrages\/\" \/>\n<meta property=\"og:locale\" content=\"fr_FR\" \/>\n<meta property=\"og:type\" content=\"article\" \/>\n<meta property=\"og:title\" content=\"Informaci\u00f3n de amarres y puertos de Formentera | Turismo de Formentera\" \/>\n<meta property=\"og:description\" content=\"Conoce el puerto de Formentera, La Savina. Todos los servicios con los que cuenta, adem\u00e1s de los amarres disponibles y normas de uso.\" \/>\n<meta property=\"og:url\" content=\"https:\/\/www.formentera.es\/fr\/planifier\/amarrages\/\" \/>\n<meta property=\"og:site_name\" content=\"Turismo de Formentera\" \/>\n<meta property=\"article:publisher\" content=\"https:\/\/www.facebook.com\/turismoformentera\/\" \/>\n<meta property=\"article:modified_time\" content=\"2023-07-03T07:58:48+00:00\" \/>\n<meta name=\"twitter:card\" content=\"summary_large_image\" \/>\n<meta name=\"twitter:site\" content=\"@visitformentera\" \/>\n<meta name=\"twitter:label1\" content=\"Dur\u00e9e de lecture estim\u00e9e\" \/>\n\t<meta name=\"twitter:data1\" content=\"2 minutes\" \/>\n<script type=\"application\/ld+json\" class=\"yoast-schema-graph\">{\"@context\":\"https:\/\/schema.org\",\"@graph\":[{\"@type\":\"WebPage\",\"@id\":\"https:\/\/www.formentera.es\/fr\/planifier\/amarrages\/\",\"url\":\"https:\/\/www.formentera.es\/fr\/planifier\/amarrages\/\",\"name\":\"Informaci\u00f3n de amarres y puertos de Formentera | Turismo de Formentera\",\"isPartOf\":{\"@id\":\"https:\/\/www.formentera.es\/#website\"},\"datePublished\":\"2018-12-12T09:42:58+00:00\",\"dateModified\":\"2023-07-03T07:58:48+00:00\",\"description\":\"Conoce el puerto de Formentera, La Savina. Todos los servicios con los que cuenta, adem\u00e1s de los amarres disponibles y normas de uso.\",\"breadcrumb\":{\"@id\":\"https:\/\/www.formentera.es\/fr\/planifier\/amarrages\/#breadcrumb\"},\"inLanguage\":\"fr-FR\",\"potentialAction\":[{\"@type\":\"ReadAction\",\"target\":[\"https:\/\/www.formentera.es\/fr\/planifier\/amarrages\/\"]}]},{\"@type\":\"BreadcrumbList\",\"@id\":\"https:\/\/www.formentera.es\/fr\/planifier\/amarrages\/#breadcrumb\",\"itemListElement\":[{\"@type\":\"ListItem\",\"position\":1,\"name\":\"Portada\",\"item\":\"https:\/\/www.formentera.es\/fr\/\"},{\"@type\":\"ListItem\",\"position\":2,\"name\":\"Planifier\",\"item\":\"https:\/\/www.formentera.es\/fr\/planifier\/\"},{\"@type\":\"ListItem\",\"position\":3,\"name\":\"Amarrages\"}]},{\"@type\":\"WebSite\",\"@id\":\"https:\/\/www.formentera.es\/#website\",\"url\":\"https:\/\/www.formentera.es\/\",\"name\":\"Turismo de Formentera\",\"description\":\"Web oficial de Turismo de Formentera\",\"potentialAction\":[{\"@type\":\"SearchAction\",\"target\":{\"@type\":\"EntryPoint\",\"urlTemplate\":\"https:\/\/www.formentera.es\/?s={search_term_string}\"},\"query-input\":{\"@type\":\"PropertyValueSpecification\",\"valueRequired\":true,\"valueName\":\"search_term_string\"}}],\"inLanguage\":\"fr-FR\"}]}<\/script>\n<!-- \/ Yoast SEO plugin. -->","yoast_head_json":{"title":"Informaci\u00f3n de amarres y puertos de Formentera | Turismo de Formentera","description":"Conoce el puerto de Formentera, La Savina. Todos los servicios con los que cuenta, adem\u00e1s de los amarres disponibles y normas de uso.","robots":{"index":"index","follow":"follow","max-snippet":"max-snippet:-1","max-image-preview":"max-image-preview:large","max-video-preview":"max-video-preview:-1"},"canonical":"https:\/\/www.formentera.es\/fr\/planifier\/amarrages\/","og_locale":"fr_FR","og_type":"article","og_title":"Informaci\u00f3n de amarres y puertos de Formentera | Turismo de Formentera","og_description":"Conoce el puerto de Formentera, La Savina. Todos los servicios con los que cuenta, adem\u00e1s de los amarres disponibles y normas de uso.","og_url":"https:\/\/www.formentera.es\/fr\/planifier\/amarrages\/","og_site_name":"Turismo de Formentera","article_publisher":"https:\/\/www.facebook.com\/turismoformentera\/","article_modified_time":"2023-07-03T07:58:48+00:00","twitter_card":"summary_large_image","twitter_site":"@visitformentera","twitter_misc":{"Dur\u00e9e de lecture estim\u00e9e":"2 minutes"},"schema":{"@context":"https:\/\/schema.org","@graph":[{"@type":"WebPage","@id":"https:\/\/www.formentera.es\/fr\/planifier\/amarrages\/","url":"https:\/\/www.formentera.es\/fr\/planifier\/amarrages\/","name":"Informaci\u00f3n de amarres y puertos de Formentera | Turismo de Formentera","isPartOf":{"@id":"https:\/\/www.formentera.es\/#website"},"datePublished":"2018-12-12T09:42:58+00:00","dateModified":"2023-07-03T07:58:48+00:00","description":"Conoce el puerto de Formentera, La Savina. Todos los servicios con los que cuenta, adem\u00e1s de los amarres disponibles y normas de uso.","breadcrumb":{"@id":"https:\/\/www.formentera.es\/fr\/planifier\/amarrages\/#breadcrumb"},"inLanguage":"fr-FR","potentialAction":[{"@type":"ReadAction","target":["https:\/\/www.formentera.es\/fr\/planifier\/amarrages\/"]}]},{"@type":"BreadcrumbList","@id":"https:\/\/www.formentera.es\/fr\/planifier\/amarrages\/#breadcrumb","itemListElement":[{"@type":"ListItem","position":1,"name":"Portada","item":"https:\/\/www.formentera.es\/fr\/"},{"@type":"ListItem","position":2,"name":"Planifier","item":"https:\/\/www.formentera.es\/fr\/planifier\/"},{"@type":"ListItem","position":3,"name":"Amarrages"}]},{"@type":"WebSite","@id":"https:\/\/www.formentera.es\/#website","url":"https:\/\/www.formentera.es\/","name":"Turismo de Formentera","description":"Web oficial de Turismo de Formentera","potentialAction":[{"@type":"SearchAction","target":{"@type":"EntryPoint","urlTemplate":"https:\/\/www.formentera.es\/?s={search_term_string}"},"query-input":{"@type":"PropertyValueSpecification","valueRequired":true,"valueName":"search_term_string"}}],"inLanguage":"fr-FR"}]}},"_links":{"self":[{"href":"https:\/\/www.formentera.es\/fr\/wp-json\/wp\/v2\/pages\/5662","targetHints":{"allow":["GET"]}}],"collection":[{"href":"https:\/\/www.formentera.es\/fr\/wp-json\/wp\/v2\/pages"}],"about":[{"href":"https:\/\/www.formentera.es\/fr\/wp-json\/wp\/v2\/types\/page"}],"author":[{"embeddable":true,"href":"https:\/\/www.formentera.es\/fr\/wp-json\/wp\/v2\/users\/1"}],"replies":[{"embeddable":true,"href":"https:\/\/www.formentera.es\/fr\/wp-json\/wp\/v2\/comments?post=5662"}],"version-history":[{"count":0,"href":"https:\/\/www.formentera.es\/fr\/wp-json\/wp\/v2\/pages\/5662\/revisions"}],"up":[{"embeddable":true,"href":"https:\/\/www.formentera.es\/fr\/wp-json\/wp\/v2\/pages\/6153"}],"wp:attachment":[{"href":"https:\/\/www.formentera.es\/fr\/wp-json\/wp\/v2\/media?parent=5662"}],"wp:term":[{"taxonomy":"category","embeddable":true,"href":"https:\/\/www.formentera.es\/fr\/wp-json\/wp\/v2\/categories?post=5662"}],"curies":[{"name":"wp","href":"https:\/\/api.w.org\/{rel}","templated":true}]}}