{"id":5615,"date":"2018-12-12T07:42:15","date_gmt":"2018-12-12T09:42:15","guid":{"rendered":"https:\/\/www.formentera.es\/como-llegar\/"},"modified":"2024-05-17T13:12:27","modified_gmt":"2024-05-17T11:12:27","slug":"comment-venir","status":"publish","type":"page","link":"https:\/\/www.formentera.es\/fr\/planifier\/comment-venir\/","title":{"rendered":"Comment venir"},"content":{"rendered":"<div class=\"wpb-content-wrapper\"><p>[vc_row full_width=\u00a0\u00bbstretch_row_content_no_spaces\u00a0\u00bb content_placement=\u00a0\u00bbmiddle\u00a0\u00bb css=\u00a0\u00bb.vc_custom_1549362587573{background-image: url(https:\/\/www.formentera.es\/wp-content\/uploads\/2019\/01\/Pano_Estacio\u0301-Mari\u0301tima_Alfredo-Montero-1.jpg?id=2026) !important;background-position: center !important;background-repeat: no-repeat !important;background-size: cover !important;}\u00a0\u00bb el_id=\u00a0\u00bbtop_categoria\u00a0\u00bb el_class=\u00a0\u00bbplanifica\u00a0\u00bb][vc_column][vc_column_text]<\/p>\n<h1>Comment venir<\/h1>\n<p>[\/vc_column_text][\/vc_column][\/vc_row][vc_row full_width=\u00a0\u00bbstretch_row\u00a0\u00bb el_class=\u00a0\u00bbbgen\u00a0\u00bb][vc_column width=\u00a0\u00bb2\/3&Prime;][vc_column_text]Formentera est une v\u00e9ritable \u00eele, car n\u2019ayant pas d\u2019a\u00e9roport, elle est uniquement accessible par voie maritime. Cela fait qu\u2019y arriver soit un peu plus compliqu\u00e9 et on\u00e9reux. N\u00e9anmoins, les vertus de Formentera -excellent \u00e9tat de conservation et calme- sont dues en grande partie \u00e0 cet isolement.<\/p>\n<p>L\u2019arriv\u00e9e \u00e0 Formentera se fait \u00e0 travers l\u2019\u00eele d\u2019Ibiza \u00e0 laquelle nous pouvons acc\u00e9der par voie a\u00e9rienne ou par voie maritime depuis plusieurs ports p\u00e9ninsulaires. Valence, Denia et Barcelone. La compagnie maritime\u00a0<a href=\"http:\/\/www.balearia.com\/\" target=\"_blank\" rel=\"noopener noreferrer\">Balearia<\/a> relie les ports de Denia et Formentera directement pendant les mois de haute saison.<\/p>\n<p>Une fois \u00e0 Ibiza, pour arriver jusqu\u2019au port de La Savina -la seule voie d\u2019entr\u00e9e et sortie \u00e0 l\u2019\u00eele- plusieurs compagnies maritimes font le trajet tous les jours de la semaine avec diff\u00e9rentes fr\u00e9quences au niveau des horaires (selon la saison). La navigation entre le port d\u2019Ibiza et la Savina a une dur\u00e9e de 35 minutes.<\/p>\n<p>Compagnies maritimes qui couvrent les trajets vers l\u2019\u00eele depuis Ibiza :<br \/>\nFormentera Lines : +34 609 74 10 67 | <a href=\"https:\/\/www.formenteralines.com\/\">www.formenteralines.com<\/a><br \/>\nTrasmapi : +34 971 314 433 | 971 322 703 | <a href=\"http:\/\/www.trasmapi.com\">www.trasmapi.com<\/a><br \/>\nBale\u00e0ria : +34 902 160 180 | 971 312 071 | <a href=\"http:\/\/www.balearia.net\">www.balearia.com<\/a><br \/>\nAquabus : Ferry Ibiza Formentera Econ\u00f3mico <a href=\"http:\/\/www.aquabusferryboats.com\">www.aquabusferryboats.com<\/a><\/p>\n<p>Pr\u00f3ximo ferry : site Internet d\u2019information int\u00e9gr\u00e9e du trafic maritime entre les ports d\u2019Ibiza et de Formentera : <a href=\"http:\/\/www.proximoferry.com\">www.proximoferry.com<\/a><\/p>\n<p>Taxi maritime : Barco Salao : (+34) 609 847 116 | <a href=\"http:\/\/www.formenterawatertaxi.es\">www.formenterawatertaxi.es<\/a><br \/>\nFly &amp; Vai Global Touristic Services : propose un service de navette en bus de l\u2019a\u00e9roport au port d\u2019Ibiza, des billets de bateau, h\u00e9bergements, excursions, location de v\u00e9hicules et services sp\u00e9ciaux. +34 629 585 917 | <a href=\"http:\/\/www.flyevai.com\">www.flyevai.com<\/a>[\/vc_column_text][vc_single_image image=\u00a0\u00bb19838&Prime; img_size=\u00a0\u00bbfull\u00a0\u00bb onclick=\u00a0\u00bbcustom_link\u00a0\u00bb link=\u00a0\u00bbhttps:\/\/www.formentera.es\/fr\/reglement-de-lentree-des-vehicules-a-formentera\/\u00a0\u00bb][vc_column_text]<strong>Traffic restrictions for vehicles from 1 June to 30 September (inclusive)<\/strong><\/p>\n<p>In application of the Law for the environmental and economic\u00a0\u00a0 sustainability of the island of Formentera, the entry, movement, circulation and parking of all types of motor vehicles is regulated.<\/p>\n<p>Visitors who come with <strong>their own vehicle<\/strong> can make their application on the website <a href=\"https:\/\/www.formentera.eco\/fr\/\" target=\"_blank\" rel=\"noopener noreferrer\" data-saferedirecturl=\"https:\/\/www.google.com\/url?q=http:\/\/www.formentera.eco&amp;source=gmail&amp;ust=1686647964273000&amp;usg=AOvVaw0Yau3PLSUUXgUwfroOAzd8\">www.formentera.eco<\/a>.[\/vc_column_text][\/vc_column][vc_column width=\u00a0\u00bb1\/3&Prime;][vc_wp_custommenu nav_menu=\u00a0\u00bb1329&Prime; title=\u00a0\u00bbPlanifiez votre voyage\u00a0\u00bb][vc_column_text]<div id=\"sidebar_ficha\"><a class=\"sidebar_breadcrumbs\" href=\"https:\/\/www.formentera.es\/fr\/planifier\/\"><i class=\"fa fa-angle-left\"><\/i>Retourner \u00e0 Planifier<\/a><div class=\"content_sidebar\"><div class=\"bloc_share\"><div class=\"blocs1\"><div class=\"tit_medium\">Partager<\/div><div class=\"redes_ficha\"><div class=\"fa fa-brands fa-x-twitter st-custom-button\" data-network=\"twitter\"><\/div><div class=\"fa fa-facebook st-custom-button\" data-network=\"facebook\"><\/div><div class=\"fa fa-pinterest-p st-custom-button\" data-network=\"pinterest\"><\/div><\/div><\/div><div class=\"blocs2\"><div class=\"tit_medium\">Envoyer \u00e0 un ami<\/div><div class=\"redes_ficha\"><div class=\"fa fa-envelope st-custom-button\" data-network=\"email\"><\/div><div class=\"fa fa-whatsapp st-custom-button\" data-network=\"whatsapp\"><\/div><\/div><\/div><\/div><\/div><\/div>[\/vc_column_text][\/vc_column][\/vc_row][vc_row][vc_column][vc_column_text]<div id=\"siguexpl\" class=\"container sc\"><h2>Continuez \u00e0 explorer<\/h2><div class=\"row\"><a href=\"https:\/\/www.formentera.es\/fr\/explorer\/lieux-dinteret-touristique\/\" class=\"col-md-4\">\n\t\t\t\t\t\t<div class=\"row\">\n\t\t\t\t\t\t\t<div class=\"col-sm-4\" style=\"background-image: url(https:\/\/www.formentera.es\/wp-content\/uploads\/2018\/12\/audio_16-mp3-image-300x297.png)\"><\/div>\n\t\t\t\t\t\t\t<div class=\"col-sm-8\">\n\t\t\t\t\t\t\t\tLieux d\u2019int\u00e9r\u00eat touristique\n\t\t\t\t\t\t\t\t<i class=\"fa fa-angle-right\"><\/i>\n\t\t\t\t\t\t\t<\/div>\n\t\t\t\t\t\t\t<div class=\"bhover\"><\/div>\n\t\t\t\t\t\t<\/div>\n\t\t\t\t\t\t\n\t\t\t\t\t<\/a><a href=\"https:\/\/www.formentera.es\/fr\/explorer\/activites\/\" class=\"col-md-4\">\n\t\t\t\t\t\t<div class=\"row\">\n\t\t\t\t\t\t\t<div class=\"col-sm-4\" style=\"background-image: url(https:\/\/www.formentera.es\/wp-content\/uploads\/2018\/11\/ESCUELA-MUNICIPAL-DE-VELA-4NOMADAS-jjfoto\u0300graf-16-300x207.jpg)\"><\/div>\n\t\t\t\t\t\t\t<div class=\"col-sm-8\">\n\t\t\t\t\t\t\t\tActivit\u00e9s\n\t\t\t\t\t\t\t\t<i class=\"fa fa-angle-right\"><\/i>\n\t\t\t\t\t\t\t<\/div>\n\t\t\t\t\t\t\t<div class=\"bhover\"><\/div>\n\t\t\t\t\t\t<\/div>\n\t\t\t\t\t\t\n\t\t\t\t\t<\/a><a href=\"https:\/\/www.formentera.es\/fr\/explorer\/villages\/\" class=\"col-md-4\">\n\t\t\t\t\t\t<div class=\"row\">\n\t\t\t\t\t\t\t<div class=\"col-sm-4\" style=\"background-image: url(https:\/\/www.formentera.es\/wp-content\/uploads\/2018\/11\/1_Esglesia-St.-Francesc-panoramica-300x190.jpg)\"><\/div>\n\t\t\t\t\t\t\t<div class=\"col-sm-8\">\n\t\t\t\t\t\t\t\tVillages\n\t\t\t\t\t\t\t\t<i class=\"fa fa-angle-right\"><\/i>\n\t\t\t\t\t\t\t<\/div>\n\t\t\t\t\t\t\t<div class=\"bhover\"><\/div>\n\t\t\t\t\t\t<\/div>\n\t\t\t\t\t\t\n\t\t\t\t\t<\/a><\/div><\/div>[\/vc_column_text][\/vc_column][\/vc_row]<\/p>\n<\/div>","protected":false},"excerpt":{"rendered":"<p>[vc_row full_width=\u00a0\u00bbstretch_row_content_no_spaces\u00a0\u00bb content_placement=\u00a0\u00bbmiddle\u00a0\u00bb css=\u00a0\u00bb.vc_custom_1549362587573{background-image: url(https:\/\/www.formentera.es\/wp-content\/uploads\/2019\/01\/Pano_Estacio\u0301-Mari\u0301tima_Alfredo-Montero-1.jpg?id=2026) !important;background-position: center !important;background-repeat: no-repeat !important;background-size: cover !important;}\u00a0\u00bb el_id=\u00a0\u00bbtop_categoria\u00a0\u00bb el_class=\u00a0\u00bbplanifica\u00a0\u00bb][vc_column][vc_column_text] Comment [&hellip;]<\/p>\n","protected":false},"author":1,"featured_media":5617,"parent":6153,"menu_order":0,"comment_status":"closed","ping_status":"closed","template":"page-gen.php","meta":{"_acf_changed":false,"footnotes":""},"categories":[],"class_list":["post-5615","page","type-page","status-publish","hentry"],"acf":[],"yoast_head":"<!-- This site is optimized with the Yoast SEO plugin v25.5 - https:\/\/yoast.com\/wordpress\/plugins\/seo\/ -->\n<title>\u00bfC\u00f3mo llegar a Formentera? | Turismo de Formentera<\/title>\n<meta name=\"description\" content=\"La llegada a Formentera se hace a trav\u00e9s de la isla de Ibiza a la que podemos acceder por v\u00eda a\u00e9rea o por v\u00eda mar\u00edtima desde varios puertos peninsulares\" \/>\n<meta name=\"robots\" content=\"index, follow, max-snippet:-1, max-image-preview:large, max-video-preview:-1\" \/>\n<link rel=\"canonical\" href=\"https:\/\/www.formentera.es\/fr\/planifier\/comment-venir\/\" \/>\n<meta property=\"og:locale\" content=\"fr_FR\" \/>\n<meta property=\"og:type\" content=\"article\" \/>\n<meta property=\"og:title\" content=\"\u00bfC\u00f3mo llegar a Formentera? | Turismo de Formentera\" \/>\n<meta property=\"og:description\" content=\"La llegada a Formentera se hace a trav\u00e9s de la isla de Ibiza a la que podemos acceder por v\u00eda a\u00e9rea o por v\u00eda mar\u00edtima desde varios puertos peninsulares\" \/>\n<meta property=\"og:url\" content=\"https:\/\/www.formentera.es\/fr\/planifier\/comment-venir\/\" \/>\n<meta property=\"og:site_name\" content=\"Turismo de Formentera\" \/>\n<meta property=\"article:publisher\" content=\"https:\/\/www.facebook.com\/turismoformentera\/\" \/>\n<meta property=\"article:modified_time\" content=\"2024-05-17T11:12:27+00:00\" \/>\n<meta property=\"og:image\" content=\"https:\/\/www.formentera.es\/wp-content\/uploads\/2019\/01\/Pano_Estacio\u0301-Mari\u0301tima_Alfredo-Montero-1.jpg\" \/>\n\t<meta property=\"og:image:width\" content=\"1900\" \/>\n\t<meta property=\"og:image:height\" content=\"869\" \/>\n\t<meta property=\"og:image:type\" content=\"image\/jpeg\" \/>\n<meta name=\"twitter:card\" content=\"summary_large_image\" \/>\n<meta name=\"twitter:site\" content=\"@visitformentera\" \/>\n<meta name=\"twitter:label1\" content=\"Dur\u00e9e de lecture estim\u00e9e\" \/>\n\t<meta name=\"twitter:data1\" content=\"2 minutes\" \/>\n<script type=\"application\/ld+json\" class=\"yoast-schema-graph\">{\"@context\":\"https:\/\/schema.org\",\"@graph\":[{\"@type\":\"WebPage\",\"@id\":\"https:\/\/www.formentera.es\/fr\/planifier\/comment-venir\/\",\"url\":\"https:\/\/www.formentera.es\/fr\/planifier\/comment-venir\/\",\"name\":\"\u00bfC\u00f3mo llegar a Formentera? | Turismo de Formentera\",\"isPartOf\":{\"@id\":\"https:\/\/www.formentera.es\/#website\"},\"primaryImageOfPage\":{\"@id\":\"https:\/\/www.formentera.es\/fr\/planifier\/comment-venir\/#primaryimage\"},\"image\":{\"@id\":\"https:\/\/www.formentera.es\/fr\/planifier\/comment-venir\/#primaryimage\"},\"thumbnailUrl\":\"https:\/\/www.formentera.es\/wp-content\/uploads\/2019\/01\/Pano_Estacio\u0301-Mari\u0301tima_Alfredo-Montero-1.jpg\",\"datePublished\":\"2018-12-12T09:42:15+00:00\",\"dateModified\":\"2024-05-17T11:12:27+00:00\",\"description\":\"La llegada a Formentera se hace a trav\u00e9s de la isla de Ibiza a la que podemos acceder por v\u00eda a\u00e9rea o por v\u00eda mar\u00edtima desde varios puertos peninsulares\",\"breadcrumb\":{\"@id\":\"https:\/\/www.formentera.es\/fr\/planifier\/comment-venir\/#breadcrumb\"},\"inLanguage\":\"fr-FR\",\"potentialAction\":[{\"@type\":\"ReadAction\",\"target\":[\"https:\/\/www.formentera.es\/fr\/planifier\/comment-venir\/\"]}]},{\"@type\":\"ImageObject\",\"inLanguage\":\"fr-FR\",\"@id\":\"https:\/\/www.formentera.es\/fr\/planifier\/comment-venir\/#primaryimage\",\"url\":\"https:\/\/www.formentera.es\/wp-content\/uploads\/2019\/01\/Pano_Estacio\u0301-Mari\u0301tima_Alfredo-Montero-1.jpg\",\"contentUrl\":\"https:\/\/www.formentera.es\/wp-content\/uploads\/2019\/01\/Pano_Estacio\u0301-Mari\u0301tima_Alfredo-Montero-1.jpg\",\"width\":1900,\"height\":869},{\"@type\":\"BreadcrumbList\",\"@id\":\"https:\/\/www.formentera.es\/fr\/planifier\/comment-venir\/#breadcrumb\",\"itemListElement\":[{\"@type\":\"ListItem\",\"position\":1,\"name\":\"Portada\",\"item\":\"https:\/\/www.formentera.es\/fr\/\"},{\"@type\":\"ListItem\",\"position\":2,\"name\":\"Planifier\",\"item\":\"https:\/\/www.formentera.es\/fr\/planifier\/\"},{\"@type\":\"ListItem\",\"position\":3,\"name\":\"Comment venir\"}]},{\"@type\":\"WebSite\",\"@id\":\"https:\/\/www.formentera.es\/#website\",\"url\":\"https:\/\/www.formentera.es\/\",\"name\":\"Turismo de Formentera\",\"description\":\"Web oficial de Turismo de Formentera\",\"potentialAction\":[{\"@type\":\"SearchAction\",\"target\":{\"@type\":\"EntryPoint\",\"urlTemplate\":\"https:\/\/www.formentera.es\/?s={search_term_string}\"},\"query-input\":{\"@type\":\"PropertyValueSpecification\",\"valueRequired\":true,\"valueName\":\"search_term_string\"}}],\"inLanguage\":\"fr-FR\"}]}<\/script>\n<!-- \/ Yoast SEO plugin. -->","yoast_head_json":{"title":"\u00bfC\u00f3mo llegar a Formentera? | Turismo de Formentera","description":"La llegada a Formentera se hace a trav\u00e9s de la isla de Ibiza a la que podemos acceder por v\u00eda a\u00e9rea o por v\u00eda mar\u00edtima desde varios puertos peninsulares","robots":{"index":"index","follow":"follow","max-snippet":"max-snippet:-1","max-image-preview":"max-image-preview:large","max-video-preview":"max-video-preview:-1"},"canonical":"https:\/\/www.formentera.es\/fr\/planifier\/comment-venir\/","og_locale":"fr_FR","og_type":"article","og_title":"\u00bfC\u00f3mo llegar a Formentera? | Turismo de Formentera","og_description":"La llegada a Formentera se hace a trav\u00e9s de la isla de Ibiza a la que podemos acceder por v\u00eda a\u00e9rea o por v\u00eda mar\u00edtima desde varios puertos peninsulares","og_url":"https:\/\/www.formentera.es\/fr\/planifier\/comment-venir\/","og_site_name":"Turismo de Formentera","article_publisher":"https:\/\/www.facebook.com\/turismoformentera\/","article_modified_time":"2024-05-17T11:12:27+00:00","og_image":[{"width":1900,"height":869,"url":"https:\/\/www.formentera.es\/wp-content\/uploads\/2019\/01\/Pano_Estacio\u0301-Mari\u0301tima_Alfredo-Montero-1.jpg","type":"image\/jpeg"}],"twitter_card":"summary_large_image","twitter_site":"@visitformentera","twitter_misc":{"Dur\u00e9e de lecture estim\u00e9e":"2 minutes"},"schema":{"@context":"https:\/\/schema.org","@graph":[{"@type":"WebPage","@id":"https:\/\/www.formentera.es\/fr\/planifier\/comment-venir\/","url":"https:\/\/www.formentera.es\/fr\/planifier\/comment-venir\/","name":"\u00bfC\u00f3mo llegar a Formentera? | Turismo de Formentera","isPartOf":{"@id":"https:\/\/www.formentera.es\/#website"},"primaryImageOfPage":{"@id":"https:\/\/www.formentera.es\/fr\/planifier\/comment-venir\/#primaryimage"},"image":{"@id":"https:\/\/www.formentera.es\/fr\/planifier\/comment-venir\/#primaryimage"},"thumbnailUrl":"https:\/\/www.formentera.es\/wp-content\/uploads\/2019\/01\/Pano_Estacio\u0301-Mari\u0301tima_Alfredo-Montero-1.jpg","datePublished":"2018-12-12T09:42:15+00:00","dateModified":"2024-05-17T11:12:27+00:00","description":"La llegada a Formentera se hace a trav\u00e9s de la isla de Ibiza a la que podemos acceder por v\u00eda a\u00e9rea o por v\u00eda mar\u00edtima desde varios puertos peninsulares","breadcrumb":{"@id":"https:\/\/www.formentera.es\/fr\/planifier\/comment-venir\/#breadcrumb"},"inLanguage":"fr-FR","potentialAction":[{"@type":"ReadAction","target":["https:\/\/www.formentera.es\/fr\/planifier\/comment-venir\/"]}]},{"@type":"ImageObject","inLanguage":"fr-FR","@id":"https:\/\/www.formentera.es\/fr\/planifier\/comment-venir\/#primaryimage","url":"https:\/\/www.formentera.es\/wp-content\/uploads\/2019\/01\/Pano_Estacio\u0301-Mari\u0301tima_Alfredo-Montero-1.jpg","contentUrl":"https:\/\/www.formentera.es\/wp-content\/uploads\/2019\/01\/Pano_Estacio\u0301-Mari\u0301tima_Alfredo-Montero-1.jpg","width":1900,"height":869},{"@type":"BreadcrumbList","@id":"https:\/\/www.formentera.es\/fr\/planifier\/comment-venir\/#breadcrumb","itemListElement":[{"@type":"ListItem","position":1,"name":"Portada","item":"https:\/\/www.formentera.es\/fr\/"},{"@type":"ListItem","position":2,"name":"Planifier","item":"https:\/\/www.formentera.es\/fr\/planifier\/"},{"@type":"ListItem","position":3,"name":"Comment venir"}]},{"@type":"WebSite","@id":"https:\/\/www.formentera.es\/#website","url":"https:\/\/www.formentera.es\/","name":"Turismo de Formentera","description":"Web oficial de Turismo de Formentera","potentialAction":[{"@type":"SearchAction","target":{"@type":"EntryPoint","urlTemplate":"https:\/\/www.formentera.es\/?s={search_term_string}"},"query-input":{"@type":"PropertyValueSpecification","valueRequired":true,"valueName":"search_term_string"}}],"inLanguage":"fr-FR"}]}},"_links":{"self":[{"href":"https:\/\/www.formentera.es\/fr\/wp-json\/wp\/v2\/pages\/5615","targetHints":{"allow":["GET"]}}],"collection":[{"href":"https:\/\/www.formentera.es\/fr\/wp-json\/wp\/v2\/pages"}],"about":[{"href":"https:\/\/www.formentera.es\/fr\/wp-json\/wp\/v2\/types\/page"}],"author":[{"embeddable":true,"href":"https:\/\/www.formentera.es\/fr\/wp-json\/wp\/v2\/users\/1"}],"replies":[{"embeddable":true,"href":"https:\/\/www.formentera.es\/fr\/wp-json\/wp\/v2\/comments?post=5615"}],"version-history":[{"count":0,"href":"https:\/\/www.formentera.es\/fr\/wp-json\/wp\/v2\/pages\/5615\/revisions"}],"up":[{"embeddable":true,"href":"https:\/\/www.formentera.es\/fr\/wp-json\/wp\/v2\/pages\/6153"}],"wp:featuredmedia":[{"embeddable":true,"href":"https:\/\/www.formentera.es\/fr\/wp-json\/wp\/v2\/media\/5617"}],"wp:attachment":[{"href":"https:\/\/www.formentera.es\/fr\/wp-json\/wp\/v2\/media?parent=5615"}],"wp:term":[{"taxonomy":"category","embeddable":true,"href":"https:\/\/www.formentera.es\/fr\/wp-json\/wp\/v2\/categories?post=5615"}],"curies":[{"name":"wp","href":"https:\/\/api.w.org\/{rel}","templated":true}]}}