{"id":12043,"date":"2020-04-15T17:07:42","date_gmt":"2020-04-15T15:07:42","guid":{"rendered":"https:\/\/www.formentera.es\/explorer\/activites\/routes-vertes\/es-carnatge-es-arenals\/"},"modified":"2020-04-21T15:44:05","modified_gmt":"2020-04-21T13:44:05","slug":"es-carnatge-es-arenals","status":"publish","type":"page","link":"https:\/\/www.formentera.es\/fr\/explorer\/activites\/routes-vertes\/es-carnatge-es-arenals\/","title":{"rendered":"Es Carnatge  &#8211;  Es Arenals"},"content":{"rendered":"<div class=\"wpb-content-wrapper\"><p>[vc_row][vc_column width=\u00a0\u00bb8\/12&Prime;][vc_column_text]Dans cette partie de l&rsquo;\u00eele, seuls deux kilom\u00e8tres s\u00e9parent la c\u00f4te de Tramuntana et celle de Migjorn, \u00e0 l&rsquo;oppos\u00e9. Cet itin\u00e9raire, partant approximativement du kilom\u00e8tre 11 de la route, relie <strong>Es Carnatge \u00e0 la plage d&rsquo;Es Arenals<\/strong>. La partie d&rsquo;Es Carnatge, \u00e0 proximit\u00e9 du petit <a href=\"https:\/\/www.formentera.es\/fr\/explorer\/villages\/es-calo-de-sant-agusti\/\">village de p\u00eacheurs d&rsquo;Es Cal\u00f3 de Sant Agust\u00ed<\/a>, est un espace naturel et silencieux. La promenade continue sur un chemin goudronn\u00e9 qui passe entre des maisons isol\u00e9es, souvent entour\u00e9es de potagers familiaux. Dans cet environnement agricole peuvent \u00eatre observ\u00e9s des troupeaux domestiques, des figuiers soutenus et des murs en pierre s\u00e8che. Dans sa partie finale, le chemin emprunte une zone bois\u00e9e puis d\u00e9bouche sur la plage d&rsquo;Es Arenals, l&rsquo;une des plus fr\u00e9quent\u00e9es par les touristes, \u00e9tant d&rsquo;une grande beaut\u00e9 et facile d&rsquo;acc\u00e8s. Deux couleurs r\u00e9sument le caract\u00e8re de cette plage : le bleu turquoise des eaux cristallines et la blancheur du sable, \u00e0 laquelle elle doit son nom. De plus, les eaux \u00e9tant peu profondes, il s&rsquo;agit d&rsquo;un endroit id\u00e9al pour passer une journ\u00e9e \u00e0 la plage en famille. Ce secteur compte \u00e9galement de nombreux \u00e9tablissements h\u00f4teliers traditionnels \u00e0 la gestion familiale.<\/p>\n<p>Es Arenals est, comme <a href=\"https:\/\/www.formentera.es\/fr\/explorer\/villages\/es-pujols\/\">Es Pujols<\/a>, l&rsquo;une des deux plages adapt\u00e9es aux personnes \u00e0 mobilit\u00e9 r\u00e9duite. Elles sont \u00e9quip\u00e9es de : descentes d&rsquo;acc\u00e8s, plateformes ombrag\u00e9es, rampes et chaises amphibies. Elles sont \u00e9galement surveill\u00e9es par des secouristes. La plage d&rsquo;Es Arenals dispose de plus des places de parking et de toilettes pour les personnes \u00e0 mobilit\u00e9 r\u00e9duite.[\/vc_column_text][\/vc_column][vc_column width=\u00a0\u00bb4\/12&Prime;][vc_column_text]<div id=\"back_blue\"><h3>T\u00e9l\u00e9chargez l'itin\u00e9raire<\/h3><div><img decoding=\"async\" src=\"https:\/\/www.formentera.es\/wp-content\/themes\/Formentera\/img\/mapas-de-google-w.svg\"><a href=\"https:\/\/www.google.com\/maps\/d\/u\/0\/embed?mid=1e14jk6GJ6txICBxA9uWUV3U76su7T17m\" target=\"_blank\">Voir l'itin\u00e9raire sur Google Maps<\/a><\/div><div><img decoding=\"async\" src=\"https:\/\/www.formentera.es\/wp-content\/themes\/Formentera\/img\/maps-and-location-w.svg\" class=\"pl_5\"><a href=\"https:\/\/www.formentera.es\/wp-content\/uploads\/2020\/04\/23.-Es-Carnatge-Es-Arenals.gpx.zip\" target=\"_blank\">T\u00e9l\u00e9chargez l'itin\u00e9raire pour le GPS<\/a><\/div><div><img decoding=\"async\" src=\"https:\/\/www.formentera.es\/wp-content\/themes\/Formentera\/img\/pin-w.svg\"><a href=\"https:\/\/es.wikiloc.com\/rutas-senderismo\/ruta-23-es-carnatge-es-arenals-48413608\" target=\"_blank\">Voir l'itin\u00e9raire sur Wikiloc<\/a><\/div><div><img decoding=\"async\" src=\"https:\/\/www.formentera.es\/wp-content\/themes\/Formentera\/img\/descarga-w.svg\"><a href=\"Array\" target=\"_blank\">T\u00e9l\u00e9chargez le fichier<\/a><\/div><\/div><div id=\"como_llegar\"><a href=\"https:\/\/www.google.com\/maps?saddr=My+Location&daddr=38.6792,1.50882\" target=\"_blank\">Comment arriver au point de d\u00e9part?<\/a><img decoding=\"async\" src=\"https:\/\/www.formentera.es\/wp-content\/themes\/Formentera\/img\/start.svg\"><\/div>[\/vc_column_text][\/vc_column][\/vc_row][vc_row][vc_column][vc_gmaps link=\u00a0\u00bb#E-8_JTNDaWZyYW1lJTIwc3JjJTNEJTIyaHR0cHMlM0ElMkYlMkZ3d3cuZ29vZ2xlLmNvbSUyRm1hcHMlMkZkJTJGdSUyRjAlMkZlbWJlZCUzRm1pZCUzRDFlMTRqazZHSjZ0eElDQnhBOXVXVVYzVTc2c3U3VDE3bSUyMiUyMCUyMHdpZHRoJTNEJTIyNjAwJTIyJTIwaGVpZ2h0JTNEJTIyNDUwJTIyJTIwZnJhbWVib3JkZXIlM0QlMjIwJTIyJTIwc3R5bGUlM0QlMjJib3JkZXIlM0EwJTIyJTIwYWxsb3dmdWxsc2NyZWVuJTNFJTNDJTJGaWZyYW1lJTNFJTBB\u00a0\u00bb size=\u00a0\u00bb\u00a0\u00bb][\/vc_column][\/vc_row][vc_row full_width=\u00a0\u00bbstretch_row_content_no_spaces\u00a0\u00bb][vc_column][vc_column_text]<style>#jtg-11151 .modula-item .jtg-social a, .lightbox-socials.jtg-social a{ fill: #ffffff; color: #ffffff }#jtg-11151 .modula-item .jtg-social-mobile a{ fill: #ffffff; color: #ffffff }#jtg-11151 .modula-item .jtg-social svg, .lightbox-socials.jtg-social svg { height: 16px; width: 16px }#jtg-11151 .modula-item .jtg-social-mobile svg { height: 16px; width: 16px }#jtg-11151 .modula-item .jtg-social a:not(:last-child), .lightbox-socials.jtg-social a:not(:last-child) { margin-right: 10px }#jtg-11151 .modula-item .jtg-social-mobile .jtg-social-mobile-icons a:not(:last-child){ margin-right: 10px }#jtg-11151 .modula-item .figc {color:#ffffff;}#jtg-11151 .modula-item .modula-item-content { transform: scale(1) }#jtg-11151 .modula-items .figc p.description { font-size:14px; }#jtg-11151 .modula-items .figc p.description { color:#ffffff;}#jtg-11151.modula-gallery .modula-item > a, #jtg-11151.modula-gallery .modula-item, #jtg-11151.modula-gallery .modula-item-content > a:not(.modula-no-follow) { cursor:zoom-in; } #jtg-11151.modula-gallery .modula-item-content .modula-no-follow { cursor: default; } #jtg-11151 .modula-item { background-color:#ffffff; }#jtg-11151 .modula-item:hover img { opacity: 0.5; }#jtg-11151 .modula-item { transform: scale(1) translate(0px,0px) rotate(0deg); }@media screen and (max-width:480px){#jtg-11151 .modula-item .figc .jtg-title {  font-size: 12px; }#jtg-11151 .modula-items .figc p.description { color:#ffffff;font-size:10px; }}#jtg-11151 .modula-items .modula-item:hover img{opacity:1;}<\/style>\n<div  id=\"jtg-11151\" class=\"modula modula-gallery modula-custom-grid\" data-config=\"{&quot;height&quot;:800,&quot;tabletHeight&quot;:800,&quot;mobileHeight&quot;:800,&quot;desktopHeight&quot;:800,&quot;enableTwitter&quot;:true,&quot;enableWhatsapp&quot;:false,&quot;enableFacebook&quot;:true,&quot;enablePinterest&quot;:true,&quot;enableLinkedin&quot;:true,&quot;enableEmail&quot;:false,&quot;randomFactor&quot;:0.5,&quot;type&quot;:&quot;custom-grid&quot;,&quot;columns&quot;:12,&quot;gutter&quot;:10,&quot;mobileGutter&quot;:10,&quot;tabletGutter&quot;:10,&quot;desktopGutter&quot;:10,&quot;enableResponsive&quot;:&quot;0&quot;,&quot;tabletColumns&quot;:2,&quot;mobileColumns&quot;:1,&quot;lazyLoad&quot;:&quot;0&quot;,&quot;lightboxOpts&quot;:{&quot;animated&quot;:true,&quot;Thumbs&quot;:{&quot;type&quot;:&quot;modern&quot;,&quot;showOnStart&quot;:false},&quot;Toolbar&quot;:{&quot;display&quot;:{&quot;right&quot;:[&quot;close&quot;]},&quot;enabled&quot;:true},&quot;Carousel&quot;:{&quot;Panzoom&quot;:{&quot;touch&quot;:false},&quot;infinite&quot;:false},&quot;keyboard&quot;:{&quot;Escape&quot;:&quot;close&quot;,&quot;Delete&quot;:&quot;close&quot;,&quot;Backspace&quot;:&quot;close&quot;,&quot;PageUp&quot;:false,&quot;PageDown&quot;:false,&quot;ArrowUp&quot;:false,&quot;ArrowDown&quot;:false,&quot;ArrowRight&quot;:false,&quot;ArrowLeft&quot;:false},&quot;touch&quot;:false,&quot;backdropClick&quot;:false,&quot;l10n&quot;:{&quot;CLOSE&quot;:&quot;Close&quot;,&quot;NEXT&quot;:&quot;Next&quot;,&quot;PREV&quot;:&quot;Previous&quot;,&quot;Error&quot;:&quot;The requested content cannot be loaded. Please try again later.&quot;,&quot;PLAY_START&quot;:&quot;Start slideshow&quot;,&quot;PLAY_STOP&quot;:&quot;Pause slideshow&quot;,&quot;FULL_SCREEN&quot;:&quot;Full screen&quot;,&quot;THUMBS&quot;:&quot;Thumbnails&quot;,&quot;DOWNLOAD&quot;:&quot;Download&quot;,&quot;SHARE&quot;:&quot;Share&quot;,&quot;ZOOM&quot;:&quot;Zoom&quot;,&quot;EMAIL&quot;:&quot;Here is the link to the image : %%image_link%% and this is the link to the gallery : %%gallery_link%%&quot;,&quot;MODAL&quot;:&quot;You can close this modal content with the ESC key&quot;,&quot;ERROR&quot;:&quot;Something Went Wrong, Please Try Again Later&quot;,&quot;IMAGE_ERROR&quot;:&quot;Image Not Found&quot;,&quot;ELEMENT_NOT_FOUND&quot;:&quot;HTML Element Not Found&quot;,&quot;AJAX_NOT_FOUND&quot;:&quot;Error Loading AJAX : Not Found&quot;,&quot;AJAX_FORBIDDEN&quot;:&quot;Error Loading AJAX : Forbidden&quot;,&quot;IFRAME_ERROR&quot;:&quot;Error Loading Page&quot;,&quot;TOGGLE_ZOOM&quot;:&quot;Toggle zoom level&quot;,&quot;TOGGLE_THUMBS&quot;:&quot;Toggle thumbnails&quot;,&quot;TOGGLE_SLIDESHOW&quot;:&quot;Toggle slideshow&quot;,&quot;TOGGLE_FULLSCREEN&quot;:&quot;Toggle full-screen mode&quot;},&quot;Images&quot;:{&quot;Panzoom&quot;:{&quot;maxScale&quot;:2}},&quot;mainClass&quot;:&quot;modula-fancybox-container modula-lightbox-jtg-11151&quot;,&quot;Html&quot;:{&quot;videoAutoplay&quot;:0,&quot;videoTpl&quot;:&quot;&lt;video class=\\&quot;fancybox__html5video\\&quot; controls muted playsinline controlsList controlsList=\\&quot;nodownload\\&quot; poster=\\&quot;{{poster}}\\&quot; src=\\&quot;{{src}}\\&quot; type=\\&quot;{{format}}\\&quot; &gt;  Sorry, your browser doesn&#039;t support embedded videos, &lt;a href=\\&quot;{{src}}\\&quot;&gt; download &lt;\\\/a&gt; and watch with your favorite video player! &lt;\\\/video&gt;&quot;}},&quot;inView&quot;:false,&quot;email_subject&quot;:&quot;\\u00a1\\u00a1Mira esta impresionante imagen!!&quot;,&quot;email_message&quot;:&quot;Este es el enlace a la imagen: %%image_link%% y este es el enlace a la galer\\u00eda: %%gallery_link%%&quot;,&quot;lightbox&quot;:&quot;fancybox&quot;,&quot;filterClick&quot;:&quot;0&quot;,&quot;defaultActiveFilter&quot;:&quot;all&quot;}\">\n\n\t\n\t<div  class=\"modula-items\">\n\t\t<div class=\"modula-item jtg-filter-all jtg-filter-\" data-width=\"12\" data-height=\"7\" >\n\t<div class=\"modula-item-content\">\n\t\t\n\t\t\t\t\t<a data-image-id=\"929\" tabindex=\"0\" href=\"https:\/\/www.formentera.es\/wp-content\/uploads\/2018\/11\/migjorn-arenals.jpg\" rel=\"jtg-11151\" data-caption=\"\" aria-label=\"Open image in lightbox\" role=\"button\" data-cyclefilter=\"show\" data-fancybox=\"jtg-11151\" class=\"tile-inner modula-item-link\"><\/a>\n\t\t\n\t\t<img loading=\"lazy\" decoding=\"async\" class=\"pic wp-image-929\"  data-valign=\"middle\" data-halign=\"center\" alt=\"\" data-full=\"https:\/\/www.formentera.es\/wp-content\/uploads\/2018\/11\/migjorn-arenals.jpg\" title=\"migjorn arenals\" width=\"1900\" height=\"1267\" src=\"https:\/\/www.formentera.es\/wp-content\/uploads\/2018\/11\/migjorn-arenals.jpg\" data-src=\"https:\/\/www.formentera.es\/wp-content\/uploads\/2018\/11\/migjorn-arenals.jpg\" data-caption=\"\" srcset=\"https:\/\/www.formentera.es\/wp-content\/uploads\/2018\/11\/migjorn-arenals.jpg 1900w, https:\/\/www.formentera.es\/wp-content\/uploads\/2018\/11\/migjorn-arenals-300x200.jpg 300w, https:\/\/www.formentera.es\/wp-content\/uploads\/2018\/11\/migjorn-arenals-768x512.jpg 768w, https:\/\/www.formentera.es\/wp-content\/uploads\/2018\/11\/migjorn-arenals-1024x683.jpg 1024w\" sizes=\"auto, (max-width: 1900px) 100vw, 1900px\" \/>\n\t<\/div>\n\n<\/div>\t\t\n\t<\/div>\n\n\t\n\t\n\t<script type=\"application\/ld+json\">\n\t{\n\t\t\"@context\": \"http:\/\/schema.org\",\n\t\t\"@type\"   : \"ImageGallery\",\n\t\t\"id\"      : \"https:\/\/www.formentera.es\/fr\/explorer\/activites\/routes-vertes\/es-carnatge-es-arenals\/\",\n\t\t\"url\"     : \"https:\/\/www.formentera.es\/fr\/explorer\/activites\/routes-vertes\/es-carnatge-es-arenals\/\"\n\t}\n\n\t<\/script>\n\n\t\n<\/div>\n[\/vc_column_text][\/vc_column][\/vc_row][vc_row][vc_column][vc_column_text]<div id=\"mas_rutas\" class=\"container sc\"><h2>Autres itin\u00e9raires \u00e0 Formentera<\/h2><div class=\"row\"><div class=\"col-md-6 col-lg-4\">\n\t\t\t\t\t\t\t<a href=\"https:\/\/www.formentera.es\/fr\/explorer\/activites\/routes-vertes\/es-cap-es-garroveret\/\" class=\"img_ruta\"  style=\"background-image: url(https:\/\/www.formentera.es\/wp-content\/uploads\/2020\/11\/ES-CAP-ES-ARROVERET-300x200.jpg)\"><\/a>\n\t\t\t\t\t\t\t\n\t\t\t\t\t\t\t<div class=\"col-sm-12\">\n\t\t\t\t\t\t\t\t<a href=\"https:\/\/www.formentera.es\/fr\/explorer\/activites\/routes-vertes\/es-cap-es-garroveret\/\">Es Cap &#8211; Es Garroveret<\/a><div><img decoding=\"async\" src=\"https:\/\/www.formentera.es\/wp-content\/themes\/Formentera\/img\/bicib.png\">55 min.<\/div><div><img decoding=\"async\" src=\"https:\/\/www.formentera.es\/wp-content\/themes\/Formentera\/img\/caminarb.png\">165 min.<\/div><\/div>\n\t\t\t\t\t\t<\/div><div class=\"col-md-6 col-lg-4\">\n\t\t\t\t\t\t\t<a href=\"https:\/\/www.formentera.es\/fr\/explorer\/activites\/routes-vertes\/es-cap-punta-rasa\/\" class=\"img_ruta\"  style=\"background-image: url(https:\/\/www.formentera.es\/wp-content\/uploads\/2020\/11\/ES-CAP-PUNTA-RASA-300x200.jpg)\"><\/a>\n\t\t\t\t\t\t\t\n\t\t\t\t\t\t\t<div class=\"col-sm-12\">\n\t\t\t\t\t\t\t\t<a href=\"https:\/\/www.formentera.es\/fr\/explorer\/activites\/routes-vertes\/es-cap-punta-rasa\/\">Es Cap  &#8211;  Punta Rasa<\/a><div><img decoding=\"async\" src=\"https:\/\/www.formentera.es\/wp-content\/themes\/Formentera\/img\/bicib.png\">10 min.<\/div><div><img decoding=\"async\" src=\"https:\/\/www.formentera.es\/wp-content\/themes\/Formentera\/img\/caminarb.png\">30 min.<\/div><\/div>\n\t\t\t\t\t\t<\/div><div class=\"col-md-6 col-lg-4\">\n\t\t\t\t\t\t\t<a href=\"https:\/\/www.formentera.es\/fr\/explorer\/activites\/routes-vertes\/pla-de-la-mola\/\" class=\"img_ruta\"  style=\"background-image: url(https:\/\/www.formentera.es\/wp-content\/uploads\/2020\/04\/shutterstock_1167885031-300x169.jpg)\"><\/a>\n\t\t\t\t\t\t\t\n\t\t\t\t\t\t\t<div class=\"col-sm-12\">\n\t\t\t\t\t\t\t\t<a href=\"https:\/\/www.formentera.es\/fr\/explorer\/activites\/routes-vertes\/pla-de-la-mola\/\">Pla De La Mola<\/a><div><img decoding=\"async\" src=\"https:\/\/www.formentera.es\/wp-content\/themes\/Formentera\/img\/bicib.png\">60 min.<\/div><div><img decoding=\"async\" src=\"https:\/\/www.formentera.es\/wp-content\/themes\/Formentera\/img\/caminarb.png\">185 min.<\/div><\/div>\n\t\t\t\t\t\t<\/div><\/div><a class=\"text-center\" href=\"\">Voir toutes les routes<\/a><\/div>[\/vc_column_text][\/vc_column][\/vc_row]<\/p>\n<\/div>","protected":false},"excerpt":{"rendered":"<p>[vc_row][vc_column width=\u00a0\u00bb8\/12&Prime;][vc_column_text]Dans cette partie de l&rsquo;\u00eele, seuls deux kilom\u00e8tres s\u00e9parent la c\u00f4te de Tramuntana et [&hellip;]<\/p>\n","protected":false},"author":1,"featured_media":13818,"parent":5251,"menu_order":0,"comment_status":"closed","ping_status":"closed","template":"page-ruta.php","meta":{"_acf_changed":false,"footnotes":""},"categories":[],"class_list":["post-12043","page","type-page","status-publish","hentry"],"acf":[],"yoast_head":"<!-- This site is optimized with the Yoast SEO plugin v25.5 - https:\/\/yoast.com\/wordpress\/plugins\/seo\/ -->\n<title>Es Carnatge - Es Arenals | Turismo de Formentera<\/title>\n<meta name=\"robots\" content=\"index, follow, max-snippet:-1, max-image-preview:large, max-video-preview:-1\" \/>\n<link rel=\"canonical\" href=\"https:\/\/www.formentera.es\/fr\/explorer\/activites\/routes-vertes\/es-carnatge-es-arenals\/\" \/>\n<meta property=\"og:locale\" content=\"fr_FR\" \/>\n<meta property=\"og:type\" content=\"article\" \/>\n<meta property=\"og:title\" content=\"Es Carnatge - Es Arenals | Turismo de Formentera\" \/>\n<meta property=\"og:description\" content=\"[vc_row][vc_column width=\u00a0\u00bb8\/12&Prime;][vc_column_text]Dans cette partie de l&rsquo;\u00eele, seuls deux kilom\u00e8tres s\u00e9parent la c\u00f4te de Tramuntana et [&hellip;]\" \/>\n<meta property=\"og:url\" content=\"https:\/\/www.formentera.es\/fr\/explorer\/activites\/routes-vertes\/es-carnatge-es-arenals\/\" \/>\n<meta property=\"og:site_name\" content=\"Turismo de Formentera\" \/>\n<meta property=\"article:publisher\" content=\"https:\/\/www.facebook.com\/turismoformentera\/\" \/>\n<meta property=\"article:modified_time\" content=\"2020-04-21T13:44:05+00:00\" \/>\n<meta property=\"og:image\" content=\"https:\/\/www.formentera.es\/wp-content\/uploads\/2020\/11\/ES-CARNATGE_02_Moonkoala.jpg\" \/>\n\t<meta property=\"og:image:width\" content=\"1600\" \/>\n\t<meta property=\"og:image:height\" content=\"1067\" \/>\n\t<meta property=\"og:image:type\" content=\"image\/jpeg\" \/>\n<meta name=\"twitter:card\" content=\"summary_large_image\" \/>\n<meta name=\"twitter:site\" content=\"@visitformentera\" \/>\n<meta name=\"twitter:label1\" content=\"Dur\u00e9e de lecture estim\u00e9e\" \/>\n\t<meta name=\"twitter:data1\" content=\"2 minutes\" \/>\n<script type=\"application\/ld+json\" class=\"yoast-schema-graph\">{\"@context\":\"https:\/\/schema.org\",\"@graph\":[{\"@type\":\"WebPage\",\"@id\":\"https:\/\/www.formentera.es\/fr\/explorer\/activites\/routes-vertes\/es-carnatge-es-arenals\/\",\"url\":\"https:\/\/www.formentera.es\/fr\/explorer\/activites\/routes-vertes\/es-carnatge-es-arenals\/\",\"name\":\"Es Carnatge - Es Arenals | Turismo de Formentera\",\"isPartOf\":{\"@id\":\"https:\/\/www.formentera.es\/#website\"},\"primaryImageOfPage\":{\"@id\":\"https:\/\/www.formentera.es\/fr\/explorer\/activites\/routes-vertes\/es-carnatge-es-arenals\/#primaryimage\"},\"image\":{\"@id\":\"https:\/\/www.formentera.es\/fr\/explorer\/activites\/routes-vertes\/es-carnatge-es-arenals\/#primaryimage\"},\"thumbnailUrl\":\"https:\/\/www.formentera.es\/wp-content\/uploads\/2020\/11\/ES-CARNATGE_02_Moonkoala.jpg\",\"datePublished\":\"2020-04-15T15:07:42+00:00\",\"dateModified\":\"2020-04-21T13:44:05+00:00\",\"breadcrumb\":{\"@id\":\"https:\/\/www.formentera.es\/fr\/explorer\/activites\/routes-vertes\/es-carnatge-es-arenals\/#breadcrumb\"},\"inLanguage\":\"fr-FR\",\"potentialAction\":[{\"@type\":\"ReadAction\",\"target\":[\"https:\/\/www.formentera.es\/fr\/explorer\/activites\/routes-vertes\/es-carnatge-es-arenals\/\"]}]},{\"@type\":\"ImageObject\",\"inLanguage\":\"fr-FR\",\"@id\":\"https:\/\/www.formentera.es\/fr\/explorer\/activites\/routes-vertes\/es-carnatge-es-arenals\/#primaryimage\",\"url\":\"https:\/\/www.formentera.es\/wp-content\/uploads\/2020\/11\/ES-CARNATGE_02_Moonkoala.jpg\",\"contentUrl\":\"https:\/\/www.formentera.es\/wp-content\/uploads\/2020\/11\/ES-CARNATGE_02_Moonkoala.jpg\",\"width\":1600,\"height\":1067},{\"@type\":\"BreadcrumbList\",\"@id\":\"https:\/\/www.formentera.es\/fr\/explorer\/activites\/routes-vertes\/es-carnatge-es-arenals\/#breadcrumb\",\"itemListElement\":[{\"@type\":\"ListItem\",\"position\":1,\"name\":\"Portada\",\"item\":\"https:\/\/www.formentera.es\/fr\/\"},{\"@type\":\"ListItem\",\"position\":2,\"name\":\"Explorer\",\"item\":\"https:\/\/www.formentera.es\/explorar\/\"},{\"@type\":\"ListItem\",\"position\":3,\"name\":\"Activit\u00e9s\",\"item\":\"https:\/\/www.formentera.es\/fr\/explorer\/activites\/\"},{\"@type\":\"ListItem\",\"position\":4,\"name\":\"Routes vertes\",\"item\":\"https:\/\/www.formentera.es\/fr\/explorer\/activites\/routes-vertes\/\"},{\"@type\":\"ListItem\",\"position\":5,\"name\":\"Es Carnatge &#8211; Es Arenals\"}]},{\"@type\":\"WebSite\",\"@id\":\"https:\/\/www.formentera.es\/#website\",\"url\":\"https:\/\/www.formentera.es\/\",\"name\":\"Turismo de Formentera\",\"description\":\"Web oficial de Turismo de Formentera\",\"potentialAction\":[{\"@type\":\"SearchAction\",\"target\":{\"@type\":\"EntryPoint\",\"urlTemplate\":\"https:\/\/www.formentera.es\/?s={search_term_string}\"},\"query-input\":{\"@type\":\"PropertyValueSpecification\",\"valueRequired\":true,\"valueName\":\"search_term_string\"}}],\"inLanguage\":\"fr-FR\"}]}<\/script>\n<!-- \/ Yoast SEO plugin. -->","yoast_head_json":{"title":"Es Carnatge - Es Arenals | Turismo de Formentera","robots":{"index":"index","follow":"follow","max-snippet":"max-snippet:-1","max-image-preview":"max-image-preview:large","max-video-preview":"max-video-preview:-1"},"canonical":"https:\/\/www.formentera.es\/fr\/explorer\/activites\/routes-vertes\/es-carnatge-es-arenals\/","og_locale":"fr_FR","og_type":"article","og_title":"Es Carnatge - Es Arenals | Turismo de Formentera","og_description":"[vc_row][vc_column width=\u00a0\u00bb8\/12&Prime;][vc_column_text]Dans cette partie de l&rsquo;\u00eele, seuls deux kilom\u00e8tres s\u00e9parent la c\u00f4te de Tramuntana et [&hellip;]","og_url":"https:\/\/www.formentera.es\/fr\/explorer\/activites\/routes-vertes\/es-carnatge-es-arenals\/","og_site_name":"Turismo de Formentera","article_publisher":"https:\/\/www.facebook.com\/turismoformentera\/","article_modified_time":"2020-04-21T13:44:05+00:00","og_image":[{"width":1600,"height":1067,"url":"https:\/\/www.formentera.es\/wp-content\/uploads\/2020\/11\/ES-CARNATGE_02_Moonkoala.jpg","type":"image\/jpeg"}],"twitter_card":"summary_large_image","twitter_site":"@visitformentera","twitter_misc":{"Dur\u00e9e de lecture estim\u00e9e":"2 minutes"},"schema":{"@context":"https:\/\/schema.org","@graph":[{"@type":"WebPage","@id":"https:\/\/www.formentera.es\/fr\/explorer\/activites\/routes-vertes\/es-carnatge-es-arenals\/","url":"https:\/\/www.formentera.es\/fr\/explorer\/activites\/routes-vertes\/es-carnatge-es-arenals\/","name":"Es Carnatge - Es Arenals | Turismo de Formentera","isPartOf":{"@id":"https:\/\/www.formentera.es\/#website"},"primaryImageOfPage":{"@id":"https:\/\/www.formentera.es\/fr\/explorer\/activites\/routes-vertes\/es-carnatge-es-arenals\/#primaryimage"},"image":{"@id":"https:\/\/www.formentera.es\/fr\/explorer\/activites\/routes-vertes\/es-carnatge-es-arenals\/#primaryimage"},"thumbnailUrl":"https:\/\/www.formentera.es\/wp-content\/uploads\/2020\/11\/ES-CARNATGE_02_Moonkoala.jpg","datePublished":"2020-04-15T15:07:42+00:00","dateModified":"2020-04-21T13:44:05+00:00","breadcrumb":{"@id":"https:\/\/www.formentera.es\/fr\/explorer\/activites\/routes-vertes\/es-carnatge-es-arenals\/#breadcrumb"},"inLanguage":"fr-FR","potentialAction":[{"@type":"ReadAction","target":["https:\/\/www.formentera.es\/fr\/explorer\/activites\/routes-vertes\/es-carnatge-es-arenals\/"]}]},{"@type":"ImageObject","inLanguage":"fr-FR","@id":"https:\/\/www.formentera.es\/fr\/explorer\/activites\/routes-vertes\/es-carnatge-es-arenals\/#primaryimage","url":"https:\/\/www.formentera.es\/wp-content\/uploads\/2020\/11\/ES-CARNATGE_02_Moonkoala.jpg","contentUrl":"https:\/\/www.formentera.es\/wp-content\/uploads\/2020\/11\/ES-CARNATGE_02_Moonkoala.jpg","width":1600,"height":1067},{"@type":"BreadcrumbList","@id":"https:\/\/www.formentera.es\/fr\/explorer\/activites\/routes-vertes\/es-carnatge-es-arenals\/#breadcrumb","itemListElement":[{"@type":"ListItem","position":1,"name":"Portada","item":"https:\/\/www.formentera.es\/fr\/"},{"@type":"ListItem","position":2,"name":"Explorer","item":"https:\/\/www.formentera.es\/explorar\/"},{"@type":"ListItem","position":3,"name":"Activit\u00e9s","item":"https:\/\/www.formentera.es\/fr\/explorer\/activites\/"},{"@type":"ListItem","position":4,"name":"Routes vertes","item":"https:\/\/www.formentera.es\/fr\/explorer\/activites\/routes-vertes\/"},{"@type":"ListItem","position":5,"name":"Es Carnatge &#8211; Es Arenals"}]},{"@type":"WebSite","@id":"https:\/\/www.formentera.es\/#website","url":"https:\/\/www.formentera.es\/","name":"Turismo de Formentera","description":"Web oficial de Turismo de Formentera","potentialAction":[{"@type":"SearchAction","target":{"@type":"EntryPoint","urlTemplate":"https:\/\/www.formentera.es\/?s={search_term_string}"},"query-input":{"@type":"PropertyValueSpecification","valueRequired":true,"valueName":"search_term_string"}}],"inLanguage":"fr-FR"}]}},"_links":{"self":[{"href":"https:\/\/www.formentera.es\/fr\/wp-json\/wp\/v2\/pages\/12043","targetHints":{"allow":["GET"]}}],"collection":[{"href":"https:\/\/www.formentera.es\/fr\/wp-json\/wp\/v2\/pages"}],"about":[{"href":"https:\/\/www.formentera.es\/fr\/wp-json\/wp\/v2\/types\/page"}],"author":[{"embeddable":true,"href":"https:\/\/www.formentera.es\/fr\/wp-json\/wp\/v2\/users\/1"}],"replies":[{"embeddable":true,"href":"https:\/\/www.formentera.es\/fr\/wp-json\/wp\/v2\/comments?post=12043"}],"version-history":[{"count":0,"href":"https:\/\/www.formentera.es\/fr\/wp-json\/wp\/v2\/pages\/12043\/revisions"}],"up":[{"embeddable":true,"href":"https:\/\/www.formentera.es\/fr\/wp-json\/wp\/v2\/pages\/5251"}],"wp:featuredmedia":[{"embeddable":true,"href":"https:\/\/www.formentera.es\/fr\/wp-json\/wp\/v2\/media\/13818"}],"wp:attachment":[{"href":"https:\/\/www.formentera.es\/fr\/wp-json\/wp\/v2\/media?parent=12043"}],"wp:term":[{"taxonomy":"category","embeddable":true,"href":"https:\/\/www.formentera.es\/fr\/wp-json\/wp\/v2\/categories?post=12043"}],"curies":[{"name":"wp","href":"https:\/\/api.w.org\/{rel}","templated":true}]}}