{"id":3533,"date":"2019-01-23T10:24:32","date_gmt":"2019-01-23T12:24:32","guid":{"rendered":"https:\/\/www.formentera.es\/formentera-via-whatsapp\/"},"modified":"2025-11-05T10:30:34","modified_gmt":"2025-11-05T09:30:34","slug":"formentera-by-whatsapp","status":"publish","type":"page","link":"https:\/\/www.formentera.es\/en\/planning\/formentera-by-whatsapp\/","title":{"rendered":"Formentera by WhatsApp"},"content":{"rendered":"<div class=\"wpb-content-wrapper\"><p>[vc_row][vc_column][vc_custom_heading source=&#8221;post_title&#8221; font_container=&#8221;tag:h1|text_align:center|color:%232e3a6e&#8221; use_theme_fonts=&#8221;yes&#8221; css=&#8221;.vc_custom_1650450907651{padding-top: 40px !important;padding-bottom: 40px !important;}&#8221;][\/vc_column][\/vc_row][vc_row][vc_column width=&#8221;1\/2&#8243;][vc_single_image image=&#8221;3138&#8243; img_size=&#8221;full&#8221;][\/vc_column][vc_column width=&#8221;1\/2&#8243;][vc_column_text css=&#8221;&#8221;]Do you want to know what exhibition is currently in the Exhibition Hall? If there is a concert tonight? The visiting hours of the tower of Es Pi des Catal\u00e0? From the <strong>Tourism Area of Formentera<\/strong> we answer your specific questions via WhatsApp. Add us to your contacts and we will inform you.<\/p>\n<p><strong>Our number: <a href=\"https:\/\/api.whatsapp.com\/send?phone=34607111716\" target=\"_blank\" rel=\"noopener noreferrer\">+34 607 11 17 16<\/a> (*)<\/strong><\/p>\n<p><strong>Personalized attention from Monday to Friday from 8 to 15 h (except holidays).<\/strong><\/p>\n<p><strong>We know the state of the beaches (flags and jellyfish) from 11.30h.<\/strong><\/p>\n<p>You can also consult it by clicking <a href=\"http:\/\/www.platgesdebalears.com\/caplaibFront\/portada_isla.en.jsp?cIsl=FO\">here<\/a>.<\/p>\n<p>Full agenda with all events: <a href=\"https:\/\/www.formentera.es\/en\/agenda\/\">www.formentera.es\/en\/agenda\/<\/a><\/p>\n<p>If you want to check the <strong>time of day<\/strong> you can do it <a href=\"http:\/\/www.aemet.es\/es\/eltiempo\/prediccion\/municipios\/formentera-san-francisco-javier-id07024\">here<\/a>.<\/p>\n<p>(*) We are sorry, but we do not answer phone calls in this number.[\/vc_column_text][\/vc_column][\/vc_row]<\/p>\n<\/div>","protected":false},"excerpt":{"rendered":"<p>[vc_row][vc_column][vc_custom_heading source=&#8221;post_title&#8221; font_container=&#8221;tag:h1|text_align:center|color:%232e3a6e&#8221; use_theme_fonts=&#8221;yes&#8221; css=&#8221;.vc_custom_1650450907651{padding-top: 40px !important;padding-bottom: 40px !important;}&#8221;][\/vc_column][\/vc_row][vc_row][vc_column width=&#8221;1\/2&#8243;][vc_single_image image=&#8221;3138&#8243; img_size=&#8221;full&#8221;][\/vc_column][vc_column width=&#8221;1\/2&#8243;][vc_column_text css=&#8221;&#8221;]Do you [&hellip;]<\/p>\n","protected":false},"author":1,"featured_media":0,"parent":5029,"menu_order":0,"comment_status":"closed","ping_status":"closed","template":"page-gen.php","meta":{"_acf_changed":false,"footnotes":""},"categories":[],"class_list":["post-3533","page","type-page","status-publish","hentry"],"acf":[],"yoast_head":"<!-- This site is optimized with the Yoast SEO plugin v25.5 - https:\/\/yoast.com\/wordpress\/plugins\/seo\/ -->\n<title>Formentera by WhatsApp | Turismo de Formentera<\/title>\n<meta name=\"description\" content=\"\u00c9nterate de todas las novedades, eventos, horarios y m\u00e1s. Desde el \u00c1rea de Turismo de Formentera contestamos a tus preguntas v\u00eda WhatsApp.\" \/>\n<meta name=\"robots\" content=\"index, follow, max-snippet:-1, max-image-preview:large, max-video-preview:-1\" \/>\n<link rel=\"canonical\" href=\"https:\/\/www.formentera.es\/en\/planning\/formentera-by-whatsapp\/\" \/>\n<meta property=\"og:locale\" content=\"en_US\" \/>\n<meta property=\"og:type\" content=\"article\" \/>\n<meta property=\"og:title\" content=\"Formentera by WhatsApp | Turismo de Formentera\" \/>\n<meta property=\"og:description\" content=\"\u00c9nterate de todas las novedades, eventos, horarios y m\u00e1s. Desde el \u00c1rea de Turismo de Formentera contestamos a tus preguntas v\u00eda WhatsApp.\" \/>\n<meta property=\"og:url\" content=\"https:\/\/www.formentera.es\/en\/planning\/formentera-by-whatsapp\/\" \/>\n<meta property=\"og:site_name\" content=\"Turismo de Formentera\" \/>\n<meta property=\"article:publisher\" content=\"https:\/\/www.facebook.com\/turismoformentera\/\" \/>\n<meta property=\"article:modified_time\" content=\"2025-11-05T09:30:34+00:00\" \/>\n<meta name=\"twitter:card\" content=\"summary_large_image\" \/>\n<meta name=\"twitter:site\" content=\"@visitformentera\" \/>\n<meta name=\"twitter:label1\" content=\"Est. reading time\" \/>\n\t<meta name=\"twitter:data1\" content=\"1 minute\" \/>\n<script type=\"application\/ld+json\" class=\"yoast-schema-graph\">{\"@context\":\"https:\/\/schema.org\",\"@graph\":[{\"@type\":\"WebPage\",\"@id\":\"https:\/\/www.formentera.es\/en\/planning\/formentera-by-whatsapp\/\",\"url\":\"https:\/\/www.formentera.es\/en\/planning\/formentera-by-whatsapp\/\",\"name\":\"Formentera by WhatsApp | Turismo de Formentera\",\"isPartOf\":{\"@id\":\"https:\/\/www.formentera.es\/#website\"},\"datePublished\":\"2019-01-23T12:24:32+00:00\",\"dateModified\":\"2025-11-05T09:30:34+00:00\",\"description\":\"\u00c9nterate de todas las novedades, eventos, horarios y m\u00e1s. Desde el \u00c1rea de Turismo de Formentera contestamos a tus preguntas v\u00eda WhatsApp.\",\"breadcrumb\":{\"@id\":\"https:\/\/www.formentera.es\/en\/planning\/formentera-by-whatsapp\/#breadcrumb\"},\"inLanguage\":\"en-US\",\"potentialAction\":[{\"@type\":\"ReadAction\",\"target\":[\"https:\/\/www.formentera.es\/en\/planning\/formentera-by-whatsapp\/\"]}]},{\"@type\":\"BreadcrumbList\",\"@id\":\"https:\/\/www.formentera.es\/en\/planning\/formentera-by-whatsapp\/#breadcrumb\",\"itemListElement\":[{\"@type\":\"ListItem\",\"position\":1,\"name\":\"Portada\",\"item\":\"https:\/\/www.formentera.es\/en\/\"},{\"@type\":\"ListItem\",\"position\":2,\"name\":\"Planning\",\"item\":\"https:\/\/www.formentera.es\/en\/planning\/\"},{\"@type\":\"ListItem\",\"position\":3,\"name\":\"Formentera by WhatsApp\"}]},{\"@type\":\"WebSite\",\"@id\":\"https:\/\/www.formentera.es\/#website\",\"url\":\"https:\/\/www.formentera.es\/\",\"name\":\"Turismo de Formentera\",\"description\":\"Web oficial de Turismo de Formentera\",\"potentialAction\":[{\"@type\":\"SearchAction\",\"target\":{\"@type\":\"EntryPoint\",\"urlTemplate\":\"https:\/\/www.formentera.es\/?s={search_term_string}\"},\"query-input\":{\"@type\":\"PropertyValueSpecification\",\"valueRequired\":true,\"valueName\":\"search_term_string\"}}],\"inLanguage\":\"en-US\"}]}<\/script>\n<!-- \/ Yoast SEO plugin. -->","yoast_head_json":{"title":"Formentera by WhatsApp | Turismo de Formentera","description":"\u00c9nterate de todas las novedades, eventos, horarios y m\u00e1s. Desde el \u00c1rea de Turismo de Formentera contestamos a tus preguntas v\u00eda WhatsApp.","robots":{"index":"index","follow":"follow","max-snippet":"max-snippet:-1","max-image-preview":"max-image-preview:large","max-video-preview":"max-video-preview:-1"},"canonical":"https:\/\/www.formentera.es\/en\/planning\/formentera-by-whatsapp\/","og_locale":"en_US","og_type":"article","og_title":"Formentera by WhatsApp | Turismo de Formentera","og_description":"\u00c9nterate de todas las novedades, eventos, horarios y m\u00e1s. Desde el \u00c1rea de Turismo de Formentera contestamos a tus preguntas v\u00eda WhatsApp.","og_url":"https:\/\/www.formentera.es\/en\/planning\/formentera-by-whatsapp\/","og_site_name":"Turismo de Formentera","article_publisher":"https:\/\/www.facebook.com\/turismoformentera\/","article_modified_time":"2025-11-05T09:30:34+00:00","twitter_card":"summary_large_image","twitter_site":"@visitformentera","twitter_misc":{"Est. reading time":"1 minute"},"schema":{"@context":"https:\/\/schema.org","@graph":[{"@type":"WebPage","@id":"https:\/\/www.formentera.es\/en\/planning\/formentera-by-whatsapp\/","url":"https:\/\/www.formentera.es\/en\/planning\/formentera-by-whatsapp\/","name":"Formentera by WhatsApp | Turismo de Formentera","isPartOf":{"@id":"https:\/\/www.formentera.es\/#website"},"datePublished":"2019-01-23T12:24:32+00:00","dateModified":"2025-11-05T09:30:34+00:00","description":"\u00c9nterate de todas las novedades, eventos, horarios y m\u00e1s. Desde el \u00c1rea de Turismo de Formentera contestamos a tus preguntas v\u00eda WhatsApp.","breadcrumb":{"@id":"https:\/\/www.formentera.es\/en\/planning\/formentera-by-whatsapp\/#breadcrumb"},"inLanguage":"en-US","potentialAction":[{"@type":"ReadAction","target":["https:\/\/www.formentera.es\/en\/planning\/formentera-by-whatsapp\/"]}]},{"@type":"BreadcrumbList","@id":"https:\/\/www.formentera.es\/en\/planning\/formentera-by-whatsapp\/#breadcrumb","itemListElement":[{"@type":"ListItem","position":1,"name":"Portada","item":"https:\/\/www.formentera.es\/en\/"},{"@type":"ListItem","position":2,"name":"Planning","item":"https:\/\/www.formentera.es\/en\/planning\/"},{"@type":"ListItem","position":3,"name":"Formentera by WhatsApp"}]},{"@type":"WebSite","@id":"https:\/\/www.formentera.es\/#website","url":"https:\/\/www.formentera.es\/","name":"Turismo de Formentera","description":"Web oficial de Turismo de Formentera","potentialAction":[{"@type":"SearchAction","target":{"@type":"EntryPoint","urlTemplate":"https:\/\/www.formentera.es\/?s={search_term_string}"},"query-input":{"@type":"PropertyValueSpecification","valueRequired":true,"valueName":"search_term_string"}}],"inLanguage":"en-US"}]}},"_links":{"self":[{"href":"https:\/\/www.formentera.es\/en\/wp-json\/wp\/v2\/pages\/3533","targetHints":{"allow":["GET"]}}],"collection":[{"href":"https:\/\/www.formentera.es\/en\/wp-json\/wp\/v2\/pages"}],"about":[{"href":"https:\/\/www.formentera.es\/en\/wp-json\/wp\/v2\/types\/page"}],"author":[{"embeddable":true,"href":"https:\/\/www.formentera.es\/en\/wp-json\/wp\/v2\/users\/1"}],"replies":[{"embeddable":true,"href":"https:\/\/www.formentera.es\/en\/wp-json\/wp\/v2\/comments?post=3533"}],"version-history":[{"count":1,"href":"https:\/\/www.formentera.es\/en\/wp-json\/wp\/v2\/pages\/3533\/revisions"}],"predecessor-version":[{"id":47276,"href":"https:\/\/www.formentera.es\/en\/wp-json\/wp\/v2\/pages\/3533\/revisions\/47276"}],"up":[{"embeddable":true,"href":"https:\/\/www.formentera.es\/en\/wp-json\/wp\/v2\/pages\/5029"}],"wp:attachment":[{"href":"https:\/\/www.formentera.es\/en\/wp-json\/wp\/v2\/media?parent=3533"}],"wp:term":[{"taxonomy":"category","embeddable":true,"href":"https:\/\/www.formentera.es\/en\/wp-json\/wp\/v2\/categories?post=3533"}],"curies":[{"name":"wp","href":"https:\/\/api.w.org\/{rel}","templated":true}]}}