{"id":3525,"date":"2018-12-13T06:46:03","date_gmt":"2018-12-13T08:46:03","guid":{"rendered":"https:\/\/www.formentera.es\/aspectos-utiles\/"},"modified":"2024-09-26T12:17:47","modified_gmt":"2024-09-26T10:17:47","slug":"useful-information","status":"publish","type":"page","link":"https:\/\/www.formentera.es\/en\/planning\/useful-information\/","title":{"rendered":"Useful information"},"content":{"rendered":"<div class=\"wpb-content-wrapper\"><p>[vc_row full_width=&#8221;stretch_row_content_no_spaces&#8221; content_placement=&#8221;middle&#8221; css=&#8221;.vc_custom_1549362852420{background-image: url(https:\/\/www.formentera.es\/wp-content\/uploads\/2019\/01\/LEVANTE-1E-JORGE-JIMENEZ.jpg?id=2033) !important;background-position: center !important;background-repeat: no-repeat !important;background-size: cover !important;}&#8221; el_id=&#8221;top_categoria&#8221; el_class=&#8221;planifica&#8221;][vc_column][vc_column_text]<\/p>\n<h1><b>Useful information<\/b><\/h1>\n<p>[\/vc_column_text][\/vc_column][\/vc_row][vc_row el_class=&#8221;bgen&#8221;][vc_column width=&#8221;2\/3&#8243;][vc_column_text]Formentera is a small, laid-back island where tourists and residents coexist in a <strong>safe space<\/strong>. However, should an incident occur while you&#8217;re on holiday, you&#8217;ll find help setting it straight here: <a href=\"https:\/\/www.formentera.es\/wp-content\/uploads\/2019\/05\/DESTINO-SEGURO-INTERIOR.pdf\">Formentera, a safe place to travel<\/a><\/p>\n<p><b>Language. <\/b>The official language is Spanish as well as Catalan, which is official in the Balearic Islands. English, German, Italian and French are also spoken in most tourist facilities<\/p>\n<p><b>Currency<\/b>. The official currency is the Euro, as in the rest of Spain. Any amount in excess of 6,011 Euro entering or leaving Spain must be declared.<\/p>\n<p><b>Opening hours<\/b>. The usual business hours are from 9.00 am to 2.00 pm and from 5.00 pm to 8.00 pm. However, many establishments remain open at midday and until midnight. Many shops also open their doors to the public on Sundays or public holidays.<\/p>\n<p><b>Camping. <\/b>Due to the small size of the island, there is no campsite on Formentera. Camping is forbidden throughout the island, as is spending the night in any type of vehicle and sleeping on the beach and in wooded areas.<\/p>\n<p><b>Emergencies<\/b>. In the event of an emergency, you can ask for immediate help (ambulances, fire brigade, security) by dialling 112, the Balearic Islands emergency service. The call is free and you will be answered promptly in one of four languages (Spanish, Catalan, English and German).<\/p>\n<p><b>Pets<\/b>. People wishing to travel to Formentera with their pets should make sure, beforehand, that the accommodation they have chosen accepts pets and that the animals meet the requirements for entry into Spain. In addition, if the animal is considered a dangerous breed, it will have to travel with a certificate to this effect. In any event, the general and particular rules regarding the use of a leash and muzzle and other applicable provisions must be observed. As a general rule, with the exception of guide dogs, pets are prohibited from entering bars, restaurants, food shops, beaches and urban transport. For more details contact the tourist office.<\/p>\n<p><b>Tourist information offices<\/b><\/p>\n<ul>\n<li>La Savina tourist information office. Estaci\u00f3n Mar\u00edtima de La Savina Tel.: +34 971 32 20 57 | Fax: +34 971 32 28 25 | informacioturistica@formentera.es. Open Monday to saturday from 9am to 3pm,\u00a0 Sunday from 9am to 2pm. Thursday closed<\/li>\n<li>Sant Francesc Xavier tourist information point. Plaza de la Constituci\u00f3n s\/n\u00a0 Tel.: +34 971 323 620 | sanfrancesc@formentera.es. Open Monday to Friday from 9am to 3pm, Saturday from 9am to 2pm. Sunday closed.<\/li>\n<li>Es Pujols tourist information office. Calle Espalmador esquina Avenida Miramar | Tel.: +34 971 328 997 |espujols@formentera.es. Open Monday to Saturday from 9am to 3pm, Sunday from 9am to 2pm. Tuesday closed.<\/li>\n<li>Ibiza Airport tourist information office. Tel.: + 34 971 809 118. Monday to Saturday from from 10:00 am to 2:00 pm and from 5:00 pm to 7:00 pm<\/li>\n<\/ul>\n<p><b>Public transport. <\/b>Formentera has regular bus lines throughout the year, with increased frequency in the summer months. Timetables and details: Autocares Paya: +34 971 323 181 | <a href=\"http:\/\/www.busformentera.com\/\">www.busformentera.com<\/a><\/p>\n<p><b>Taxis<\/b>. There is also a taxi service with stops in the port of La Savina and in all towns; one of the taxis is adapted for the disabled. There is also a private sea taxi service for boat trips between Ibiza and Formentera. Taxi: Es Pujols: +34 971 328 016 | Port of La Savina: +34 971 322 002 | San Francisco: +34 971 322 016 | Radio Taxi: +34 971 322 342<\/p>\n<p><b>Sea Taxis<\/b><\/p>\n<ul>\n<li>Barco Salao: (+34) 609 84 71 16 | <a href=\"http:\/\/www.formenterawatertaxi.es\/\">www.formenterawatertaxi.es<\/a><\/li>\n<li>Taximar: +34 629 158 664 &#8211; +34 607 188 981 | <a href=\"http:\/\/www.taximar.es\/\">www.taximar.es<\/a><\/li>\n<\/ul>\n<p><strong>ACCESS TO THE NATURAL PARK OF SES SALINES DE FORMENTERA<\/strong><\/p>\n<p>In this\u00a0<a href=\"https:\/\/www.formentera.es\/wp-content\/uploads\/2024\/09\/Acces_Parc-Natural-de-ses-Salines.pdf\">link<\/a>, you can find all the information about the entrance and access fees for the different vehicles to the beaches of the Ses Salines Natural Park.<\/p>\n<p><b>Chemists and health centres<\/b><\/p>\n<p><b>Hospital. Formentera Health Centre. Carretera de La Sabina a San Francisco Km 2.9 07860 Sant Francesc Xavier | Telephone: +34 971 322 369 &#8211; +34 971 322 357<\/b><\/p>\n<p><b>Chemists:<\/b><\/p>\n<ul>\n<li>Joan Torres Quetglas Chemist. Sant Francesc Xavier. +34 971 322 419<\/li>\n<li>Josep Mayans Ribas Chemist. Sant Ferran. +34 971 328 004<\/li>\n<li>Maiteder de Eguileor Lasquibar Chemist. Es Pujols. +34 971 328 663<\/li>\n<li>Guitart Lorente de No Chemist. Es Cal\u00f3 de Sant Agust\u00ed. +34 971 327 398<\/li>\n<\/ul>\n<p><b>Emergency phone number: 112<\/b><\/p>\n<p><b>Private Medical Centres<\/b><\/p>\n<ul>\n<li>Medical Centre in La Savina: www. cmformentera.imedicplatform.com<\/li>\n<li>Medical Centre in Sant Francesc Xavier: Pedro Piza Clinic<\/li>\n<li>Medical Centre in Sant Ferran: Dr. Luis Mart\u00edn Soledad<\/li>\n<\/ul>\n<p><b>Useful phone numbers<\/b>:<\/p>\n<ul>\n<li>Town hall: +34 971 321 087<\/li>\n<li>Local Police: 092\/ +34 971 32 22 01<\/li>\n<li>Guardia Civil: +34 971 322 022<\/li>\n<li>Fire Brigade: 092\/112<\/li>\n<li>Formentera Hospital: +34 971 321 212<\/li>\n<li>Radio-Telephone Taxis: +34 971 322 342<\/li>\n<li>Emergencies: 112<\/li>\n<\/ul>\n<p><b>Popular festivals: <\/b>The patron saints&#8217; days of the different towns on the island are the most important festivities for residents and tourists. The festivity of Sant Jaume (in Sant Francesc) and the festivity of Carmen, patron saint of the sea, with celebrations in La Savina and Es Pujols are some of the most significant. The main festivals are: Sant Ferran (30 May), Sant Joan (24 June), Virgen del Carmen (16 July), Sant Jaume (25 July), Santa Maria (5 August), Virgen del Pilar (12 October) and Sant Francesc Xavier (3 December).<\/p>\n<p><b>Electricity. <\/b>The electric current is 230 volts and 50 Hz.<\/p>\n<p><b>Fuel<\/b>. There are two petrol stations on the island, located on the main road between the towns of La Savina and Sant Francesc and Sant Francesc and Sant Ferran. Unleaded petrol (95 or 98 octane) and diesel are sold at the petrol stations.<\/p>\n<p><b>Tips<\/b>. Although they are optional, it is customary to leave tips in bars, restaurants and for catering staff, normally between 5-10% of the total amount of the bill.<\/p>\n<p><b>Public holidays:<\/b><\/p>\n<ul>\n<li>1 January.<\/li>\n<li>6 January.<\/li>\n<li>Maundy Thursday.<\/li>\n<li>Good Friday.<\/li>\n<li>Easter Monday.<\/li>\n<li>1 May Day: Labour Day.<\/li>\n<li>15 August: Assumption of Mary.<\/li>\n<li>12 October: Virgen del Pilar.<\/li>\n<li>15 August: Assumption of Our Lady.<\/li>\n<li>1 November: All Saints&#8217; Day.<\/li>\n<li>6 December: Spanish Constitution Day.<\/li>\n<li>8 December: Immaculate Conception of Our Lady.<\/li>\n<li>24 December: Christmas Eve.<\/li>\n<li>25 December: Christmas Day.<\/li>\n<li>26 December: San Esteban.<\/li>\n<\/ul>\n<p>[\/vc_column_text][\/vc_column][vc_column width=&#8221;1\/3&#8243;][vc_wp_custommenu title=&#8221;Planifica tu viaje&#8221; nav_menu=&#8221;20&#8243;][vc_column_text]<div id=\"sidebar_ficha\"><a class=\"sidebar_breadcrumbs\" href=\"https:\/\/www.formentera.es\/en\/planning\/\"><i class=\"fa fa-angle-left\"><\/i>Return to Planning<\/a><div class=\"content_sidebar\"><div class=\"bloc_share\"><div class=\"blocs1\"><div class=\"tit_medium\">Share<\/div><div class=\"redes_ficha\"><div class=\"fa fa-brands fa-x-twitter st-custom-button\" data-network=\"twitter\"><\/div><div class=\"fa fa-facebook st-custom-button\" data-network=\"facebook\"><\/div><div class=\"fa fa-pinterest-p st-custom-button\" data-network=\"pinterest\"><\/div><\/div><\/div><div class=\"blocs2\"><div class=\"tit_medium\">Send to a friend<\/div><div class=\"redes_ficha\"><div class=\"fa fa-envelope st-custom-button\" data-network=\"email\"><\/div><div class=\"fa fa-whatsapp st-custom-button\" data-network=\"whatsapp\"><\/div><\/div><\/div><\/div><\/div><\/div>[\/vc_column_text][\/vc_column][\/vc_row][vc_row][vc_column][vc_column_text]<div id=\"siguexpl\" class=\"container sc\"><h2>Keep exploring<\/h2><div class=\"row\"><a href=\"https:\/\/www.formentera.es\/en\/explore\/beaches\/\" class=\"col-md-4\">\n\t\t\t\t\t\t<div class=\"row\">\n\t\t\t\t\t\t\t<div class=\"col-sm-4\" style=\"background-image: url(https:\/\/www.formentera.es\/wp-content\/uploads\/2025\/07\/illetas2025-300x225.webp)\"><\/div>\n\t\t\t\t\t\t\t<div class=\"col-sm-8\">\n\t\t\t\t\t\t\t\tBeaches\n\t\t\t\t\t\t\t\t<i class=\"fa fa-angle-right\"><\/i>\n\t\t\t\t\t\t\t<\/div>\n\t\t\t\t\t\t\t<div class=\"bhover\"><\/div>\n\t\t\t\t\t\t<\/div>\n\t\t\t\t\t\t\n\t\t\t\t\t<\/a><a href=\"https:\/\/www.formentera.es\/en\/the-island\/\" class=\"col-md-4\">\n\t\t\t\t\t\t<div class=\"row\">\n\t\t\t\t\t\t\t<div class=\"col-sm-4\" style=\"background-image: url(https:\/\/www.formentera.es\/wp-content\/uploads\/2019\/01\/AdobeStock_68411178-300x179.jpg)\"><\/div>\n\t\t\t\t\t\t\t<div class=\"col-sm-8\">\n\t\t\t\t\t\t\t\tThe Island\n\t\t\t\t\t\t\t\t<i class=\"fa fa-angle-right\"><\/i>\n\t\t\t\t\t\t\t<\/div>\n\t\t\t\t\t\t\t<div class=\"bhover\"><\/div>\n\t\t\t\t\t\t<\/div>\n\t\t\t\t\t\t\n\t\t\t\t\t<\/a><a href=\"https:\/\/www.formentera.es\/en\/explore\/places-of-interest\/\" class=\"col-md-4\">\n\t\t\t\t\t\t<div class=\"row\">\n\t\t\t\t\t\t\t<div class=\"col-sm-4\" style=\"background-image: url(https:\/\/www.formentera.es\/wp-content\/uploads\/2018\/12\/audio_16-mp3-image-300x297.png)\"><\/div>\n\t\t\t\t\t\t\t<div class=\"col-sm-8\">\n\t\t\t\t\t\t\t\tPlaces of interest\n\t\t\t\t\t\t\t\t<i class=\"fa fa-angle-right\"><\/i>\n\t\t\t\t\t\t\t<\/div>\n\t\t\t\t\t\t\t<div class=\"bhover\"><\/div>\n\t\t\t\t\t\t<\/div>\n\t\t\t\t\t\t\n\t\t\t\t\t<\/a><\/div><\/div>[\/vc_column_text][\/vc_column][\/vc_row]<\/p>\n<\/div>","protected":false},"excerpt":{"rendered":"<p>[vc_row full_width=&#8221;stretch_row_content_no_spaces&#8221; content_placement=&#8221;middle&#8221; css=&#8221;.vc_custom_1549362852420{background-image: url(https:\/\/www.formentera.es\/wp-content\/uploads\/2019\/01\/LEVANTE-1E-JORGE-JIMENEZ.jpg?id=2033) !important;background-position: center !important;background-repeat: no-repeat !important;background-size: cover !important;}&#8221; el_id=&#8221;top_categoria&#8221; el_class=&#8221;planifica&#8221;][vc_column][vc_column_text] Useful [&hellip;]<\/p>\n","protected":false},"author":1,"featured_media":0,"parent":5029,"menu_order":0,"comment_status":"closed","ping_status":"closed","template":"page-gen.php","meta":{"_acf_changed":false,"footnotes":""},"categories":[],"class_list":["post-3525","page","type-page","status-publish","hentry"],"acf":[],"yoast_head":"<!-- This site is optimized with the Yoast SEO plugin v25.5 - https:\/\/yoast.com\/wordpress\/plugins\/seo\/ -->\n<title>Prepara tu visita Formentera | Turismo de Formentera<\/title>\n<meta name=\"description\" content=\"En esta p\u00e1gina encontrar\u00e1s toda la informaci\u00f3n que necesitas saber antes de llegar a la isla. Idioma, moneda, etc...\" \/>\n<meta name=\"robots\" content=\"index, follow, max-snippet:-1, max-image-preview:large, max-video-preview:-1\" \/>\n<link rel=\"canonical\" href=\"https:\/\/www.formentera.es\/planifica\/aspectos-utiles\/\" \/>\n<meta property=\"og:locale\" content=\"en_US\" \/>\n<meta property=\"og:type\" content=\"article\" \/>\n<meta property=\"og:title\" content=\"Prepara tu visita Formentera | Turismo de Formentera\" \/>\n<meta property=\"og:description\" content=\"En esta p\u00e1gina encontrar\u00e1s toda la informaci\u00f3n que necesitas saber antes de llegar a la isla. Idioma, moneda, etc...\" \/>\n<meta property=\"og:url\" content=\"https:\/\/www.formentera.es\/planifica\/aspectos-utiles\/\" \/>\n<meta property=\"og:site_name\" content=\"Turismo de Formentera\" \/>\n<meta property=\"article:publisher\" content=\"https:\/\/www.facebook.com\/turismoformentera\/\" \/>\n<meta property=\"article:modified_time\" content=\"2024-09-26T10:17:47+00:00\" \/>\n<meta name=\"twitter:card\" content=\"summary_large_image\" \/>\n<meta name=\"twitter:site\" content=\"@visitformentera\" \/>\n<meta name=\"twitter:label1\" content=\"Est. reading time\" \/>\n\t<meta name=\"twitter:data1\" content=\"5 minutes\" \/>\n<script type=\"application\/ld+json\" class=\"yoast-schema-graph\">{\"@context\":\"https:\/\/schema.org\",\"@graph\":[{\"@type\":\"WebPage\",\"@id\":\"https:\/\/www.formentera.es\/planifica\/aspectos-utiles\/\",\"url\":\"https:\/\/www.formentera.es\/planifica\/aspectos-utiles\/\",\"name\":\"Prepara tu visita Formentera | Turismo de Formentera\",\"isPartOf\":{\"@id\":\"https:\/\/www.formentera.es\/#website\"},\"datePublished\":\"2018-12-13T08:46:03+00:00\",\"dateModified\":\"2024-09-26T10:17:47+00:00\",\"description\":\"En esta p\u00e1gina encontrar\u00e1s toda la informaci\u00f3n que necesitas saber antes de llegar a la isla. Idioma, moneda, etc...\",\"breadcrumb\":{\"@id\":\"https:\/\/www.formentera.es\/planifica\/aspectos-utiles\/#breadcrumb\"},\"inLanguage\":\"en-US\",\"potentialAction\":[{\"@type\":\"ReadAction\",\"target\":[\"https:\/\/www.formentera.es\/planifica\/aspectos-utiles\/\"]}]},{\"@type\":\"BreadcrumbList\",\"@id\":\"https:\/\/www.formentera.es\/planifica\/aspectos-utiles\/#breadcrumb\",\"itemListElement\":[{\"@type\":\"ListItem\",\"position\":1,\"name\":\"Portada\",\"item\":\"https:\/\/www.formentera.es\/en\/\"},{\"@type\":\"ListItem\",\"position\":2,\"name\":\"Planning\",\"item\":\"https:\/\/www.formentera.es\/en\/planning\/\"},{\"@type\":\"ListItem\",\"position\":3,\"name\":\"Useful information\"}]},{\"@type\":\"WebSite\",\"@id\":\"https:\/\/www.formentera.es\/#website\",\"url\":\"https:\/\/www.formentera.es\/\",\"name\":\"Turismo de Formentera\",\"description\":\"Web oficial de Turismo de Formentera\",\"potentialAction\":[{\"@type\":\"SearchAction\",\"target\":{\"@type\":\"EntryPoint\",\"urlTemplate\":\"https:\/\/www.formentera.es\/?s={search_term_string}\"},\"query-input\":{\"@type\":\"PropertyValueSpecification\",\"valueRequired\":true,\"valueName\":\"search_term_string\"}}],\"inLanguage\":\"en-US\"}]}<\/script>\n<!-- \/ Yoast SEO plugin. -->","yoast_head_json":{"title":"Prepara tu visita Formentera | Turismo de Formentera","description":"En esta p\u00e1gina encontrar\u00e1s toda la informaci\u00f3n que necesitas saber antes de llegar a la isla. Idioma, moneda, etc...","robots":{"index":"index","follow":"follow","max-snippet":"max-snippet:-1","max-image-preview":"max-image-preview:large","max-video-preview":"max-video-preview:-1"},"canonical":"https:\/\/www.formentera.es\/planifica\/aspectos-utiles\/","og_locale":"en_US","og_type":"article","og_title":"Prepara tu visita Formentera | Turismo de Formentera","og_description":"En esta p\u00e1gina encontrar\u00e1s toda la informaci\u00f3n que necesitas saber antes de llegar a la isla. Idioma, moneda, etc...","og_url":"https:\/\/www.formentera.es\/planifica\/aspectos-utiles\/","og_site_name":"Turismo de Formentera","article_publisher":"https:\/\/www.facebook.com\/turismoformentera\/","article_modified_time":"2024-09-26T10:17:47+00:00","twitter_card":"summary_large_image","twitter_site":"@visitformentera","twitter_misc":{"Est. reading time":"5 minutes"},"schema":{"@context":"https:\/\/schema.org","@graph":[{"@type":"WebPage","@id":"https:\/\/www.formentera.es\/planifica\/aspectos-utiles\/","url":"https:\/\/www.formentera.es\/planifica\/aspectos-utiles\/","name":"Prepara tu visita Formentera | Turismo de Formentera","isPartOf":{"@id":"https:\/\/www.formentera.es\/#website"},"datePublished":"2018-12-13T08:46:03+00:00","dateModified":"2024-09-26T10:17:47+00:00","description":"En esta p\u00e1gina encontrar\u00e1s toda la informaci\u00f3n que necesitas saber antes de llegar a la isla. Idioma, moneda, etc...","breadcrumb":{"@id":"https:\/\/www.formentera.es\/planifica\/aspectos-utiles\/#breadcrumb"},"inLanguage":"en-US","potentialAction":[{"@type":"ReadAction","target":["https:\/\/www.formentera.es\/planifica\/aspectos-utiles\/"]}]},{"@type":"BreadcrumbList","@id":"https:\/\/www.formentera.es\/planifica\/aspectos-utiles\/#breadcrumb","itemListElement":[{"@type":"ListItem","position":1,"name":"Portada","item":"https:\/\/www.formentera.es\/en\/"},{"@type":"ListItem","position":2,"name":"Planning","item":"https:\/\/www.formentera.es\/en\/planning\/"},{"@type":"ListItem","position":3,"name":"Useful information"}]},{"@type":"WebSite","@id":"https:\/\/www.formentera.es\/#website","url":"https:\/\/www.formentera.es\/","name":"Turismo de Formentera","description":"Web oficial de Turismo de Formentera","potentialAction":[{"@type":"SearchAction","target":{"@type":"EntryPoint","urlTemplate":"https:\/\/www.formentera.es\/?s={search_term_string}"},"query-input":{"@type":"PropertyValueSpecification","valueRequired":true,"valueName":"search_term_string"}}],"inLanguage":"en-US"}]}},"_links":{"self":[{"href":"https:\/\/www.formentera.es\/en\/wp-json\/wp\/v2\/pages\/3525","targetHints":{"allow":["GET"]}}],"collection":[{"href":"https:\/\/www.formentera.es\/en\/wp-json\/wp\/v2\/pages"}],"about":[{"href":"https:\/\/www.formentera.es\/en\/wp-json\/wp\/v2\/types\/page"}],"author":[{"embeddable":true,"href":"https:\/\/www.formentera.es\/en\/wp-json\/wp\/v2\/users\/1"}],"replies":[{"embeddable":true,"href":"https:\/\/www.formentera.es\/en\/wp-json\/wp\/v2\/comments?post=3525"}],"version-history":[{"count":0,"href":"https:\/\/www.formentera.es\/en\/wp-json\/wp\/v2\/pages\/3525\/revisions"}],"up":[{"embeddable":true,"href":"https:\/\/www.formentera.es\/en\/wp-json\/wp\/v2\/pages\/5029"}],"wp:attachment":[{"href":"https:\/\/www.formentera.es\/en\/wp-json\/wp\/v2\/media?parent=3525"}],"wp:term":[{"taxonomy":"category","embeddable":true,"href":"https:\/\/www.formentera.es\/en\/wp-json\/wp\/v2\/categories?post=3525"}],"curies":[{"name":"wp","href":"https:\/\/api.w.org\/{rel}","templated":true}]}}