{"id":7771,"date":"2019-01-15T07:45:52","date_gmt":"2019-01-15T09:45:52","guid":{"rendered":"https:\/\/www.formentera.es\/eventos\/"},"modified":"2025-01-13T09:32:50","modified_gmt":"2025-01-13T08:32:50","slug":"veranstaltungen","status":"publish","type":"page","link":"https:\/\/www.formentera.es\/de\/veranstaltungen\/","title":{"rendered":"Veranstaltungen"},"content":{"rendered":"<div class=\"wpb-content-wrapper\"><p>[vc_row full_width=&#8220;stretch_row_content_no_spaces&#8220; content_placement=&#8220;bottom&#8220; css=&#8220;.vc_custom_1548064335467{background-image: url(https:\/\/www.formentera.es\/wp-content\/uploads\/2019\/01\/32253793_951361058379432_1466042161131683840_o.jpg?id=1856) !important;background-position: center !important;background-repeat: no-repeat !important;background-size: cover !important;}&#8220; el_id=&#8220;top_categoria&#8220;][vc_column][vc_column_text]<\/p>\n<h1>Veranstaltungen in Formentera<\/h1>\n<p>Sport, Kino, Kunst, Musik und viele weitere Veranstaltungen finden das ganze Jahr \u00fcber in der perfekten Enklave statt, die Formentera dank seines guten Klimas und seiner Physiognomie darstellt. In diesem Abschnitt finden Sie einige der herausragendsten, aber Sie k\u00f6nnen die Registerkarte &#8222;Agenda&#8220; besuchen, um sie alle zu kennen.[\/vc_column_text][\/vc_column][\/vc_row][vc_row full_width=&#8220;stretch_row_content&#8220; equal_height=&#8220;yes&#8220; el_class=&#8220;filamap&#8220;][vc_column width=&#8220;1\/2&#8243;][vc_column_text el_class=&#8220;h1&#8243;]<\/p>\n<h2>Veranstaltungen<\/h2>\n<p>[\/vc_column_text][\/vc_column][vc_column width=&#8220;1\/2&#8243; css=&#8220;.vc_custom_1683537462481{padding-top: 25px !important;}&#8220; offset=&#8220;vc_hidden-lg vc_hidden-md vc_hidden-sm vc_hidden-xs&#8220;][vc_btn title=&#8220;Alle Veranstaltungen 2022&#8243; style=&#8220;flat&#8220; shape=&#8220;square&#8220; color=&#8220;white&#8220; size=&#8220;lg&#8220; align=&#8220;right&#8220; i_align=&#8220;right&#8220; i_icon_fontawesome=&#8220;fa fa-file-pdf-o&#8220; add_icon=&#8220;true&#8220; link=&#8220;url:https%3A%2F%2Fwww.formentera.es%2Fwp-content%2Fuploads%2F2022%2F03%2Fcalendari2022_eng.pdf||target:%20_blank|&#8220; el_class=&#8220;btn_mapa btn_descarga&#8220;][\/vc_column][\/vc_row][vc_row full_width=&#8220;stretch_row_content&#8220;][vc_column][vc_basic_grid post_type=&#8220;post&#8220; max_items=&#8220;-1&#8243; order=&#8220;ASC&#8220; item=&#8220;1524&#8243; grid_id=&#8220;vc_gid:1736757161130-11c3f160-e21b-2&#8243; taxonomies=&#8220;17&#8243;][\/vc_column][\/vc_row]<\/p>\n<\/div>","protected":false},"excerpt":{"rendered":"<p>[vc_row full_width=&#8220;stretch_row_content_no_spaces&#8220; content_placement=&#8220;bottom&#8220; css=&#8220;.vc_custom_1548064335467{background-image: url(https:\/\/www.formentera.es\/wp-content\/uploads\/2019\/01\/32253793_951361058379432_1466042161131683840_o.jpg?id=1856) !important;background-position: center !important;background-repeat: no-repeat !important;background-size: cover !important;}&#8220; el_id=&#8220;top_categoria&#8220;][vc_column][vc_column_text] Veranstaltungen in [&hellip;]<\/p>\n","protected":false},"author":1,"featured_media":0,"parent":0,"menu_order":0,"comment_status":"closed","ping_status":"closed","template":"","meta":{"_acf_changed":false,"footnotes":""},"categories":[],"class_list":["post-7771","page","type-page","status-publish","hentry"],"acf":[],"yoast_head":"<!-- This site is optimized with the Yoast SEO plugin v25.5 - https:\/\/yoast.com\/wordpress\/plugins\/seo\/ -->\n<title>Eventos que se celebran en Formentera | Turismo de Formentera<\/title>\n<meta name=\"description\" content=\"Deportes, cine, arte, m\u00fasica y muchos m\u00e1s eventos se dan cita a lo largo del a\u00f1o en el enclave perfecto que supone Formentera\" \/>\n<meta name=\"robots\" content=\"index, follow, max-snippet:-1, max-image-preview:large, max-video-preview:-1\" \/>\n<link rel=\"canonical\" href=\"https:\/\/www.formentera.es\/de\/veranstaltungen\/\" \/>\n<meta property=\"og:locale\" content=\"de_DE\" \/>\n<meta property=\"og:type\" content=\"article\" \/>\n<meta property=\"og:title\" content=\"Eventos que se celebran en Formentera | Turismo de Formentera\" \/>\n<meta property=\"og:description\" content=\"Deportes, cine, arte, m\u00fasica y muchos m\u00e1s eventos se dan cita a lo largo del a\u00f1o en el enclave perfecto que supone Formentera\" \/>\n<meta property=\"og:url\" content=\"https:\/\/www.formentera.es\/de\/veranstaltungen\/\" \/>\n<meta property=\"og:site_name\" content=\"Turismo de Formentera\" \/>\n<meta property=\"article:publisher\" content=\"https:\/\/www.facebook.com\/turismoformentera\/\" \/>\n<meta property=\"article:modified_time\" content=\"2025-01-13T08:32:50+00:00\" \/>\n<meta name=\"twitter:card\" content=\"summary_large_image\" \/>\n<meta name=\"twitter:site\" content=\"@visitformentera\" \/>\n<meta name=\"twitter:label1\" content=\"Gesch\u00e4tzte Lesezeit\" \/>\n\t<meta name=\"twitter:data1\" content=\"1\u00a0Minute\" \/>\n<script type=\"application\/ld+json\" class=\"yoast-schema-graph\">{\"@context\":\"https:\/\/schema.org\",\"@graph\":[{\"@type\":\"WebPage\",\"@id\":\"https:\/\/www.formentera.es\/de\/veranstaltungen\/\",\"url\":\"https:\/\/www.formentera.es\/de\/veranstaltungen\/\",\"name\":\"Eventos que se celebran en Formentera | Turismo de Formentera\",\"isPartOf\":{\"@id\":\"https:\/\/www.formentera.es\/#website\"},\"datePublished\":\"2019-01-15T09:45:52+00:00\",\"dateModified\":\"2025-01-13T08:32:50+00:00\",\"description\":\"Deportes, cine, arte, m\u00fasica y muchos m\u00e1s eventos se dan cita a lo largo del a\u00f1o en el enclave perfecto que supone Formentera\",\"breadcrumb\":{\"@id\":\"https:\/\/www.formentera.es\/de\/veranstaltungen\/#breadcrumb\"},\"inLanguage\":\"de\",\"potentialAction\":[{\"@type\":\"ReadAction\",\"target\":[\"https:\/\/www.formentera.es\/de\/veranstaltungen\/\"]}]},{\"@type\":\"BreadcrumbList\",\"@id\":\"https:\/\/www.formentera.es\/de\/veranstaltungen\/#breadcrumb\",\"itemListElement\":[{\"@type\":\"ListItem\",\"position\":1,\"name\":\"Portada\",\"item\":\"https:\/\/www.formentera.es\/de\/\"},{\"@type\":\"ListItem\",\"position\":2,\"name\":\"Veranstaltungen\"}]},{\"@type\":\"WebSite\",\"@id\":\"https:\/\/www.formentera.es\/#website\",\"url\":\"https:\/\/www.formentera.es\/\",\"name\":\"Turismo de Formentera\",\"description\":\"Web oficial de Turismo de Formentera\",\"potentialAction\":[{\"@type\":\"SearchAction\",\"target\":{\"@type\":\"EntryPoint\",\"urlTemplate\":\"https:\/\/www.formentera.es\/?s={search_term_string}\"},\"query-input\":{\"@type\":\"PropertyValueSpecification\",\"valueRequired\":true,\"valueName\":\"search_term_string\"}}],\"inLanguage\":\"de\"}]}<\/script>\n<!-- \/ Yoast SEO plugin. -->","yoast_head_json":{"title":"Eventos que se celebran en Formentera | Turismo de Formentera","description":"Deportes, cine, arte, m\u00fasica y muchos m\u00e1s eventos se dan cita a lo largo del a\u00f1o en el enclave perfecto que supone Formentera","robots":{"index":"index","follow":"follow","max-snippet":"max-snippet:-1","max-image-preview":"max-image-preview:large","max-video-preview":"max-video-preview:-1"},"canonical":"https:\/\/www.formentera.es\/de\/veranstaltungen\/","og_locale":"de_DE","og_type":"article","og_title":"Eventos que se celebran en Formentera | Turismo de Formentera","og_description":"Deportes, cine, arte, m\u00fasica y muchos m\u00e1s eventos se dan cita a lo largo del a\u00f1o en el enclave perfecto que supone Formentera","og_url":"https:\/\/www.formentera.es\/de\/veranstaltungen\/","og_site_name":"Turismo de Formentera","article_publisher":"https:\/\/www.facebook.com\/turismoformentera\/","article_modified_time":"2025-01-13T08:32:50+00:00","twitter_card":"summary_large_image","twitter_site":"@visitformentera","twitter_misc":{"Gesch\u00e4tzte Lesezeit":"1\u00a0Minute"},"schema":{"@context":"https:\/\/schema.org","@graph":[{"@type":"WebPage","@id":"https:\/\/www.formentera.es\/de\/veranstaltungen\/","url":"https:\/\/www.formentera.es\/de\/veranstaltungen\/","name":"Eventos que se celebran en Formentera | Turismo de Formentera","isPartOf":{"@id":"https:\/\/www.formentera.es\/#website"},"datePublished":"2019-01-15T09:45:52+00:00","dateModified":"2025-01-13T08:32:50+00:00","description":"Deportes, cine, arte, m\u00fasica y muchos m\u00e1s eventos se dan cita a lo largo del a\u00f1o en el enclave perfecto que supone Formentera","breadcrumb":{"@id":"https:\/\/www.formentera.es\/de\/veranstaltungen\/#breadcrumb"},"inLanguage":"de","potentialAction":[{"@type":"ReadAction","target":["https:\/\/www.formentera.es\/de\/veranstaltungen\/"]}]},{"@type":"BreadcrumbList","@id":"https:\/\/www.formentera.es\/de\/veranstaltungen\/#breadcrumb","itemListElement":[{"@type":"ListItem","position":1,"name":"Portada","item":"https:\/\/www.formentera.es\/de\/"},{"@type":"ListItem","position":2,"name":"Veranstaltungen"}]},{"@type":"WebSite","@id":"https:\/\/www.formentera.es\/#website","url":"https:\/\/www.formentera.es\/","name":"Turismo de Formentera","description":"Web oficial de Turismo de Formentera","potentialAction":[{"@type":"SearchAction","target":{"@type":"EntryPoint","urlTemplate":"https:\/\/www.formentera.es\/?s={search_term_string}"},"query-input":{"@type":"PropertyValueSpecification","valueRequired":true,"valueName":"search_term_string"}}],"inLanguage":"de"}]}},"_links":{"self":[{"href":"https:\/\/www.formentera.es\/de\/wp-json\/wp\/v2\/pages\/7771","targetHints":{"allow":["GET"]}}],"collection":[{"href":"https:\/\/www.formentera.es\/de\/wp-json\/wp\/v2\/pages"}],"about":[{"href":"https:\/\/www.formentera.es\/de\/wp-json\/wp\/v2\/types\/page"}],"author":[{"embeddable":true,"href":"https:\/\/www.formentera.es\/de\/wp-json\/wp\/v2\/users\/1"}],"replies":[{"embeddable":true,"href":"https:\/\/www.formentera.es\/de\/wp-json\/wp\/v2\/comments?post=7771"}],"version-history":[{"count":0,"href":"https:\/\/www.formentera.es\/de\/wp-json\/wp\/v2\/pages\/7771\/revisions"}],"wp:attachment":[{"href":"https:\/\/www.formentera.es\/de\/wp-json\/wp\/v2\/media?parent=7771"}],"wp:term":[{"taxonomy":"category","embeddable":true,"href":"https:\/\/www.formentera.es\/de\/wp-json\/wp\/v2\/categories?post=7771"}],"curies":[{"name":"wp","href":"https:\/\/api.w.org\/{rel}","templated":true}]}}