{"id":7663,"date":"2018-12-13T06:46:03","date_gmt":"2018-12-13T08:46:03","guid":{"rendered":"https:\/\/www.formentera.es\/planen\/aspectos-utiles\/"},"modified":"2024-09-26T12:27:29","modified_gmt":"2024-09-26T10:27:29","slug":"nuetzliche-hinweise","status":"publish","type":"page","link":"https:\/\/www.formentera.es\/de\/planen\/nuetzliche-hinweise\/","title":{"rendered":"N\u00fctzliche Hinweise"},"content":{"rendered":"<div class=\"wpb-content-wrapper\"><p>[vc_row full_width=&#8220;stretch_row_content_no_spaces&#8220; content_placement=&#8220;middle&#8220; css=&#8220;.vc_custom_1549362852420{background-image: url(https:\/\/www.formentera.es\/wp-content\/uploads\/2019\/01\/LEVANTE-1E-JORGE-JIMENEZ.jpg?id=2033) !important;background-position: center !important;background-repeat: no-repeat !important;background-size: cover !important;}&#8220; el_id=&#8220;top_categoria&#8220; el_class=&#8220;planifica&#8220;][vc_column][vc_column_text]<\/p>\n<h1><b>N\u00fctzliche Hinweise<\/b><\/h1>\n<p>[\/vc_column_text][\/vc_column][\/vc_row][vc_row el_class=&#8220;bgen&#8220;][vc_column width=&#8220;2\/3&#8243;][vc_column_text]<b>Sprache<\/b>:Spanisch ist neben Katalanisch die Amtssprache der Balearen. In der Mehrzahl der touristischen Einrichtungen wird zudem Englisch, Deutsch, Italienisch und Franz\u00f6sisch gesprochen.<\/p>\n<p><b>W\u00e4hrung: <\/b>Die offizielle W\u00e4hrung ist wie im restlichen spanischen Staatsgebiet der Euro. Jeder Betrag, der bei der Ein- oder Ausreise Spaniens 6.011 EUR \u00fcbersteigt, muss gemeldet werden.<\/p>\n<p><b>\u00d6ffnungszeiten<\/b>: Die gew\u00f6hnlichen \u00d6ffnungszeiten der Gesch\u00e4fte sind von 09:00 Uhr bis 14:00 Uhr und von 17:00 Uhr bis 20:00 Uhr. Ungeachtet dessen haben viele Gesch\u00e4fte auch \u00fcber die Mittagszeit und bis 24:00 Uhr ge\u00f6ffnet. Auch an Sonn- und Feiertagen \u00f6ffnen zahlreiche Gesch\u00e4fte.<\/p>\n<p><b>Zelten und Camping:<\/b> Aufgrund der kleinen Gr\u00f6\u00dfe der Insel gibt es keinen Campingplatz. Das Zelten im Freien ist auf der gesamten Insel verboten; dies gilt auch f\u00fcr die \u00dcbernachtung in allen Arten von Fahrzeugen, am Strand sowie in den W\u00e4ldern.<\/p>\n<p><b>Notf\u00e4lle:<\/b> Im Notfall k\u00f6nnen Sie sofort Hilfe erhalten, indem Sie die Telefonnummer 112, den Notdienst der Balearen, w\u00e4hlen (Rettung, Feuerwehr und Sicherheit). Der Anruf ist gratis und wird rasch in 4 Sprachen (Spanisch, Katalanisch, Englisch und Deutsch) entgegengenommen.<\/p>\n<p><b>Haustiere: <\/b>Personen, die mit Ihren Haustieren nach Formentera reisen m\u00f6chten, sollten sich zun\u00e4chst vergewissern, dass Tiere in der von Ihnen gew\u00e4hlten Unterkunft erlaubt sind und sie die sonstigen Einreiseauflagen f\u00fcr Spanien erf\u00fcllen. Au\u00dferdem muss bei als gef\u00e4hrliche Rasse eingestuften Tieren ein entsprechender Ausweis mitgef\u00fchrt werden. Auf jeden Fall sind die allgemeinen Vorschriften und insbesondere jene \u00fcber die Benutzung von Leinen, Maulk\u00f6rben und die sonstigen einschl\u00e4gigen Bestimmungen zu beachten. Im Regelfall ist Haustieren der Zutritt von Bars, Restaurants, Lebensmittelgesch\u00e4ften, Str\u00e4nden und \u00f6ffentlichen Verkehrsmitteln untersagt, au\u00dfer es handelt sich um einen Blindenhund. F\u00fcr n\u00e4here Informationen wenden Sie sich bitte an das Fremdenverkehrsb\u00fcro.<\/p>\n<p><strong><b>Fremdenverkehrsb\u00fcros<\/b><\/strong><\/p>\n<ul>\n<li>Fremdenverkehrsb\u00fcro La Savina. Hafenterminal La Savina | Tel.: +34 971 32 20 57 | Fax: +34 971 32 28 25 | informacioturistica@formentera.es. Ge\u00f6ffnet von Montag bis Samstag von 9 bis 15 Uhr, Sonntag von 9 bis 14 Uhr. Donnerstags geschlossen.<\/li>\n<li>Fremdenverkehrsb\u00fcro Sant Francesc Xavier. Plaza de la Constituci\u00f3n s\/n | Tel.: +34 971 32 36 20 |sanfrancesc@formentera.es Ge\u00f6ffnet von Montag bis Freitag von 9 bis 15 Uhr, Samstag von 9 bis 14 Uhr, Sonntag geschlossen.<\/li>\n<li>Fremdenverkehrsb\u00fcro Es Pujols. Calle Espalmador Ecke Avenida Miramar | Tel.: \u00a0+34 971 32 89 97 |espujols@formentera.es. Ge\u00f6ffnet von Montag bis Samstag von 9 bis 15 Uhr, Sonntag von 9 bis 14 Uhr. Dienstags geschlossen.<\/li>\n<li>Fremdenverkehrsb\u00fcro Flughafen Ibiza. Tel.: + 34 971 32 80 91 18. Montags bis samstags von 10:00 Uhr bis 14:00 Uhr und von 17:00 Uhr bis 19:00 Uhr.<\/li>\n<\/ul>\n<p><b>\u00d6ffentliche Verkehrsmittel. <\/b>Das Stra\u00dfennetz Formenteras ist ganzj\u00e4hrig durch regelm\u00e4\u00dfige Buslinien erschlossen, welche in k\u00fcrzeren Intervallen in den Sommermonaten verkehren. F\u00fcr den Fahrplan und n\u00e4here Einzelheiten: Autocares Paya: +34 971 32 31 81 | <a href=\"http:\/\/www.busformentera.com\/\" target=\"_blank\" rel=\"noopener noreferrer\">www.busformentera.com<\/a><\/p>\n<p><b>Taxis<\/b>. Au\u00dferdem gibt es einen Taxidienst mit Taxist\u00e4nden im Hafen La Savina und in allen Ortskeren. Es gibt weiterhin ein Taxi, das die Anforderungen von Personen mit eingeschr\u00e4nkter Mobilit\u00e4t erf\u00fcllt. Ferner gibt es auf Formentera private Wassertaxis, um von Ibiza nach Formentera oder umgekehrt zu gelangen. Taxi: Es Pujols: +34 971 32 80 16 | Hafen La Savina: +34 971 32 20 02 | Sant Francesc: +34 971 32 20 16 | Radio Taxi: +34 971 32 23 42<\/p>\n<p><b>Wassertaxis<\/b><\/p>\n<ul>\n<li>Barco Salao: (+34) 609 84 71 16 | <a href=\"http:\/\/www.formenterawatertaxi.es\/\" target=\"_blank\" rel=\"noopener noreferrer\">www.formenterawatertaxi.es<\/a><\/li>\n<li>Taximar: 629158664 &#8211; 607188981 | <a href=\"http:\/\/www.taximar.es\/\" target=\"_blank\" rel=\"noopener noreferrer\">www.taximar.es<\/a><\/li>\n<\/ul>\n<p><strong>ZUGANG ZUM NATURPARK SES SALINES DE FORMENTERA<\/strong><\/p>\n<p>Unter diesem <a href=\"https:\/\/www.formentera.es\/wp-content\/uploads\/2024\/09\/Acces_Parc-Natural-de-ses-Salines.pdf\">Link<\/a> finden Sie alle Informationen zu den Eintritts- und Zugangsgeb\u00fchren f\u00fcr die verschiedenen Fahrzeuge zu den Str\u00e4nden des Naturparks Ses Salines.<\/p>\n<p>&nbsp;<\/p>\n<p><strong><b>Apotheken und \u00c4rztezentren<\/b><\/strong><\/p>\n<p><b>Krankenhaus. \u00c4rztezentrum von Formentera. Stra\u00dfe von La Savina nach Sant Francesc Km 2,9 07860 Sant Francesc Xavier | Tel.: +34 971 32 23 69 &#8211; +34 971 32 23 57<\/b><\/p>\n<p><strong><b>Apotheken:<\/b><\/strong><\/p>\n<ul>\n<li>Farmacia Joan Torres Quetglas. Sant Francesc Xavier. +34 971 32 24 19<\/li>\n<li>Farmacia Josep Mayans Ribas. Sant Ferran. +34 971 32 80 04<\/li>\n<li>Farmacia Maiteder de Eguileor Lasquibar. Es Pujols. +34 971 32 86 63<\/li>\n<li>Farmacia Guitart Lorente de No. Es Cal\u00f3 de Sant Agust\u00ed. +34 971 32 73 98<\/li>\n<\/ul>\n<p><strong><b>Notrufnummer:<\/b> 112<\/strong><\/p>\n<p><strong><b>Private Kliniken<\/b><\/strong><\/p>\n<ul>\n<li>Klinik in La Savina: www. cmformentera.imedicplatform.com<\/li>\n<li>Klinik in Sant Francesc Xavier: Praxis Pedro Piza<\/li>\n<li>Klinik in Sant Ferran: Dr. Luis Mart\u00edn Soledad<\/li>\n<\/ul>\n<p><strong><b>Sonstige wichtige Telefonnummern<\/b>:<\/strong><\/p>\n<ul>\n<li>Gemeinderegierung: 971 32 10 87<\/li>\n<li>\u00d6rtliche Polizei: 092\/ 971 32 22 01<\/li>\n<li>Gendarmerie: 971 32 20 22<\/li>\n<li>Feuerwehr: 092\/112<\/li>\n<li>Krankenhaus von Formentera: 971 32 12 12<\/li>\n<li>Telefonnummer der Taxi-Hotline: 971 32 23 42<\/li>\n<li>Notrufnummer: 112<\/li>\n<\/ul>\n<p><b>Dorffeste: <\/b>Anl\u00e4sslich des Ehrentags der Schutzheiligen der diversen D\u00f6rfer auf Formentera finden Dorffeste statt, welche ein Pflichttermin im Kalender der Bewohner und Touristen sind. Hervorzuheben sind insbesondere das Dorffest anl\u00e4sslich von Sant Jaume (in Sant Francesc) und des Fest <i>Festividad del Carmen<\/i> der Schutzheiligen des Meeres, mit Feierlichkeiten in La Savina und Es Pujols. Wichtige Feste finden anl\u00e4sslich von Sant Ferran (30. Mai), Sant Joan (24. Juni), D\u00eda de la Virgen del Carmen (16. Juli), Sant Jaume (25. Juli), Santa Mar\u00eda (5. August), D\u00eda de la Virgen del Pilar (12. Oktober) und Sant Francesc Xavier (3. Dezember) statt.<\/p>\n<p><b>Strom<\/b>: Die Netzspannung betr\u00e4gt 230 Volt bzw. 50 Hertz.<\/p>\n<p><b>Benzin<\/b>: Es gibt zwei Tankstellen auf der Insel, die sich an der Hauptstra\u00dfe zwischen den D\u00f6rfern La Savina und Sant Francesc bzw. Sant Francesc und Sant Ferran befinden. An den Tankstellen wird bleifreies Benzin (95 oder 98 Oktan) und Diesel verkauft.<\/p>\n<p><b>Trinkgeld<\/b>: Wenngleich Trinkgeld nicht vorgeschrieben ist, so ist es \u00fcblich, etwas Trinkgeld in Bars, Restaurants und dem Personal im Hotelgewerbe zu geben. Normalerweise zwischen 5% und 10% des Gesamtbetrags.<\/p>\n<p><b>Feiertage:<\/b><\/p>\n<ul>\n<li>1. Januar<\/li>\n<li>6. Januar<\/li>\n<li>Gr\u00fcndonnerstag<\/li>\n<li>Karfreitag<\/li>\n<li>Ostermontag<\/li>\n<li>1. Mai: Tag der Arbeit<\/li>\n<li>15. August: Mari\u00e4 Himmelfahrt<\/li>\n<li>12. Oktober: Jungfrau del Pilar<\/li>\n<li>1. November: Allerheiligen<\/li>\n<li>6. Dezember: Tag der spanischen Verfassung<\/li>\n<li>8. Dezember: Mari\u00e4 Empf\u00e4ngnis<\/li>\n<li>24. Dezember: Heiligabend<\/li>\n<li>25. Dezember: 1. Weihnachtsfeiertag<\/li>\n<li>26. Dezember: 2. Weihnachtsfeiertag.<\/li>\n<\/ul>\n<p>[\/vc_column_text][\/vc_column][vc_column width=&#8220;1\/3&#8243;][vc_wp_custommenu title=&#8220;Planifica tu viaje&#8220; nav_menu=&#8220;20&#8243;][vc_column_text]<div id=\"sidebar_ficha\"><a class=\"sidebar_breadcrumbs\" href=\"https:\/\/www.formentera.es\/de\/planen\/\"><i class=\"fa fa-angle-left\"><\/i>Zur\u00fcck zu Planen<\/a><div class=\"content_sidebar\"><div class=\"bloc_share\"><div class=\"blocs1\"><div class=\"tit_medium\">Teilen\r\n\u00fcbersetzungen<\/div><div class=\"redes_ficha\"><div class=\"fa fa-brands fa-x-twitter st-custom-button\" data-network=\"twitter\"><\/div><div class=\"fa fa-facebook st-custom-button\" data-network=\"facebook\"><\/div><div class=\"fa fa-pinterest-p st-custom-button\" data-network=\"pinterest\"><\/div><\/div><\/div><div class=\"blocs2\"><div class=\"tit_medium\">An einen Freund senden<\/div><div class=\"redes_ficha\"><div class=\"fa fa-envelope st-custom-button\" data-network=\"email\"><\/div><div class=\"fa fa-whatsapp st-custom-button\" data-network=\"whatsapp\"><\/div><\/div><\/div><\/div><\/div><\/div>[\/vc_column_text][\/vc_column][\/vc_row][vc_row][vc_column][vc_column_text]<div id=\"siguexpl\" class=\"container sc\"><h2>Erforschen Sie weiter<\/h2><div class=\"row\"><a href=\"https:\/\/www.formentera.es\/de\/erkunden\/kultur-und-kulturerbe\/\" class=\"col-md-4\">\n\t\t\t\t\t\t<div class=\"row\">\n\t\t\t\t\t\t\t<div class=\"col-sm-4\" style=\"background-image: url(https:\/\/www.formentera.es\/wp-content\/uploads\/2019\/01\/Torre-de-Sa-Gavina_Moonkoala-300x200.jpg)\"><\/div>\n\t\t\t\t\t\t\t<div class=\"col-sm-8\">\n\t\t\t\t\t\t\t\tKultur und Kulturerbe\n\t\t\t\t\t\t\t\t<i class=\"fa fa-angle-right\"><\/i>\n\t\t\t\t\t\t\t<\/div>\n\t\t\t\t\t\t\t<div class=\"bhover\"><\/div>\n\t\t\t\t\t\t<\/div>\n\t\t\t\t\t\t\n\t\t\t\t\t<\/a><a href=\"https:\/\/www.formentera.es\/de\/die-insel\/\" class=\"col-md-4\">\n\t\t\t\t\t\t<div class=\"row\">\n\t\t\t\t\t\t\t<div class=\"col-sm-4\" style=\"background-image: url(https:\/\/www.formentera.es\/wp-content\/uploads\/2019\/01\/AdobeStock_68411178-300x179.jpg)\"><\/div>\n\t\t\t\t\t\t\t<div class=\"col-sm-8\">\n\t\t\t\t\t\t\t\tDie Insel\n\t\t\t\t\t\t\t\t<i class=\"fa fa-angle-right\"><\/i>\n\t\t\t\t\t\t\t<\/div>\n\t\t\t\t\t\t\t<div class=\"bhover\"><\/div>\n\t\t\t\t\t\t<\/div>\n\t\t\t\t\t\t\n\t\t\t\t\t<\/a><a href=\"https:\/\/www.formentera.es\/de\/erkunden\/aktivitaeten\/\" class=\"col-md-4\">\n\t\t\t\t\t\t<div class=\"row\">\n\t\t\t\t\t\t\t<div class=\"col-sm-4\" style=\"background-image: url(https:\/\/www.formentera.es\/wp-content\/uploads\/2018\/11\/ESCUELA-MUNICIPAL-DE-VELA-4NOMADAS-jjfoto\u0300graf-16-300x207.jpg)\"><\/div>\n\t\t\t\t\t\t\t<div class=\"col-sm-8\">\n\t\t\t\t\t\t\t\tAktivit\u00e4ten\n\t\t\t\t\t\t\t\t<i class=\"fa fa-angle-right\"><\/i>\n\t\t\t\t\t\t\t<\/div>\n\t\t\t\t\t\t\t<div class=\"bhover\"><\/div>\n\t\t\t\t\t\t<\/div>\n\t\t\t\t\t\t\n\t\t\t\t\t<\/a><\/div><\/div>[\/vc_column_text][\/vc_column][\/vc_row]<\/p>\n<\/div>","protected":false},"excerpt":{"rendered":"<p>[vc_row full_width=&#8220;stretch_row_content_no_spaces&#8220; content_placement=&#8220;middle&#8220; css=&#8220;.vc_custom_1549362852420{background-image: url(https:\/\/www.formentera.es\/wp-content\/uploads\/2019\/01\/LEVANTE-1E-JORGE-JIMENEZ.jpg?id=2033) !important;background-position: center !important;background-repeat: no-repeat !important;background-size: cover !important;}&#8220; el_id=&#8220;top_categoria&#8220; el_class=&#8220;planifica&#8220;][vc_column][vc_column_text] N\u00fctzliche [&hellip;]<\/p>\n","protected":false},"author":1,"featured_media":0,"parent":7263,"menu_order":0,"comment_status":"closed","ping_status":"closed","template":"page-gen.php","meta":{"_acf_changed":false,"footnotes":""},"categories":[],"class_list":["post-7663","page","type-page","status-publish","hentry"],"acf":[],"yoast_head":"<!-- This site is optimized with the Yoast SEO plugin v25.5 - https:\/\/yoast.com\/wordpress\/plugins\/seo\/ -->\n<title>Prepara tu visita Formentera | Turismo de Formentera<\/title>\n<meta name=\"description\" content=\"En esta p\u00e1gina encontrar\u00e1s toda la informaci\u00f3n que necesitas saber antes de llegar a la isla. Idioma, moneda, etc...\" \/>\n<meta name=\"robots\" content=\"index, follow, max-snippet:-1, max-image-preview:large, max-video-preview:-1\" \/>\n<link rel=\"canonical\" href=\"https:\/\/www.formentera.es\/planifica\/aspectos-utiles\/\" \/>\n<meta property=\"og:locale\" content=\"de_DE\" \/>\n<meta property=\"og:type\" content=\"article\" \/>\n<meta property=\"og:title\" content=\"Prepara tu visita Formentera | Turismo de Formentera\" \/>\n<meta property=\"og:description\" content=\"En esta p\u00e1gina encontrar\u00e1s toda la informaci\u00f3n que necesitas saber antes de llegar a la isla. Idioma, moneda, etc...\" \/>\n<meta property=\"og:url\" content=\"https:\/\/www.formentera.es\/planifica\/aspectos-utiles\/\" \/>\n<meta property=\"og:site_name\" content=\"Turismo de Formentera\" \/>\n<meta property=\"article:publisher\" content=\"https:\/\/www.facebook.com\/turismoformentera\/\" \/>\n<meta property=\"article:modified_time\" content=\"2024-09-26T10:27:29+00:00\" \/>\n<meta name=\"twitter:card\" content=\"summary_large_image\" \/>\n<meta name=\"twitter:site\" content=\"@visitformentera\" \/>\n<meta name=\"twitter:label1\" content=\"Gesch\u00e4tzte Lesezeit\" \/>\n\t<meta name=\"twitter:data1\" content=\"5\u00a0Minuten\" \/>\n<script type=\"application\/ld+json\" class=\"yoast-schema-graph\">{\"@context\":\"https:\/\/schema.org\",\"@graph\":[{\"@type\":\"WebPage\",\"@id\":\"https:\/\/www.formentera.es\/planifica\/aspectos-utiles\/\",\"url\":\"https:\/\/www.formentera.es\/planifica\/aspectos-utiles\/\",\"name\":\"Prepara tu visita Formentera | Turismo de Formentera\",\"isPartOf\":{\"@id\":\"https:\/\/www.formentera.es\/#website\"},\"datePublished\":\"2018-12-13T08:46:03+00:00\",\"dateModified\":\"2024-09-26T10:27:29+00:00\",\"description\":\"En esta p\u00e1gina encontrar\u00e1s toda la informaci\u00f3n que necesitas saber antes de llegar a la isla. Idioma, moneda, etc...\",\"breadcrumb\":{\"@id\":\"https:\/\/www.formentera.es\/planifica\/aspectos-utiles\/#breadcrumb\"},\"inLanguage\":\"de\",\"potentialAction\":[{\"@type\":\"ReadAction\",\"target\":[\"https:\/\/www.formentera.es\/planifica\/aspectos-utiles\/\"]}]},{\"@type\":\"BreadcrumbList\",\"@id\":\"https:\/\/www.formentera.es\/planifica\/aspectos-utiles\/#breadcrumb\",\"itemListElement\":[{\"@type\":\"ListItem\",\"position\":1,\"name\":\"Portada\",\"item\":\"https:\/\/www.formentera.es\/de\/\"},{\"@type\":\"ListItem\",\"position\":2,\"name\":\"Planen\",\"item\":\"https:\/\/www.formentera.es\/de\/planen\/\"},{\"@type\":\"ListItem\",\"position\":3,\"name\":\"N\u00fctzliche Hinweise\"}]},{\"@type\":\"WebSite\",\"@id\":\"https:\/\/www.formentera.es\/#website\",\"url\":\"https:\/\/www.formentera.es\/\",\"name\":\"Turismo de Formentera\",\"description\":\"Web oficial de Turismo de Formentera\",\"potentialAction\":[{\"@type\":\"SearchAction\",\"target\":{\"@type\":\"EntryPoint\",\"urlTemplate\":\"https:\/\/www.formentera.es\/?s={search_term_string}\"},\"query-input\":{\"@type\":\"PropertyValueSpecification\",\"valueRequired\":true,\"valueName\":\"search_term_string\"}}],\"inLanguage\":\"de\"}]}<\/script>\n<!-- \/ Yoast SEO plugin. -->","yoast_head_json":{"title":"Prepara tu visita Formentera | Turismo de Formentera","description":"En esta p\u00e1gina encontrar\u00e1s toda la informaci\u00f3n que necesitas saber antes de llegar a la isla. Idioma, moneda, etc...","robots":{"index":"index","follow":"follow","max-snippet":"max-snippet:-1","max-image-preview":"max-image-preview:large","max-video-preview":"max-video-preview:-1"},"canonical":"https:\/\/www.formentera.es\/planifica\/aspectos-utiles\/","og_locale":"de_DE","og_type":"article","og_title":"Prepara tu visita Formentera | Turismo de Formentera","og_description":"En esta p\u00e1gina encontrar\u00e1s toda la informaci\u00f3n que necesitas saber antes de llegar a la isla. Idioma, moneda, etc...","og_url":"https:\/\/www.formentera.es\/planifica\/aspectos-utiles\/","og_site_name":"Turismo de Formentera","article_publisher":"https:\/\/www.facebook.com\/turismoformentera\/","article_modified_time":"2024-09-26T10:27:29+00:00","twitter_card":"summary_large_image","twitter_site":"@visitformentera","twitter_misc":{"Gesch\u00e4tzte Lesezeit":"5\u00a0Minuten"},"schema":{"@context":"https:\/\/schema.org","@graph":[{"@type":"WebPage","@id":"https:\/\/www.formentera.es\/planifica\/aspectos-utiles\/","url":"https:\/\/www.formentera.es\/planifica\/aspectos-utiles\/","name":"Prepara tu visita Formentera | Turismo de Formentera","isPartOf":{"@id":"https:\/\/www.formentera.es\/#website"},"datePublished":"2018-12-13T08:46:03+00:00","dateModified":"2024-09-26T10:27:29+00:00","description":"En esta p\u00e1gina encontrar\u00e1s toda la informaci\u00f3n que necesitas saber antes de llegar a la isla. Idioma, moneda, etc...","breadcrumb":{"@id":"https:\/\/www.formentera.es\/planifica\/aspectos-utiles\/#breadcrumb"},"inLanguage":"de","potentialAction":[{"@type":"ReadAction","target":["https:\/\/www.formentera.es\/planifica\/aspectos-utiles\/"]}]},{"@type":"BreadcrumbList","@id":"https:\/\/www.formentera.es\/planifica\/aspectos-utiles\/#breadcrumb","itemListElement":[{"@type":"ListItem","position":1,"name":"Portada","item":"https:\/\/www.formentera.es\/de\/"},{"@type":"ListItem","position":2,"name":"Planen","item":"https:\/\/www.formentera.es\/de\/planen\/"},{"@type":"ListItem","position":3,"name":"N\u00fctzliche Hinweise"}]},{"@type":"WebSite","@id":"https:\/\/www.formentera.es\/#website","url":"https:\/\/www.formentera.es\/","name":"Turismo de Formentera","description":"Web oficial de Turismo de Formentera","potentialAction":[{"@type":"SearchAction","target":{"@type":"EntryPoint","urlTemplate":"https:\/\/www.formentera.es\/?s={search_term_string}"},"query-input":{"@type":"PropertyValueSpecification","valueRequired":true,"valueName":"search_term_string"}}],"inLanguage":"de"}]}},"_links":{"self":[{"href":"https:\/\/www.formentera.es\/de\/wp-json\/wp\/v2\/pages\/7663","targetHints":{"allow":["GET"]}}],"collection":[{"href":"https:\/\/www.formentera.es\/de\/wp-json\/wp\/v2\/pages"}],"about":[{"href":"https:\/\/www.formentera.es\/de\/wp-json\/wp\/v2\/types\/page"}],"author":[{"embeddable":true,"href":"https:\/\/www.formentera.es\/de\/wp-json\/wp\/v2\/users\/1"}],"replies":[{"embeddable":true,"href":"https:\/\/www.formentera.es\/de\/wp-json\/wp\/v2\/comments?post=7663"}],"version-history":[{"count":0,"href":"https:\/\/www.formentera.es\/de\/wp-json\/wp\/v2\/pages\/7663\/revisions"}],"up":[{"embeddable":true,"href":"https:\/\/www.formentera.es\/de\/wp-json\/wp\/v2\/pages\/7263"}],"wp:attachment":[{"href":"https:\/\/www.formentera.es\/de\/wp-json\/wp\/v2\/media?parent=7663"}],"wp:term":[{"taxonomy":"category","embeddable":true,"href":"https:\/\/www.formentera.es\/de\/wp-json\/wp\/v2\/categories?post=7663"}],"curies":[{"name":"wp","href":"https:\/\/api.w.org\/{rel}","templated":true}]}}