{"id":7652,"date":"2018-12-12T07:42:29","date_gmt":"2018-12-12T09:42:29","guid":{"rendered":"https:\/\/www.formentera.es\/planen\/como-moverse\/"},"modified":"2026-05-05T17:33:42","modified_gmt":"2026-05-05T15:33:42","slug":"fortbewegung-auf-der-insel","status":"publish","type":"page","link":"https:\/\/www.formentera.es\/de\/planen\/fortbewegung-auf-der-insel\/","title":{"rendered":"Fortbewegung auf der Insel"},"content":{"rendered":"<div class=\"wpb-content-wrapper\"><p>[vc_row full_width=&#8220;stretch_row_content_no_spaces&#8220; content_placement=&#8220;middle&#8220; css=&#8220;.vc_custom_1549362738562{background-image: url(https:\/\/www.formentera.es\/wp-content\/uploads\/2019\/01\/Formentera_Barbaria_Moto.jpg?id=2037) !important;background-position: center !important;background-repeat: no-repeat !important;background-size: cover !important;}&#8220; el_id=&#8220;top_categoria&#8220; el_class=&#8220;planifica&#8220;][vc_column][vc_column_text]<\/p>\n<h1><b>Fortbewegung auf der Insel\u00a0<\/b><\/h1>\n<p>[\/vc_column_text][\/vc_column][\/vc_row][vc_row el_class=&#8220;bgen&#8220;][vc_column width=&#8220;2\/3&#8243;][vc_column_text css=&#8220;&#8220;]Wir von der offiziellen Tourismuswebsite Formenteras setzen auf nachhaltige, umweltfreundliche und die Umwelt nicht verunreinigende Transportmittel. <strong>Wir empfehlen insbesondere die Benutzung von Fahrr\u00e4dern, um sich auf der Insel fortzubewegen, da das Gel\u00e4nde zum Gro\u00dfteil flach und leicht zug\u00e4nglich ist. Ferner empfehlen wir die Benutzung der \u00f6ffentlichen Busse f\u00fcr l\u00e4ngere oder anstrengendere Strecken, wie beispielsweise den Anstieg nach La Mola.<\/strong> Auf dem Drahtesel k\u00f6nnen Sie das wahre Formentera kennen lernen, das Ihnen von der Stra\u00dfe aus verborgen bleibt, und jeden Winkel in einem gem\u00fctlichen Tempo erkunden.<\/p>\n<p><strong>Metrominut Formentera, better by bike<\/strong><br \/>\nUm die Mobilit\u00e4t mit dem Fahrrad zu f\u00f6rdern, hat der Inselrat von Formentera <a href=\"https:\/\/www.formentera.es\/wp-content\/uploads\/2021\/07\/plano-metrominut.pdf\" target=\"_blank\" rel=\"noopener noreferrer\">diese Karte<\/a> mit acht Radrouten in der N\u00e4he des Hafens von Sabina herausgegeben, auf der die Entfernung und die Zeit angegeben sind, die normalerweise ben\u00f6tigt werden.<\/p>\n<p><strong>\u00d6FFENTLICHE BUSSE<\/strong><\/p>\n<p>Das Stra\u00dfennetz Formenteras ist ganzj\u00e4hrig durch regelm\u00e4\u00dfige Buslinien erschlossen, welche in k\u00fcrzeren Intervallen in den Sommermonaten verkehren. Es gibt au\u00dferdem einen speziell ausger\u00fcsteten Kleinbus f\u00fcr Personen mit eingeschr\u00e4nkter Mobilit\u00e4t: Autocares Paya: +34 971 32 31 81 | <a href=\"http:\/\/busformentera.com\/\" target=\"_blank\" rel=\"noopener noreferrer\">www.busformentera.com<\/a><\/p>\n<p><strong>TAXIS<\/strong><\/p>\n<p>Au\u00dferdem gibt es einen Taxidienst mit Taxist\u00e4nden im Hafen La Savina und in allen Ortskernen. Es gibt weiterhin ein Taxi, das die Anforderungen von Personen mit eingeschr\u00e4nkter Mobilit\u00e4t erf\u00fcllt. Ferner gibt es auf Formentera private Wassertaxis, um von Ibiza nach Formentera oder umgekehrt zu gelangen.<\/p>\n<p>Es Pujols: +34 971 32 80 16 | Puerto de la Savina: +34 971 32 20 02 | San Francisco: +34 971 32 20 16 | Radio Taxi: +34 971 32 23 42<\/p>\n<p><strong><b>PERSONENBEF\u00d6RDERUNG IM GELEGENHEITSVEKEHR<\/b><\/strong><\/p>\n<ul>\n<li>Pit\u00fcsa Sud: (+34) 971 32 90 33 \u00b7 <a href=\"http:\/\/www.autocarespitiusasud.com\/\" target=\"_blank\" rel=\"noopener noreferrer\">www.autocarespitiusasud.com<\/a><\/li>\n<li>Formentera Solbus: (+34) 971 32 31 81\u00b7 autocarespaya.com<\/li>\n<\/ul>\n<p><strong><b>MIETWAGEN<\/b><\/strong><\/p>\n<p>Diverse Unternehmen auf der Insel bieten Mietwagen an. Viele befinden sich in unmittelbarer N\u00e4he zum Hafen.<\/p>\n<p><a href=\"https:\/\/www.formentera.es\/wp-content\/uploads\/2023\/08\/MIETWAGEN.pdf\" target=\"_blank\" rel=\"noopener noreferrer\">Liste der Autovermietungen<\/a><\/p>\n<p><strong><b>WASSERTAXIS<\/b><\/strong><\/p>\n<ul>\n<li>Barco Salao: (+34) 609 84 71 16 | <a href=\"http:\/\/www.formenterawatertaxi.es\/\" target=\"_blank\" rel=\"noopener noreferrer\">www.formenterawatertaxi.es<\/a><\/li>\n<\/ul>\n<p><strong>ZUGANG ZUM NATURPARK SES SALINES DE FORMENTERA<\/strong><\/p>\n<p>Unter diesem <a href=\"https:\/\/www.formentera.es\/wp-content\/uploads\/2024\/09\/Acces_Parc-Natural-de-ses-Salines.pdf\">Link<\/a> finden Sie alle Informationen zu den Eintritts- und Zugangsgeb\u00fchren f\u00fcr die verschiedenen Fahrzeuge zu den Str\u00e4nden des Naturparks Ses Salines.[\/vc_column_text][vc_single_image image=&#8220;19839&#8243; img_size=&#8220;full&#8220; onclick=&#8220;custom_link&#8220; link=&#8220;https:\/\/www.formentera.es\/de\/regulation-the-entrance-of-vehicles-to-formentera\/&#8220;][vc_column_text]<strong>Traffic restrictions for vehicles from 1 June to 30 September (inclusive)<\/strong><\/p>\n<p>In application of the Law for the environmental and economic\u00a0\u00a0 sustainability of the island of Formentera, the entry, movement, circulation and parking of all types of motor vehicles is regulated.<\/p>\n<p>Visitors who come <strong>with their own vehicle<\/strong> can make their application on the website <a href=\"https:\/\/www.formentera.eco\/de\/\" target=\"_blank\" rel=\"noopener noreferrer\" data-saferedirecturl=\"https:\/\/www.google.com\/url?q=http:\/\/www.formentera.eco&amp;source=gmail&amp;ust=1686647964273000&amp;usg=AOvVaw0Yau3PLSUUXgUwfroOAzd8\">www.formentera.eco<\/a>.[\/vc_column_text][\/vc_column][vc_column width=&#8220;1\/3&#8243;][vc_wp_custommenu title=&#8220;Planen Sie Ihre Reise&#8220; nav_menu=&#8220;1959&#8243;][vc_column_text]<div id=\"sidebar_ficha\"><a class=\"sidebar_breadcrumbs\" href=\"https:\/\/www.formentera.es\/de\/planen\/\"><i class=\"fa fa-angle-left\"><\/i>Zur\u00fcck zu Planen<\/a><div class=\"content_sidebar\"><div class=\"bloc_share\"><div class=\"blocs1\"><div class=\"tit_medium\">Teilen\r\n\u00fcbersetzungen<\/div><div class=\"redes_ficha\"><div class=\"fa fa-brands fa-x-twitter st-custom-button\" data-network=\"twitter\"><\/div><div class=\"fa fa-facebook st-custom-button\" data-network=\"facebook\"><\/div><div class=\"fa fa-pinterest-p st-custom-button\" data-network=\"pinterest\"><\/div><\/div><\/div><div class=\"blocs2\"><div class=\"tit_medium\">An einen Freund senden<\/div><div class=\"redes_ficha\"><div class=\"fa fa-envelope st-custom-button\" data-network=\"email\"><\/div><div class=\"fa fa-whatsapp st-custom-button\" data-network=\"whatsapp\"><\/div><\/div><\/div><\/div><\/div><\/div>[\/vc_column_text][\/vc_column][\/vc_row][vc_row][vc_column][vc_column_text]<div id=\"siguexpl\" class=\"container sc\"><h2>Erforschen Sie weiter<\/h2><div class=\"row\"><a href=\"https:\/\/www.formentera.es\/de\/erkunden\/sehenswerte-orte\/\" class=\"col-md-4\">\n\t\t\t\t\t\t<div class=\"row\">\n\t\t\t\t\t\t\t<div class=\"col-sm-4\" style=\"background-image: url(https:\/\/www.formentera.es\/wp-content\/uploads\/2018\/12\/audio_16-mp3-image-300x297.png)\"><\/div>\n\t\t\t\t\t\t\t<div class=\"col-sm-8\">\n\t\t\t\t\t\t\t\tSehenswerte Orte\n\t\t\t\t\t\t\t\t<i class=\"fa fa-angle-right\"><\/i>\n\t\t\t\t\t\t\t<\/div>\n\t\t\t\t\t\t\t<div class=\"bhover\"><\/div>\n\t\t\t\t\t\t<\/div>\n\t\t\t\t\t\t\n\t\t\t\t\t<\/a><a href=\"https:\/\/www.formentera.es\/de\/erkunden\/straende\/\" class=\"col-md-4\">\n\t\t\t\t\t\t<div class=\"row\">\n\t\t\t\t\t\t\t<div class=\"col-sm-4\" style=\"background-image: url(https:\/\/www.formentera.es\/wp-content\/uploads\/2025\/07\/illetas2025-300x225.webp)\"><\/div>\n\t\t\t\t\t\t\t<div class=\"col-sm-8\">\n\t\t\t\t\t\t\t\tStr\u00e4nde\n\t\t\t\t\t\t\t\t<i class=\"fa fa-angle-right\"><\/i>\n\t\t\t\t\t\t\t<\/div>\n\t\t\t\t\t\t\t<div class=\"bhover\"><\/div>\n\t\t\t\t\t\t<\/div>\n\t\t\t\t\t\t\n\t\t\t\t\t<\/a><a href=\"https:\/\/www.formentera.es\/de\/erkunden\/ortschaften\/\" class=\"col-md-4\">\n\t\t\t\t\t\t<div class=\"row\">\n\t\t\t\t\t\t\t<div class=\"col-sm-4\" style=\"background-image: url(https:\/\/www.formentera.es\/wp-content\/uploads\/2018\/11\/1_Esglesia-St.-Francesc-panoramica-300x190.jpg)\"><\/div>\n\t\t\t\t\t\t\t<div class=\"col-sm-8\">\n\t\t\t\t\t\t\t\tOrtschaften\n\t\t\t\t\t\t\t\t<i class=\"fa fa-angle-right\"><\/i>\n\t\t\t\t\t\t\t<\/div>\n\t\t\t\t\t\t\t<div class=\"bhover\"><\/div>\n\t\t\t\t\t\t<\/div>\n\t\t\t\t\t\t\n\t\t\t\t\t<\/a><\/div><\/div>[\/vc_column_text][\/vc_column][\/vc_row]<\/p>\n<\/div>","protected":false},"excerpt":{"rendered":"<p>[vc_row full_width=&#8220;stretch_row_content_no_spaces&#8220; content_placement=&#8220;middle&#8220; css=&#8220;.vc_custom_1549362738562{background-image: url(https:\/\/www.formentera.es\/wp-content\/uploads\/2019\/01\/Formentera_Barbaria_Moto.jpg?id=2037) !important;background-position: center !important;background-repeat: no-repeat !important;background-size: cover !important;}&#8220; el_id=&#8220;top_categoria&#8220; el_class=&#8220;planifica&#8220;][vc_column][vc_column_text] Fortbewegung [&hellip;]<\/p>\n","protected":false},"author":1,"featured_media":0,"parent":7263,"menu_order":0,"comment_status":"closed","ping_status":"closed","template":"page-gen.php","meta":{"_acf_changed":false,"footnotes":""},"categories":[],"class_list":["post-7652","page","type-page","status-publish","hentry"],"acf":[],"yoast_head":"<!-- This site is optimized with the Yoast SEO plugin v25.5 - https:\/\/yoast.com\/wordpress\/plugins\/seo\/ -->\n<title>\u00bfC\u00f3mo moverse en Formentera? | Turismo de Formentera<\/title>\n<meta name=\"description\" content=\"Desde la web oficial de turismo de Formentera apostamos por un transporte sostenible, no contaminante y respetuoso con el medio ambiente.\" \/>\n<meta name=\"robots\" content=\"index, follow, max-snippet:-1, max-image-preview:large, max-video-preview:-1\" \/>\n<link rel=\"canonical\" href=\"https:\/\/www.formentera.es\/de\/planen\/fortbewegung-auf-der-insel\/\" \/>\n<meta property=\"og:locale\" content=\"de_DE\" \/>\n<meta property=\"og:type\" content=\"article\" \/>\n<meta property=\"og:title\" content=\"\u00bfC\u00f3mo moverse en Formentera? | Turismo de Formentera\" \/>\n<meta property=\"og:description\" content=\"Desde la web oficial de turismo de Formentera apostamos por un transporte sostenible, no contaminante y respetuoso con el medio ambiente.\" \/>\n<meta property=\"og:url\" content=\"https:\/\/www.formentera.es\/de\/planen\/fortbewegung-auf-der-insel\/\" \/>\n<meta property=\"og:site_name\" content=\"Turismo de Formentera\" \/>\n<meta property=\"article:publisher\" content=\"https:\/\/www.facebook.com\/turismoformentera\/\" \/>\n<meta property=\"article:modified_time\" content=\"2026-05-05T15:33:42+00:00\" \/>\n<meta name=\"twitter:card\" content=\"summary_large_image\" \/>\n<meta name=\"twitter:site\" content=\"@visitformentera\" \/>\n<meta name=\"twitter:label1\" content=\"Gesch\u00e4tzte Lesezeit\" \/>\n\t<meta name=\"twitter:data1\" content=\"3\u00a0Minuten\" \/>\n<script type=\"application\/ld+json\" class=\"yoast-schema-graph\">{\"@context\":\"https:\/\/schema.org\",\"@graph\":[{\"@type\":\"WebPage\",\"@id\":\"https:\/\/www.formentera.es\/de\/planen\/fortbewegung-auf-der-insel\/\",\"url\":\"https:\/\/www.formentera.es\/de\/planen\/fortbewegung-auf-der-insel\/\",\"name\":\"\u00bfC\u00f3mo moverse en Formentera? | Turismo de Formentera\",\"isPartOf\":{\"@id\":\"https:\/\/www.formentera.es\/#website\"},\"datePublished\":\"2018-12-12T09:42:29+00:00\",\"dateModified\":\"2026-05-05T15:33:42+00:00\",\"description\":\"Desde la web oficial de turismo de Formentera apostamos por un transporte sostenible, no contaminante y respetuoso con el medio ambiente.\",\"breadcrumb\":{\"@id\":\"https:\/\/www.formentera.es\/de\/planen\/fortbewegung-auf-der-insel\/#breadcrumb\"},\"inLanguage\":\"de\",\"potentialAction\":[{\"@type\":\"ReadAction\",\"target\":[\"https:\/\/www.formentera.es\/de\/planen\/fortbewegung-auf-der-insel\/\"]}]},{\"@type\":\"BreadcrumbList\",\"@id\":\"https:\/\/www.formentera.es\/de\/planen\/fortbewegung-auf-der-insel\/#breadcrumb\",\"itemListElement\":[{\"@type\":\"ListItem\",\"position\":1,\"name\":\"Portada\",\"item\":\"https:\/\/www.formentera.es\/de\/\"},{\"@type\":\"ListItem\",\"position\":2,\"name\":\"Planen\",\"item\":\"https:\/\/www.formentera.es\/de\/planen\/\"},{\"@type\":\"ListItem\",\"position\":3,\"name\":\"Fortbewegung auf der Insel\"}]},{\"@type\":\"WebSite\",\"@id\":\"https:\/\/www.formentera.es\/#website\",\"url\":\"https:\/\/www.formentera.es\/\",\"name\":\"Turismo de Formentera\",\"description\":\"Web oficial de Turismo de Formentera\",\"potentialAction\":[{\"@type\":\"SearchAction\",\"target\":{\"@type\":\"EntryPoint\",\"urlTemplate\":\"https:\/\/www.formentera.es\/?s={search_term_string}\"},\"query-input\":{\"@type\":\"PropertyValueSpecification\",\"valueRequired\":true,\"valueName\":\"search_term_string\"}}],\"inLanguage\":\"de\"}]}<\/script>\n<!-- \/ Yoast SEO plugin. -->","yoast_head_json":{"title":"\u00bfC\u00f3mo moverse en Formentera? | Turismo de Formentera","description":"Desde la web oficial de turismo de Formentera apostamos por un transporte sostenible, no contaminante y respetuoso con el medio ambiente.","robots":{"index":"index","follow":"follow","max-snippet":"max-snippet:-1","max-image-preview":"max-image-preview:large","max-video-preview":"max-video-preview:-1"},"canonical":"https:\/\/www.formentera.es\/de\/planen\/fortbewegung-auf-der-insel\/","og_locale":"de_DE","og_type":"article","og_title":"\u00bfC\u00f3mo moverse en Formentera? | Turismo de Formentera","og_description":"Desde la web oficial de turismo de Formentera apostamos por un transporte sostenible, no contaminante y respetuoso con el medio ambiente.","og_url":"https:\/\/www.formentera.es\/de\/planen\/fortbewegung-auf-der-insel\/","og_site_name":"Turismo de Formentera","article_publisher":"https:\/\/www.facebook.com\/turismoformentera\/","article_modified_time":"2026-05-05T15:33:42+00:00","twitter_card":"summary_large_image","twitter_site":"@visitformentera","twitter_misc":{"Gesch\u00e4tzte Lesezeit":"3\u00a0Minuten"},"schema":{"@context":"https:\/\/schema.org","@graph":[{"@type":"WebPage","@id":"https:\/\/www.formentera.es\/de\/planen\/fortbewegung-auf-der-insel\/","url":"https:\/\/www.formentera.es\/de\/planen\/fortbewegung-auf-der-insel\/","name":"\u00bfC\u00f3mo moverse en Formentera? | Turismo de Formentera","isPartOf":{"@id":"https:\/\/www.formentera.es\/#website"},"datePublished":"2018-12-12T09:42:29+00:00","dateModified":"2026-05-05T15:33:42+00:00","description":"Desde la web oficial de turismo de Formentera apostamos por un transporte sostenible, no contaminante y respetuoso con el medio ambiente.","breadcrumb":{"@id":"https:\/\/www.formentera.es\/de\/planen\/fortbewegung-auf-der-insel\/#breadcrumb"},"inLanguage":"de","potentialAction":[{"@type":"ReadAction","target":["https:\/\/www.formentera.es\/de\/planen\/fortbewegung-auf-der-insel\/"]}]},{"@type":"BreadcrumbList","@id":"https:\/\/www.formentera.es\/de\/planen\/fortbewegung-auf-der-insel\/#breadcrumb","itemListElement":[{"@type":"ListItem","position":1,"name":"Portada","item":"https:\/\/www.formentera.es\/de\/"},{"@type":"ListItem","position":2,"name":"Planen","item":"https:\/\/www.formentera.es\/de\/planen\/"},{"@type":"ListItem","position":3,"name":"Fortbewegung auf der Insel"}]},{"@type":"WebSite","@id":"https:\/\/www.formentera.es\/#website","url":"https:\/\/www.formentera.es\/","name":"Turismo de Formentera","description":"Web oficial de Turismo de Formentera","potentialAction":[{"@type":"SearchAction","target":{"@type":"EntryPoint","urlTemplate":"https:\/\/www.formentera.es\/?s={search_term_string}"},"query-input":{"@type":"PropertyValueSpecification","valueRequired":true,"valueName":"search_term_string"}}],"inLanguage":"de"}]}},"_links":{"self":[{"href":"https:\/\/www.formentera.es\/de\/wp-json\/wp\/v2\/pages\/7652","targetHints":{"allow":["GET"]}}],"collection":[{"href":"https:\/\/www.formentera.es\/de\/wp-json\/wp\/v2\/pages"}],"about":[{"href":"https:\/\/www.formentera.es\/de\/wp-json\/wp\/v2\/types\/page"}],"author":[{"embeddable":true,"href":"https:\/\/www.formentera.es\/de\/wp-json\/wp\/v2\/users\/1"}],"replies":[{"embeddable":true,"href":"https:\/\/www.formentera.es\/de\/wp-json\/wp\/v2\/comments?post=7652"}],"version-history":[{"count":1,"href":"https:\/\/www.formentera.es\/de\/wp-json\/wp\/v2\/pages\/7652\/revisions"}],"predecessor-version":[{"id":58006,"href":"https:\/\/www.formentera.es\/de\/wp-json\/wp\/v2\/pages\/7652\/revisions\/58006"}],"up":[{"embeddable":true,"href":"https:\/\/www.formentera.es\/de\/wp-json\/wp\/v2\/pages\/7263"}],"wp:attachment":[{"href":"https:\/\/www.formentera.es\/de\/wp-json\/wp\/v2\/media?parent=7652"}],"wp:term":[{"taxonomy":"category","embeddable":true,"href":"https:\/\/www.formentera.es\/de\/wp-json\/wp\/v2\/categories?post=7652"}],"curies":[{"name":"wp","href":"https:\/\/api.w.org\/{rel}","templated":true}]}}