{"id":6901,"date":"2018-06-28T06:47:49","date_gmt":"2018-06-28T08:47:49","guid":{"rendered":"https:\/\/www.formentera.es\/la-isla\/"},"modified":"2019-05-10T12:39:29","modified_gmt":"2019-05-10T10:39:29","slug":"die-insel","status":"publish","type":"page","link":"https:\/\/www.formentera.es\/de\/die-insel\/","title":{"rendered":"Die Insel"},"content":{"rendered":"<div class=\"wpb-content-wrapper\"><p>[vc_row full_width=&#8220;stretch_row_content_no_spaces&#8220; content_placement=&#8220;bottom&#8220; css=&#8220;.vc_custom_1548236712706{background-image: url(https:\/\/www.formentera.es\/wp-content\/uploads\/2019\/01\/AdobeStock_68411178-1.jpg?id=2723) !important;background-position: center !important;background-repeat: no-repeat !important;background-size: cover !important;}&#8220; el_id=&#8220;top_categoria&#8220;][vc_column][vc_column_text]<\/p>\n<h1>Formentera Die Insel<\/h1>\n<p>Auf Formentera gehen die Uhren anders und die Ruhe der Insel bietet eine einzigartige Atmosph\u00e4re. Ihre Bewohner verzaubern uns mit ihrem Charme. Die Insel wird von kristallklarem, t\u00fcrkisblauem Wasser umgeben, das uns unmittelbar gedanklich an einen Strand in der Karibik versetzt. M\u00f6chten Sie die Insel kennen lernen?[\/vc_column_text][\/vc_column][\/vc_row][vc_row full_width=&#8220;stretch_row_content&#8220; equal_height=&#8220;yes&#8220;][vc_column][vc_column_text el_class=&#8220;h1&#8243;]<\/p>\n<h2>La isla<\/h2>\n<p>[\/vc_column_text][\/vc_column][\/vc_row][vc_row full_width=&#8220;stretch_row_content&#8220;][vc_column][vc_basic_grid post_type=&#8220;ids&#8220; item=&#8220;60&#8243; grid_id=&#8220;vc_gid:1557484672700-0a0394a8-cad6-7&#8243; include=&#8220;1046, 1048, 113, 23, 1331, 1369&#8243;][\/vc_column][\/vc_row][vc_row full_width=&#8220;stretch_row_content&#8220; css=&#8220;.vc_custom_1548953430557{padding-top: 80px !important;}&#8220; el_class=&#8220;bloque_maseventos&#8220;][vc_column][vc_column_text el_class=&#8220;h1&#8243;]<\/p>\n<h2>Veranstaltungen in Formentera<\/h2>\n<p>[\/vc_column_text][vc_basic_grid post_type=&#8220;post&#8220; max_items=&#8220;2&#8243; element_width=&#8220;6&#8243; orderby=&#8220;rand&#8220; item=&#8220;1532&#8243; grid_id=&#8220;vc_gid:1557484672703-580a4eb9-1155-0&#8243; taxonomies=&#8220;17&#8243;][vc_btn title=&#8220;Weitere Veranstaltungen&#8220; style=&#8220;flat&#8220; shape=&#8220;square&#8220; color=&#8220;white&#8220; size=&#8220;lg&#8220; align=&#8220;center&#8220; i_align=&#8220;right&#8220; i_type=&#8220;entypo&#8220; i_icon_entypo=&#8220;entypo-icon entypo-icon-right-open-big&#8220; add_icon=&#8220;true&#8220; el_class=&#8220;btn_more&#8220; link=&#8220;url:https%3A%2F%2Fwww.formentera.es%2Fveranstaltungen|||&#8220;][\/vc_column][\/vc_row]<\/p>\n<\/div>","protected":false},"excerpt":{"rendered":"<p>[vc_row full_width=&#8220;stretch_row_content_no_spaces&#8220; content_placement=&#8220;bottom&#8220; css=&#8220;.vc_custom_1548236712706{background-image: url(https:\/\/www.formentera.es\/wp-content\/uploads\/2019\/01\/AdobeStock_68411178-1.jpg?id=2723) !important;background-position: center !important;background-repeat: no-repeat !important;background-size: cover !important;}&#8220; el_id=&#8220;top_categoria&#8220;][vc_column][vc_column_text] Formentera Die [&hellip;]<\/p>\n","protected":false},"author":1,"featured_media":6902,"parent":0,"menu_order":0,"comment_status":"closed","ping_status":"closed","template":"","meta":{"_acf_changed":false,"footnotes":""},"categories":[],"class_list":["post-6901","page","type-page","status-publish","hentry"],"acf":[],"yoast_head":"<!-- This site is optimized with the Yoast SEO plugin v25.5 - https:\/\/yoast.com\/wordpress\/plugins\/seo\/ -->\n<title>Conoce la isla de Formentera | Turismo de Formentera<\/title>\n<meta name=\"description\" content=\"Conoce la isla de Formentera. \u00bfD\u00f3nde esta?, el clima, sus pueblos y playas, su historia y la fauna y flora.\" \/>\n<meta name=\"robots\" content=\"index, follow, max-snippet:-1, max-image-preview:large, max-video-preview:-1\" \/>\n<link rel=\"canonical\" href=\"https:\/\/www.formentera.es\/die-insel\/\" \/>\n<meta property=\"og:locale\" content=\"de_DE\" \/>\n<meta property=\"og:type\" content=\"article\" \/>\n<meta property=\"og:title\" content=\"Conoce la isla de Formentera | Turismo de Formentera\" \/>\n<meta property=\"og:description\" content=\"Conoce la isla de Formentera. \u00bfD\u00f3nde esta?, el clima, sus pueblos y playas, su historia y la fauna y flora.\" \/>\n<meta property=\"og:url\" content=\"https:\/\/www.formentera.es\/die-insel\/\" \/>\n<meta property=\"og:site_name\" content=\"Turismo de Formentera\" \/>\n<meta property=\"article:publisher\" content=\"https:\/\/www.facebook.com\/turismoformentera\/\" \/>\n<meta property=\"article:modified_time\" content=\"2019-05-10T10:39:29+00:00\" \/>\n<meta property=\"og:image\" content=\"https:\/\/www.formentera.es\/wp-content\/uploads\/2019\/01\/AdobeStock_68411178.jpg\" \/>\n\t<meta property=\"og:image:width\" content=\"2200\" \/>\n\t<meta property=\"og:image:height\" content=\"1315\" \/>\n\t<meta property=\"og:image:type\" content=\"image\/jpeg\" \/>\n<meta name=\"twitter:card\" content=\"summary_large_image\" \/>\n<meta name=\"twitter:site\" content=\"@visitformentera\" \/>\n<meta name=\"twitter:label1\" content=\"Gesch\u00e4tzte Lesezeit\" \/>\n\t<meta name=\"twitter:data1\" content=\"1\u00a0Minute\" \/>\n<script type=\"application\/ld+json\" class=\"yoast-schema-graph\">{\"@context\":\"https:\/\/schema.org\",\"@graph\":[{\"@type\":\"WebPage\",\"@id\":\"https:\/\/www.formentera.es\/die-insel\/\",\"url\":\"https:\/\/www.formentera.es\/die-insel\/\",\"name\":\"Conoce la isla de Formentera | Turismo de Formentera\",\"isPartOf\":{\"@id\":\"https:\/\/www.formentera.es\/#website\"},\"primaryImageOfPage\":{\"@id\":\"https:\/\/www.formentera.es\/die-insel\/#primaryimage\"},\"image\":{\"@id\":\"https:\/\/www.formentera.es\/die-insel\/#primaryimage\"},\"thumbnailUrl\":\"https:\/\/www.formentera.es\/wp-content\/uploads\/2019\/01\/AdobeStock_68411178.jpg\",\"datePublished\":\"2018-06-28T08:47:49+00:00\",\"dateModified\":\"2019-05-10T10:39:29+00:00\",\"description\":\"Conoce la isla de Formentera. \u00bfD\u00f3nde esta?, el clima, sus pueblos y playas, su historia y la fauna y flora.\",\"breadcrumb\":{\"@id\":\"https:\/\/www.formentera.es\/die-insel\/#breadcrumb\"},\"inLanguage\":\"de\",\"potentialAction\":[{\"@type\":\"ReadAction\",\"target\":[\"https:\/\/www.formentera.es\/die-insel\/\"]}]},{\"@type\":\"ImageObject\",\"inLanguage\":\"de\",\"@id\":\"https:\/\/www.formentera.es\/die-insel\/#primaryimage\",\"url\":\"https:\/\/www.formentera.es\/wp-content\/uploads\/2019\/01\/AdobeStock_68411178.jpg\",\"contentUrl\":\"https:\/\/www.formentera.es\/wp-content\/uploads\/2019\/01\/AdobeStock_68411178.jpg\",\"width\":2200,\"height\":1315},{\"@type\":\"BreadcrumbList\",\"@id\":\"https:\/\/www.formentera.es\/die-insel\/#breadcrumb\",\"itemListElement\":[{\"@type\":\"ListItem\",\"position\":1,\"name\":\"Portada\",\"item\":\"https:\/\/www.formentera.es\/de\/\"},{\"@type\":\"ListItem\",\"position\":2,\"name\":\"Die Insel\"}]},{\"@type\":\"WebSite\",\"@id\":\"https:\/\/www.formentera.es\/#website\",\"url\":\"https:\/\/www.formentera.es\/\",\"name\":\"Turismo de Formentera\",\"description\":\"Web oficial de Turismo de Formentera\",\"potentialAction\":[{\"@type\":\"SearchAction\",\"target\":{\"@type\":\"EntryPoint\",\"urlTemplate\":\"https:\/\/www.formentera.es\/?s={search_term_string}\"},\"query-input\":{\"@type\":\"PropertyValueSpecification\",\"valueRequired\":true,\"valueName\":\"search_term_string\"}}],\"inLanguage\":\"de\"}]}<\/script>\n<!-- \/ Yoast SEO plugin. -->","yoast_head_json":{"title":"Conoce la isla de Formentera | Turismo de Formentera","description":"Conoce la isla de Formentera. \u00bfD\u00f3nde esta?, el clima, sus pueblos y playas, su historia y la fauna y flora.","robots":{"index":"index","follow":"follow","max-snippet":"max-snippet:-1","max-image-preview":"max-image-preview:large","max-video-preview":"max-video-preview:-1"},"canonical":"https:\/\/www.formentera.es\/die-insel\/","og_locale":"de_DE","og_type":"article","og_title":"Conoce la isla de Formentera | Turismo de Formentera","og_description":"Conoce la isla de Formentera. \u00bfD\u00f3nde esta?, el clima, sus pueblos y playas, su historia y la fauna y flora.","og_url":"https:\/\/www.formentera.es\/die-insel\/","og_site_name":"Turismo de Formentera","article_publisher":"https:\/\/www.facebook.com\/turismoformentera\/","article_modified_time":"2019-05-10T10:39:29+00:00","og_image":[{"width":2200,"height":1315,"url":"https:\/\/www.formentera.es\/wp-content\/uploads\/2019\/01\/AdobeStock_68411178.jpg","type":"image\/jpeg"}],"twitter_card":"summary_large_image","twitter_site":"@visitformentera","twitter_misc":{"Gesch\u00e4tzte Lesezeit":"1\u00a0Minute"},"schema":{"@context":"https:\/\/schema.org","@graph":[{"@type":"WebPage","@id":"https:\/\/www.formentera.es\/die-insel\/","url":"https:\/\/www.formentera.es\/die-insel\/","name":"Conoce la isla de Formentera | Turismo de Formentera","isPartOf":{"@id":"https:\/\/www.formentera.es\/#website"},"primaryImageOfPage":{"@id":"https:\/\/www.formentera.es\/die-insel\/#primaryimage"},"image":{"@id":"https:\/\/www.formentera.es\/die-insel\/#primaryimage"},"thumbnailUrl":"https:\/\/www.formentera.es\/wp-content\/uploads\/2019\/01\/AdobeStock_68411178.jpg","datePublished":"2018-06-28T08:47:49+00:00","dateModified":"2019-05-10T10:39:29+00:00","description":"Conoce la isla de Formentera. \u00bfD\u00f3nde esta?, el clima, sus pueblos y playas, su historia y la fauna y flora.","breadcrumb":{"@id":"https:\/\/www.formentera.es\/die-insel\/#breadcrumb"},"inLanguage":"de","potentialAction":[{"@type":"ReadAction","target":["https:\/\/www.formentera.es\/die-insel\/"]}]},{"@type":"ImageObject","inLanguage":"de","@id":"https:\/\/www.formentera.es\/die-insel\/#primaryimage","url":"https:\/\/www.formentera.es\/wp-content\/uploads\/2019\/01\/AdobeStock_68411178.jpg","contentUrl":"https:\/\/www.formentera.es\/wp-content\/uploads\/2019\/01\/AdobeStock_68411178.jpg","width":2200,"height":1315},{"@type":"BreadcrumbList","@id":"https:\/\/www.formentera.es\/die-insel\/#breadcrumb","itemListElement":[{"@type":"ListItem","position":1,"name":"Portada","item":"https:\/\/www.formentera.es\/de\/"},{"@type":"ListItem","position":2,"name":"Die Insel"}]},{"@type":"WebSite","@id":"https:\/\/www.formentera.es\/#website","url":"https:\/\/www.formentera.es\/","name":"Turismo de Formentera","description":"Web oficial de Turismo de Formentera","potentialAction":[{"@type":"SearchAction","target":{"@type":"EntryPoint","urlTemplate":"https:\/\/www.formentera.es\/?s={search_term_string}"},"query-input":{"@type":"PropertyValueSpecification","valueRequired":true,"valueName":"search_term_string"}}],"inLanguage":"de"}]}},"_links":{"self":[{"href":"https:\/\/www.formentera.es\/de\/wp-json\/wp\/v2\/pages\/6901","targetHints":{"allow":["GET"]}}],"collection":[{"href":"https:\/\/www.formentera.es\/de\/wp-json\/wp\/v2\/pages"}],"about":[{"href":"https:\/\/www.formentera.es\/de\/wp-json\/wp\/v2\/types\/page"}],"author":[{"embeddable":true,"href":"https:\/\/www.formentera.es\/de\/wp-json\/wp\/v2\/users\/1"}],"replies":[{"embeddable":true,"href":"https:\/\/www.formentera.es\/de\/wp-json\/wp\/v2\/comments?post=6901"}],"version-history":[{"count":0,"href":"https:\/\/www.formentera.es\/de\/wp-json\/wp\/v2\/pages\/6901\/revisions"}],"wp:featuredmedia":[{"embeddable":true,"href":"https:\/\/www.formentera.es\/de\/wp-json\/wp\/v2\/media\/6902"}],"wp:attachment":[{"href":"https:\/\/www.formentera.es\/de\/wp-json\/wp\/v2\/media?parent=6901"}],"wp:term":[{"taxonomy":"category","embeddable":true,"href":"https:\/\/www.formentera.es\/de\/wp-json\/wp\/v2\/categories?post=6901"}],"curies":[{"name":"wp","href":"https:\/\/api.w.org\/{rel}","templated":true}]}}