{"id":37560,"date":"2024-11-06T12:30:40","date_gmt":"2024-11-06T11:30:40","guid":{"rendered":"https:\/\/www.formentera.es\/sant-francesc-second-hand-market\/"},"modified":"2026-01-27T10:16:46","modified_gmt":"2026-01-27T09:16:46","slug":"sant-francesc-second-hand-market","status":"publish","type":"page","link":"https:\/\/www.formentera.es\/de\/sant-francesc-second-hand-market\/","title":{"rendered":"Sant Francesc second-hand market"},"content":{"rendered":"<div class=\"wpb-content-wrapper\"><p>[vc_row][vc_column][vc_custom_heading source=&#8220;post_title&#8220; font_container=&#8220;tag:h1|text_align:center|color:%232e3a6e&#8220; use_theme_fonts=&#8220;yes&#8220; css=&#8220;.vc_custom_1730892925358{padding-top: 40px !important;padding-bottom: 40px !important;}&#8220;][\/vc_column][\/vc_row][vc_row][vc_column][vc_single_image image=&#8220;30789&#8243; img_size=&#8220;full&#8220;][vc_column_text css=&#8220;&#8220;]Das Herz der Kreislaufwirtschaft auf Formentera. Dieser lokale Markt findet jeden Dienstag und Samstag (11\u201314 Uhr) im Jard\u00ed de ses Eres statt und ist der ideale Ort, um Vintage-Sch\u00e4tze, B\u00fccher und Kleidung in nachhaltiger Atmosph\u00e4re zu entdecken.[\/vc_column_text][\/vc_column][\/vc_row][vc_row][vc_column][vc_single_image image=&#8220;47928&#8243; img_size=&#8220;full&#8220; css=&#8220;&#8220;][\/vc_column][\/vc_row][vc_row full_width=&#8220;stretch_row_content&#8220; equal_height=&#8220;yes&#8220; css=&#8220;.vc_custom_1549021271976{padding-top: 80px !important;}&#8220; el_class=&#8220;bloque_maseventos&#8220;][vc_column][vc_column_text el_class=&#8220;h1&#8243;]<\/p>\n<h2 style=\"text-align: center;\">Events in Formentera<\/h2>\n<p>[\/vc_column_text][vc_basic_grid post_type=&#8220;post&#8220; max_items=&#8220;3&#8243; orderby=&#8220;rand&#8220; item=&#8220;1524&#8243; grid_id=&#8220;vc_gid:1769505351554-28d44e05be53eafb0e21c6154559b323-9&#8243; taxonomies=&#8220;17&#8243;][vc_btn title=&#8220;More events&#8220; style=&#8220;flat&#8220; shape=&#8220;square&#8220; color=&#8220;white&#8220; size=&#8220;lg&#8220; align=&#8220;center&#8220; i_align=&#8220;right&#8220; i_type=&#8220;entypo&#8220; i_icon_entypo=&#8220;entypo-icon entypo-icon-right-open-big&#8220; add_icon=&#8220;true&#8220; el_class=&#8220;btn_more&#8220; link=&#8220;url:https%3A%2F%2Fwww.formentera.es%2Fen%2Fevents%2F|||&#8220;][\/vc_column][\/vc_row]<\/p>\n<\/div>","protected":false},"excerpt":{"rendered":"<p>[vc_row][vc_column][vc_custom_heading source=&#8220;post_title&#8220; font_container=&#8220;tag:h1|text_align:center|color:%232e3a6e&#8220; use_theme_fonts=&#8220;yes&#8220; css=&#8220;.vc_custom_1730892925358{padding-top: 40px !important;padding-bottom: 40px !important;}&#8220;][\/vc_column][\/vc_row][vc_row][vc_column][vc_single_image image=&#8220;30789&#8243; img_size=&#8220;full&#8220;][vc_column_text css=&#8220;&#8220;]Das Herz der Kreislaufwirtschaft [&hellip;]<\/p>\n","protected":false},"author":1,"featured_media":30794,"parent":0,"menu_order":0,"comment_status":"closed","ping_status":"closed","template":"page-gen.php","meta":{"_acf_changed":false,"footnotes":""},"categories":[],"class_list":["post-37560","page","type-page","status-publish","hentry"],"acf":[],"yoast_head":"<!-- This site is optimized with the Yoast SEO plugin v25.5 - https:\/\/yoast.com\/wordpress\/plugins\/seo\/ -->\n<title>Sant Francesc second-hand market | Turismo de Formentera<\/title>\n<meta name=\"robots\" content=\"index, follow, max-snippet:-1, max-image-preview:large, max-video-preview:-1\" \/>\n<link rel=\"canonical\" href=\"https:\/\/www.formentera.es\/pt\/sant-francesc-second-hand-market\/\" \/>\n<meta property=\"og:locale\" content=\"de_DE\" \/>\n<meta property=\"og:type\" content=\"article\" \/>\n<meta property=\"og:title\" content=\"Sant Francesc second-hand market | Turismo de Formentera\" \/>\n<meta property=\"og:description\" content=\"[vc_row][vc_column][vc_custom_heading source=&#8220;post_title&#8220; font_container=&#8220;tag:h1|text_align:center|color:%232e3a6e&#8220; use_theme_fonts=&#8220;yes&#8220; css=&#8220;.vc_custom_1730892925358{padding-top: 40px !important;padding-bottom: 40px !important;}&#8220;][\/vc_column][\/vc_row][vc_row][vc_column][vc_single_image image=&#8220;30789&#8243; img_size=&#8220;full&#8220;][vc_column_text css=&#8220;&#8220;]Das Herz der Kreislaufwirtschaft [&hellip;]\" \/>\n<meta property=\"og:url\" content=\"https:\/\/www.formentera.es\/pt\/sant-francesc-second-hand-market\/\" \/>\n<meta property=\"og:site_name\" content=\"Turismo de Formentera\" \/>\n<meta property=\"article:publisher\" content=\"https:\/\/www.facebook.com\/turismoformentera\/\" \/>\n<meta property=\"article:modified_time\" content=\"2026-01-27T09:16:46+00:00\" \/>\n<meta property=\"og:image\" content=\"https:\/\/www.formentera.es\/wp-content\/uploads\/2024\/06\/Mercadillo-segunda-mano.jpg\" \/>\n\t<meta property=\"og:image:width\" content=\"1200\" \/>\n\t<meta property=\"og:image:height\" content=\"800\" \/>\n\t<meta property=\"og:image:type\" content=\"image\/jpeg\" \/>\n<meta name=\"twitter:card\" content=\"summary_large_image\" \/>\n<meta name=\"twitter:site\" content=\"@visitformentera\" \/>\n<meta name=\"twitter:label1\" content=\"Gesch\u00e4tzte Lesezeit\" \/>\n\t<meta name=\"twitter:data1\" content=\"1\u00a0Minute\" \/>\n<script type=\"application\/ld+json\" class=\"yoast-schema-graph\">{\"@context\":\"https:\/\/schema.org\",\"@graph\":[{\"@type\":\"WebPage\",\"@id\":\"https:\/\/www.formentera.es\/pt\/sant-francesc-second-hand-market\/\",\"url\":\"https:\/\/www.formentera.es\/pt\/sant-francesc-second-hand-market\/\",\"name\":\"Sant Francesc second-hand market | Turismo de Formentera\",\"isPartOf\":{\"@id\":\"https:\/\/www.formentera.es\/#website\"},\"primaryImageOfPage\":{\"@id\":\"https:\/\/www.formentera.es\/pt\/sant-francesc-second-hand-market\/#primaryimage\"},\"image\":{\"@id\":\"https:\/\/www.formentera.es\/pt\/sant-francesc-second-hand-market\/#primaryimage\"},\"thumbnailUrl\":\"https:\/\/www.formentera.es\/wp-content\/uploads\/2024\/06\/Mercadillo-segunda-mano.jpg\",\"datePublished\":\"2024-11-06T11:30:40+00:00\",\"dateModified\":\"2026-01-27T09:16:46+00:00\",\"breadcrumb\":{\"@id\":\"https:\/\/www.formentera.es\/pt\/sant-francesc-second-hand-market\/#breadcrumb\"},\"inLanguage\":\"de\",\"potentialAction\":[{\"@type\":\"ReadAction\",\"target\":[\"https:\/\/www.formentera.es\/pt\/sant-francesc-second-hand-market\/\"]}]},{\"@type\":\"ImageObject\",\"inLanguage\":\"de\",\"@id\":\"https:\/\/www.formentera.es\/pt\/sant-francesc-second-hand-market\/#primaryimage\",\"url\":\"https:\/\/www.formentera.es\/wp-content\/uploads\/2024\/06\/Mercadillo-segunda-mano.jpg\",\"contentUrl\":\"https:\/\/www.formentera.es\/wp-content\/uploads\/2024\/06\/Mercadillo-segunda-mano.jpg\",\"width\":1200,\"height\":800},{\"@type\":\"BreadcrumbList\",\"@id\":\"https:\/\/www.formentera.es\/pt\/sant-francesc-second-hand-market\/#breadcrumb\",\"itemListElement\":[{\"@type\":\"ListItem\",\"position\":1,\"name\":\"Portada\",\"item\":\"https:\/\/www.formentera.es\/de\/\"},{\"@type\":\"ListItem\",\"position\":2,\"name\":\"Sant Francesc second-hand market\"}]},{\"@type\":\"WebSite\",\"@id\":\"https:\/\/www.formentera.es\/#website\",\"url\":\"https:\/\/www.formentera.es\/\",\"name\":\"Turismo de Formentera\",\"description\":\"Web oficial de Turismo de Formentera\",\"potentialAction\":[{\"@type\":\"SearchAction\",\"target\":{\"@type\":\"EntryPoint\",\"urlTemplate\":\"https:\/\/www.formentera.es\/?s={search_term_string}\"},\"query-input\":{\"@type\":\"PropertyValueSpecification\",\"valueRequired\":true,\"valueName\":\"search_term_string\"}}],\"inLanguage\":\"de\"}]}<\/script>\n<!-- \/ Yoast SEO plugin. -->","yoast_head_json":{"title":"Sant Francesc second-hand market | Turismo de Formentera","robots":{"index":"index","follow":"follow","max-snippet":"max-snippet:-1","max-image-preview":"max-image-preview:large","max-video-preview":"max-video-preview:-1"},"canonical":"https:\/\/www.formentera.es\/pt\/sant-francesc-second-hand-market\/","og_locale":"de_DE","og_type":"article","og_title":"Sant Francesc second-hand market | Turismo de Formentera","og_description":"[vc_row][vc_column][vc_custom_heading source=&#8220;post_title&#8220; font_container=&#8220;tag:h1|text_align:center|color:%232e3a6e&#8220; use_theme_fonts=&#8220;yes&#8220; css=&#8220;.vc_custom_1730892925358{padding-top: 40px !important;padding-bottom: 40px !important;}&#8220;][\/vc_column][\/vc_row][vc_row][vc_column][vc_single_image image=&#8220;30789&#8243; img_size=&#8220;full&#8220;][vc_column_text css=&#8220;&#8220;]Das Herz der Kreislaufwirtschaft [&hellip;]","og_url":"https:\/\/www.formentera.es\/pt\/sant-francesc-second-hand-market\/","og_site_name":"Turismo de Formentera","article_publisher":"https:\/\/www.facebook.com\/turismoformentera\/","article_modified_time":"2026-01-27T09:16:46+00:00","og_image":[{"width":1200,"height":800,"url":"https:\/\/www.formentera.es\/wp-content\/uploads\/2024\/06\/Mercadillo-segunda-mano.jpg","type":"image\/jpeg"}],"twitter_card":"summary_large_image","twitter_site":"@visitformentera","twitter_misc":{"Gesch\u00e4tzte Lesezeit":"1\u00a0Minute"},"schema":{"@context":"https:\/\/schema.org","@graph":[{"@type":"WebPage","@id":"https:\/\/www.formentera.es\/pt\/sant-francesc-second-hand-market\/","url":"https:\/\/www.formentera.es\/pt\/sant-francesc-second-hand-market\/","name":"Sant Francesc second-hand market | Turismo de Formentera","isPartOf":{"@id":"https:\/\/www.formentera.es\/#website"},"primaryImageOfPage":{"@id":"https:\/\/www.formentera.es\/pt\/sant-francesc-second-hand-market\/#primaryimage"},"image":{"@id":"https:\/\/www.formentera.es\/pt\/sant-francesc-second-hand-market\/#primaryimage"},"thumbnailUrl":"https:\/\/www.formentera.es\/wp-content\/uploads\/2024\/06\/Mercadillo-segunda-mano.jpg","datePublished":"2024-11-06T11:30:40+00:00","dateModified":"2026-01-27T09:16:46+00:00","breadcrumb":{"@id":"https:\/\/www.formentera.es\/pt\/sant-francesc-second-hand-market\/#breadcrumb"},"inLanguage":"de","potentialAction":[{"@type":"ReadAction","target":["https:\/\/www.formentera.es\/pt\/sant-francesc-second-hand-market\/"]}]},{"@type":"ImageObject","inLanguage":"de","@id":"https:\/\/www.formentera.es\/pt\/sant-francesc-second-hand-market\/#primaryimage","url":"https:\/\/www.formentera.es\/wp-content\/uploads\/2024\/06\/Mercadillo-segunda-mano.jpg","contentUrl":"https:\/\/www.formentera.es\/wp-content\/uploads\/2024\/06\/Mercadillo-segunda-mano.jpg","width":1200,"height":800},{"@type":"BreadcrumbList","@id":"https:\/\/www.formentera.es\/pt\/sant-francesc-second-hand-market\/#breadcrumb","itemListElement":[{"@type":"ListItem","position":1,"name":"Portada","item":"https:\/\/www.formentera.es\/de\/"},{"@type":"ListItem","position":2,"name":"Sant Francesc second-hand market"}]},{"@type":"WebSite","@id":"https:\/\/www.formentera.es\/#website","url":"https:\/\/www.formentera.es\/","name":"Turismo de Formentera","description":"Web oficial de Turismo de Formentera","potentialAction":[{"@type":"SearchAction","target":{"@type":"EntryPoint","urlTemplate":"https:\/\/www.formentera.es\/?s={search_term_string}"},"query-input":{"@type":"PropertyValueSpecification","valueRequired":true,"valueName":"search_term_string"}}],"inLanguage":"de"}]}},"_links":{"self":[{"href":"https:\/\/www.formentera.es\/de\/wp-json\/wp\/v2\/pages\/37560","targetHints":{"allow":["GET"]}}],"collection":[{"href":"https:\/\/www.formentera.es\/de\/wp-json\/wp\/v2\/pages"}],"about":[{"href":"https:\/\/www.formentera.es\/de\/wp-json\/wp\/v2\/types\/page"}],"author":[{"embeddable":true,"href":"https:\/\/www.formentera.es\/de\/wp-json\/wp\/v2\/users\/1"}],"replies":[{"embeddable":true,"href":"https:\/\/www.formentera.es\/de\/wp-json\/wp\/v2\/comments?post=37560"}],"version-history":[{"count":2,"href":"https:\/\/www.formentera.es\/de\/wp-json\/wp\/v2\/pages\/37560\/revisions"}],"predecessor-version":[{"id":47972,"href":"https:\/\/www.formentera.es\/de\/wp-json\/wp\/v2\/pages\/37560\/revisions\/47972"}],"wp:featuredmedia":[{"embeddable":true,"href":"https:\/\/www.formentera.es\/de\/wp-json\/wp\/v2\/media\/30794"}],"wp:attachment":[{"href":"https:\/\/www.formentera.es\/de\/wp-json\/wp\/v2\/media?parent=37560"}],"wp:term":[{"taxonomy":"category","embeddable":true,"href":"https:\/\/www.formentera.es\/de\/wp-json\/wp\/v2\/categories?post=37560"}],"curies":[{"name":"wp","href":"https:\/\/api.w.org\/{rel}","templated":true}]}}