{"id":11955,"date":"2020-04-15T14:06:13","date_gmt":"2020-04-15T12:06:13","guid":{"rendered":"https:\/\/www.formentera.es\/explorar\/activitats\/rutes-verdes\/es-cap-torrent-de-salga\/"},"modified":"2020-04-21T09:20:20","modified_gmt":"2020-04-21T07:20:20","slug":"es-cap-torrent-de-salga","status":"publish","type":"page","link":"https:\/\/www.formentera.es\/ca\/explorar\/activitats\/rutes-verdes\/es-cap-torrent-de-salga\/","title":{"rendered":"Es Cap  &#8211;  Torrent De S&#8217;Alga"},"content":{"rendered":"<div class=\"wpb-content-wrapper\"><p>[vc_row][vc_column width=&#8221;8\/12&#8243;][vc_column_text]Tot just dos quil\u00f2metres de cam\u00ed perpendicular a la carretera des Cap, ens atraquen a un dels llocs menys coneguts i m\u00e9s especials de l&#8217;illa: el <strong>torrent de s&#8217;Alga<\/strong>. Partint des de la cru\u00eflla des Cap, seguirem la direcci\u00f3 cam\u00ed de Can Parra per un cam\u00ed emmarcat per murs de pedra seca. Aquest cam\u00ed, que pel seu caracter\u00edstic ziga-zaga d\u00f3na la sensaci\u00f3 d&#8217;ensenyar-nos alguna cosa nova a cada revolt, funciona tamb\u00e9 com a torrent: t\u00e9 poc pendent, per\u00f2 sempre constant dirigint l&#8217;aigua de pluja cap al mar.<\/p>\n<p>Arribam finalment al torrent de s&#8217;Alga, caracter\u00edstic per uns escars ben conservats on els pescadors protegeixen de la mar i la pluja les seves petites embarcacions. Cridaran la nostra atenci\u00f3 les branques de savina despullades i seques clavades a la pedra al costat del mar. D&#8217;elles pengen unes peixos amb minucioses estructures de fusta que els travessen. Es tracta d&#8217;una t\u00e8cnica tradicional amb la qual els pescadors assecaven el peix per aprofitar-lo i consumir-lo tot l&#8217;any. Un cop sec, es torra al foc, s&#8217;esmicola i ces onserva en envasos de vidre amb oli d&#8217;oliva per obtenir <strong>peix sec<\/strong>, l&#8217;ingredient estrella de l&#8217;ensalada pagesa, que pot degustar-se en nombrosos restaurants de l&#8217;illa.[\/vc_column_text][\/vc_column][vc_column width=&#8221;4\/12&#8243;][vc_column_text]<div id=\"back_blue\"><h3>Descarregar la ruta<\/h3><div><img decoding=\"async\" src=\"https:\/\/www.formentera.es\/wp-content\/themes\/Formentera\/img\/mapas-de-google-w.svg\"><a href=\"https:\/\/www.google.com\/maps\/d\/u\/0\/embed?mid=1by-vAnd8GUqTAss2khTfFK08xA7XsPtQ\" target=\"_blank\">Veure la ruta a Google Maps<\/a><\/div><div><img decoding=\"async\" src=\"https:\/\/www.formentera.es\/wp-content\/themes\/Formentera\/img\/maps-and-location-w.svg\" class=\"pl_5\"><a href=\"https:\/\/www.formentera.es\/wp-content\/uploads\/2020\/04\/12.-Es-Cap-Torrent-De-SAlga.gpx.zip\" target=\"_blank\">Descarregar la ruta per a GPS<\/a><\/div><div><img decoding=\"async\" src=\"https:\/\/www.formentera.es\/wp-content\/themes\/Formentera\/img\/pin-w.svg\"><a href=\"https:\/\/es.wikiloc.com\/rutas-senderismo\/ruta-12-es-cap-torrent-de-salga-48412166\" target=\"_blank\">Veure la ruta a Wikiloc<\/a><\/div><div><img decoding=\"async\" src=\"https:\/\/www.formentera.es\/wp-content\/themes\/Formentera\/img\/descarga-w.svg\"><a href=\"Array\" target=\"_blank\">Descarregar arxiu<\/a><\/div><\/div><div id=\"como_llegar\"><a href=\"https:\/\/www.google.com\/maps?saddr=My+Location&daddr=38.68283,1.39808\" target=\"_blank\">Com arribar a un punt de partida?<\/a><img decoding=\"async\" src=\"https:\/\/www.formentera.es\/wp-content\/themes\/Formentera\/img\/start.svg\"><\/div>[\/vc_column_text][\/vc_column][\/vc_row][vc_row][vc_column][vc_gmaps link=&#8221;#E-8_JTNDaWZyYW1lJTIwc3JjJTNEJTIyaHR0cHMlM0ElMkYlMkZ3d3cuZ29vZ2xlLmNvbSUyRm1hcHMlMkZkJTJGdSUyRjAlMkZlbWJlZCUzRm1pZCUzRDFieS12QW5kOEdVcVRBc3Mya2hUZkZLMDh4QTdYc1B0USUyMiUyMCUyMHdpZHRoJTNEJTIyNjAwJTIyJTIwaGVpZ2h0JTNEJTIyNDUwJTIyJTIwZnJhbWVib3JkZXIlM0QlMjIwJTIyJTIwc3R5bGUlM0QlMjJib3JkZXIlM0EwJTIyJTIwYWxsb3dmdWxsc2NyZWVuJTNFJTNDJTJGaWZyYW1lJTNFJTBB&#8221; size=&#8221;&#8221;][\/vc_column][\/vc_row][vc_row full_width=&#8221;stretch_row_content_no_spaces&#8221;][vc_column][vc_column_text]<style>#jtg-10886 .modula-item .jtg-social a, .lightbox-socials.jtg-social a{ fill: #ffffff; color: #ffffff }#jtg-10886 .modula-item .jtg-social-mobile a{ fill: #ffffff; color: #ffffff }#jtg-10886 .modula-item .jtg-social svg, .lightbox-socials.jtg-social svg { height: 16px; width: 16px }#jtg-10886 .modula-item .jtg-social-mobile svg { height: 16px; width: 16px }#jtg-10886 .modula-item .jtg-social a:not(:last-child), .lightbox-socials.jtg-social a:not(:last-child) { margin-right: 10px }#jtg-10886 .modula-item .jtg-social-mobile .jtg-social-mobile-icons a:not(:last-child){ margin-right: 10px }#jtg-10886 .modula-item .figc {color:#ffffff;}#jtg-10886 .modula-item .modula-item-content { transform: scale(1) }#jtg-10886 .modula-items .figc p.description { font-size:14px; }#jtg-10886 .modula-items .figc p.description { color:#ffffff;}#jtg-10886.modula-gallery .modula-item > a, #jtg-10886.modula-gallery .modula-item, #jtg-10886.modula-gallery .modula-item-content > a:not(.modula-no-follow) { cursor:zoom-in; } #jtg-10886.modula-gallery .modula-item-content .modula-no-follow { cursor: default; } #jtg-10886 .modula-item { background-color:#ffffff; }#jtg-10886 .modula-item:hover img { opacity: 0.5; }#jtg-10886 .modula-item { transform: scale(1) translate(0px,0px) rotate(0deg); }@media screen and (max-width:480px){#jtg-10886 .modula-item .figc .jtg-title {  font-size: 12px; }#jtg-10886 .modula-items .figc p.description { color:#ffffff;font-size:10px; }}#jtg-10886 .modula-items .modula-item:hover img{opacity:1;}<\/style>\n<div  id=\"jtg-10886\" class=\"modula modula-gallery modula-custom-grid\" data-config=\"{&quot;height&quot;:800,&quot;tabletHeight&quot;:800,&quot;mobileHeight&quot;:800,&quot;desktopHeight&quot;:800,&quot;enableTwitter&quot;:true,&quot;enableWhatsapp&quot;:false,&quot;enableFacebook&quot;:true,&quot;enablePinterest&quot;:true,&quot;enableLinkedin&quot;:true,&quot;enableEmail&quot;:false,&quot;randomFactor&quot;:0.5,&quot;type&quot;:&quot;custom-grid&quot;,&quot;columns&quot;:12,&quot;gutter&quot;:10,&quot;mobileGutter&quot;:10,&quot;tabletGutter&quot;:10,&quot;desktopGutter&quot;:10,&quot;enableResponsive&quot;:&quot;0&quot;,&quot;tabletColumns&quot;:2,&quot;mobileColumns&quot;:1,&quot;lazyLoad&quot;:&quot;0&quot;,&quot;lightboxOpts&quot;:{&quot;animated&quot;:true,&quot;Thumbs&quot;:{&quot;type&quot;:&quot;modern&quot;,&quot;showOnStart&quot;:false},&quot;Toolbar&quot;:{&quot;display&quot;:{&quot;right&quot;:[&quot;close&quot;]},&quot;enabled&quot;:true},&quot;Carousel&quot;:{&quot;Panzoom&quot;:{&quot;touch&quot;:false},&quot;infinite&quot;:false},&quot;keyboard&quot;:{&quot;Escape&quot;:&quot;close&quot;,&quot;Delete&quot;:&quot;close&quot;,&quot;Backspace&quot;:&quot;close&quot;,&quot;PageUp&quot;:false,&quot;PageDown&quot;:false,&quot;ArrowUp&quot;:false,&quot;ArrowDown&quot;:false,&quot;ArrowRight&quot;:false,&quot;ArrowLeft&quot;:false},&quot;touch&quot;:false,&quot;backdropClick&quot;:false,&quot;l10n&quot;:{&quot;CLOSE&quot;:&quot;Close&quot;,&quot;NEXT&quot;:&quot;Next&quot;,&quot;PREV&quot;:&quot;Previous&quot;,&quot;Error&quot;:&quot;The requested content cannot be loaded. Please try again later.&quot;,&quot;PLAY_START&quot;:&quot;Start slideshow&quot;,&quot;PLAY_STOP&quot;:&quot;Pause slideshow&quot;,&quot;FULL_SCREEN&quot;:&quot;Full screen&quot;,&quot;THUMBS&quot;:&quot;Thumbnails&quot;,&quot;DOWNLOAD&quot;:&quot;Download&quot;,&quot;SHARE&quot;:&quot;Share&quot;,&quot;ZOOM&quot;:&quot;Zoom&quot;,&quot;EMAIL&quot;:&quot;Here is the link to the image : %%image_link%% and this is the link to the gallery : %%gallery_link%%&quot;,&quot;MODAL&quot;:&quot;You can close this modal content with the ESC key&quot;,&quot;ERROR&quot;:&quot;Something Went Wrong, Please Try Again Later&quot;,&quot;IMAGE_ERROR&quot;:&quot;Image Not Found&quot;,&quot;ELEMENT_NOT_FOUND&quot;:&quot;HTML Element Not Found&quot;,&quot;AJAX_NOT_FOUND&quot;:&quot;Error Loading AJAX : Not Found&quot;,&quot;AJAX_FORBIDDEN&quot;:&quot;Error Loading AJAX : Forbidden&quot;,&quot;IFRAME_ERROR&quot;:&quot;Error Loading Page&quot;,&quot;TOGGLE_ZOOM&quot;:&quot;Toggle zoom level&quot;,&quot;TOGGLE_THUMBS&quot;:&quot;Toggle thumbnails&quot;,&quot;TOGGLE_SLIDESHOW&quot;:&quot;Toggle slideshow&quot;,&quot;TOGGLE_FULLSCREEN&quot;:&quot;Toggle full-screen mode&quot;},&quot;Images&quot;:{&quot;Panzoom&quot;:{&quot;maxScale&quot;:2}},&quot;mainClass&quot;:&quot;modula-fancybox-container modula-lightbox-jtg-10886&quot;,&quot;Html&quot;:{&quot;videoAutoplay&quot;:0,&quot;videoTpl&quot;:&quot;&lt;video class=\\&quot;fancybox__html5video\\&quot; controls muted playsinline controlsList controlsList=\\&quot;nodownload\\&quot; poster=\\&quot;{{poster}}\\&quot; src=\\&quot;{{src}}\\&quot; type=\\&quot;{{format}}\\&quot; &gt;  Sorry, your browser doesn&#039;t support embedded videos, &lt;a href=\\&quot;{{src}}\\&quot;&gt; download &lt;\\\/a&gt; and watch with your favorite video player! &lt;\\\/video&gt;&quot;}},&quot;inView&quot;:false,&quot;email_subject&quot;:&quot;\\u00a1\\u00a1Mira esta impresionante imagen!!&quot;,&quot;email_message&quot;:&quot;Este es el enlace a la imagen: %%image_link%% y este es el enlace a la galer\\u00eda: %%gallery_link%%&quot;,&quot;lightbox&quot;:&quot;fancybox&quot;,&quot;filterClick&quot;:&quot;0&quot;,&quot;defaultActiveFilter&quot;:&quot;all&quot;}\">\n\n\t\n\t<div  class=\"modula-items\">\n\t\t<div class=\"modula-item jtg-filter-all jtg-filter-\" data-width=\"12\" data-height=\"7\" >\n\t<div class=\"modula-item-content\">\n\t\t\n\t\t\t\t\t<a data-image-id=\"10872\" tabindex=\"0\" href=\"https:\/\/www.formentera.es\/wp-content\/uploads\/2020\/04\/shutterstock_1167885004.jpg\" rel=\"jtg-10886\" data-caption=\"\" aria-label=\"Open image in lightbox\" role=\"button\" data-cyclefilter=\"show\" data-fancybox=\"jtg-10886\" class=\"tile-inner modula-item-link\"><\/a>\n\t\t\n\t\t<img loading=\"lazy\" decoding=\"async\" class=\"pic wp-image-10872\"  data-valign=\"middle\" data-halign=\"center\" alt=\"\" data-full=\"https:\/\/www.formentera.es\/wp-content\/uploads\/2020\/04\/shutterstock_1167885004.jpg\" title=\"shutterstock_1167885004\" width=\"1600\" height=\"899\" src=\"https:\/\/www.formentera.es\/wp-content\/uploads\/2020\/04\/shutterstock_1167885004.jpg\" data-src=\"https:\/\/www.formentera.es\/wp-content\/uploads\/2020\/04\/shutterstock_1167885004.jpg\" data-caption=\"\" srcset=\"https:\/\/www.formentera.es\/wp-content\/uploads\/2020\/04\/shutterstock_1167885004.jpg 1600w, https:\/\/www.formentera.es\/wp-content\/uploads\/2020\/04\/shutterstock_1167885004-300x169.jpg 300w, https:\/\/www.formentera.es\/wp-content\/uploads\/2020\/04\/shutterstock_1167885004-768x432.jpg 768w, https:\/\/www.formentera.es\/wp-content\/uploads\/2020\/04\/shutterstock_1167885004-1024x575.jpg 1024w\" sizes=\"auto, (max-width: 1600px) 100vw, 1600px\" \/>\n\t<\/div>\n\n<\/div><div class=\"modula-item jtg-filter-all jtg-filter-\" data-width=\"6\" data-height=\"5\" >\n\t<div class=\"modula-item-content\">\n\t\t\n\t\t\t\t\t<a data-image-id=\"10887\" tabindex=\"0\" href=\"https:\/\/www.formentera.es\/wp-content\/uploads\/2020\/04\/Sant-Francesc-Xavier_14_torrent_salga_enciclopedia_deivissa_formentera.jpg\" rel=\"jtg-10886\" data-caption=\"\" aria-label=\"Open image in lightbox\" role=\"button\" data-cyclefilter=\"show\" data-fancybox=\"jtg-10886\" class=\"tile-inner modula-item-link\"><\/a>\n\t\t\n\t\t<img loading=\"lazy\" decoding=\"async\" class=\"pic wp-image-10887\"  data-valign=\"middle\" data-halign=\"center\" alt=\"\" data-full=\"https:\/\/www.formentera.es\/wp-content\/uploads\/2020\/04\/Sant-Francesc-Xavier_14_torrent_salga_enciclopedia_deivissa_formentera.jpg\" title=\"Sant-Francesc-Xavier_14_torrent_salga_enciclopedia_deivissa_formentera\" width=\"1600\" height=\"1198\" src=\"https:\/\/www.formentera.es\/wp-content\/uploads\/2020\/04\/Sant-Francesc-Xavier_14_torrent_salga_enciclopedia_deivissa_formentera.jpg\" data-src=\"https:\/\/www.formentera.es\/wp-content\/uploads\/2020\/04\/Sant-Francesc-Xavier_14_torrent_salga_enciclopedia_deivissa_formentera.jpg\" data-caption=\"\" srcset=\"https:\/\/www.formentera.es\/wp-content\/uploads\/2020\/04\/Sant-Francesc-Xavier_14_torrent_salga_enciclopedia_deivissa_formentera.jpg 1600w, https:\/\/www.formentera.es\/wp-content\/uploads\/2020\/04\/Sant-Francesc-Xavier_14_torrent_salga_enciclopedia_deivissa_formentera-300x225.jpg 300w, https:\/\/www.formentera.es\/wp-content\/uploads\/2020\/04\/Sant-Francesc-Xavier_14_torrent_salga_enciclopedia_deivissa_formentera-768x575.jpg 768w, https:\/\/www.formentera.es\/wp-content\/uploads\/2020\/04\/Sant-Francesc-Xavier_14_torrent_salga_enciclopedia_deivissa_formentera-1024x767.jpg 1024w\" sizes=\"auto, (max-width: 1600px) 100vw, 1600px\" \/>\n\t<\/div>\n\n<\/div><div class=\"modula-item jtg-filter-all jtg-filter-\" data-width=\"6\" data-height=\"5\" >\n\t<div class=\"modula-item-content\">\n\t\t\n\t\t\t\t\t<a data-image-id=\"10894\" tabindex=\"0\" href=\"https:\/\/www.formentera.es\/wp-content\/uploads\/2020\/04\/torrent_salga.jpg\" rel=\"jtg-10886\" data-caption=\"\" aria-label=\"Open image in lightbox\" role=\"button\" data-cyclefilter=\"show\" data-fancybox=\"jtg-10886\" class=\"tile-inner modula-item-link\"><\/a>\n\t\t\n\t\t<img loading=\"lazy\" decoding=\"async\" class=\"pic wp-image-10894\"  data-valign=\"middle\" data-halign=\"center\" alt=\"\" data-full=\"https:\/\/www.formentera.es\/wp-content\/uploads\/2020\/04\/torrent_salga.jpg\" title=\"torrent_salga\" width=\"1600\" height=\"1068\" src=\"https:\/\/www.formentera.es\/wp-content\/uploads\/2020\/04\/torrent_salga.jpg\" data-src=\"https:\/\/www.formentera.es\/wp-content\/uploads\/2020\/04\/torrent_salga.jpg\" data-caption=\"\" srcset=\"https:\/\/www.formentera.es\/wp-content\/uploads\/2020\/04\/torrent_salga.jpg 1600w, https:\/\/www.formentera.es\/wp-content\/uploads\/2020\/04\/torrent_salga-300x200.jpg 300w, https:\/\/www.formentera.es\/wp-content\/uploads\/2020\/04\/torrent_salga-768x513.jpg 768w, https:\/\/www.formentera.es\/wp-content\/uploads\/2020\/04\/torrent_salga-1024x684.jpg 1024w\" sizes=\"auto, (max-width: 1600px) 100vw, 1600px\" \/>\n\t<\/div>\n\n<\/div>\t\t\n\t<\/div>\n\n\t\n\t\n\t<script type=\"application\/ld+json\">\n\t{\n\t\t\"@context\": \"http:\/\/schema.org\",\n\t\t\"@type\"   : \"ImageGallery\",\n\t\t\"id\"      : \"https:\/\/www.formentera.es\/ca\/explorar\/activitats\/rutes-verdes\/es-cap-torrent-de-salga\/\",\n\t\t\"url\"     : \"https:\/\/www.formentera.es\/ca\/explorar\/activitats\/rutes-verdes\/es-cap-torrent-de-salga\/\"\n\t}\n\n\t<\/script>\n\n\t\n<\/div>\n[\/vc_column_text][\/vc_column][\/vc_row][vc_row][vc_column][vc_column_text]<div id=\"mas_rutas\" class=\"container sc\"><h2>Altres rutes a Formentera<\/h2><div class=\"row\"><div class=\"col-md-6 col-lg-4\">\n\t\t\t\t\t\t\t<a href=\"https:\/\/www.formentera.es\/ca\/explorar\/activitats\/rutes-verdes\/sant-francesc-ses-bardetes-cala-saona\/\" class=\"img_ruta\"  style=\"background-image: url(https:\/\/www.formentera.es\/wp-content\/uploads\/2020\/04\/shutterstock_138601028-300x200.jpg)\"><\/a>\n\t\t\t\t\t\t\t\n\t\t\t\t\t\t\t<div class=\"col-sm-12\">\n\t\t\t\t\t\t\t\t<a href=\"https:\/\/www.formentera.es\/ca\/explorar\/activitats\/rutes-verdes\/sant-francesc-ses-bardetes-cala-saona\/\">Sant Francesc &#8211;  Ses Bardetes &#8211; Cala Saona<\/a><div><img decoding=\"async\" src=\"https:\/\/www.formentera.es\/wp-content\/themes\/Formentera\/img\/bicib.png\">20 min.<\/div><div><img decoding=\"async\" src=\"https:\/\/www.formentera.es\/wp-content\/themes\/Formentera\/img\/caminarb.png\">65 min.<\/div><\/div>\n\t\t\t\t\t\t<\/div><div class=\"col-md-6 col-lg-4\">\n\t\t\t\t\t\t\t<a href=\"https:\/\/www.formentera.es\/ca\/explorar\/activitats\/rutes-verdes\/ruta-3-la-savina-cala-saona\/\" class=\"img_ruta\"  style=\"background-image: url(https:\/\/www.formentera.es\/wp-content\/uploads\/2018\/11\/CalaSaona-300x200.jpg)\"><\/a>\n\t\t\t\t\t\t\t\n\t\t\t\t\t\t\t<div class=\"col-sm-12\">\n\t\t\t\t\t\t\t\t<a href=\"https:\/\/www.formentera.es\/ca\/explorar\/activitats\/rutes-verdes\/ruta-3-la-savina-cala-saona\/\">La Savina  &#8211;  Cala Saona<\/a><div><img decoding=\"async\" src=\"https:\/\/www.formentera.es\/wp-content\/themes\/Formentera\/img\/bicib.png\">35 min.<\/div><div><img decoding=\"async\" src=\"https:\/\/www.formentera.es\/wp-content\/themes\/Formentera\/img\/caminarb.png\">95 min.<\/div><\/div>\n\t\t\t\t\t\t<\/div><div class=\"col-md-6 col-lg-4\">\n\t\t\t\t\t\t\t<a href=\"https:\/\/www.formentera.es\/ca\/explorar\/activitats\/rutes-verdes\/sant-francesc-es-mal-pas\/\" class=\"img_ruta\"  style=\"background-image: url(https:\/\/www.formentera.es\/wp-content\/uploads\/2018\/11\/migjorn-arenals-300x200.jpg)\"><\/a>\n\t\t\t\t\t\t\t\n\t\t\t\t\t\t\t<div class=\"col-sm-12\">\n\t\t\t\t\t\t\t\t<a href=\"https:\/\/www.formentera.es\/ca\/explorar\/activitats\/rutes-verdes\/sant-francesc-es-mal-pas\/\">Sant Francesc &#8211;  Es Mal Pas<\/a><div><img decoding=\"async\" src=\"https:\/\/www.formentera.es\/wp-content\/themes\/Formentera\/img\/bicib.png\">30 min.<\/div><div><img decoding=\"async\" src=\"https:\/\/www.formentera.es\/wp-content\/themes\/Formentera\/img\/caminarb.png\">45 min.<\/div><\/div>\n\t\t\t\t\t\t<\/div><\/div><a class=\"text-center\" href=\"\">Veure totes les rutes<\/a><\/div>[\/vc_column_text][\/vc_column][\/vc_row]<\/p>\n<\/div>","protected":false},"excerpt":{"rendered":"<p>[vc_row][vc_column width=&#8221;8\/12&#8243;][vc_column_text]Tot just dos quil\u00f2metres de cam\u00ed perpendicular a la carretera des Cap, ens atraquen [&hellip;]<\/p>\n","protected":false},"author":1,"featured_media":10895,"parent":2262,"menu_order":0,"comment_status":"closed","ping_status":"closed","template":"page-ruta.php","meta":{"_acf_changed":false,"footnotes":""},"categories":[],"class_list":["post-11955","page","type-page","status-publish","hentry"],"acf":[],"yoast_head":"<!-- This site is optimized with the Yoast SEO plugin v25.5 - https:\/\/yoast.com\/wordpress\/plugins\/seo\/ -->\n<title>Es Cap - Torrent De S&#039;Alga | Turismo de Formentera<\/title>\n<meta name=\"robots\" content=\"index, follow, max-snippet:-1, max-image-preview:large, max-video-preview:-1\" \/>\n<link rel=\"canonical\" href=\"https:\/\/www.formentera.es\/ca\/explorar\/activitats\/rutes-verdes\/es-cap-torrent-de-salga\/\" \/>\n<meta property=\"og:locale\" content=\"ca_ES\" \/>\n<meta property=\"og:type\" content=\"article\" \/>\n<meta property=\"og:title\" content=\"Es Cap - Torrent De S&#039;Alga | Turismo de Formentera\" \/>\n<meta property=\"og:description\" content=\"[vc_row][vc_column width=&#8221;8\/12&#8243;][vc_column_text]Tot just dos quil\u00f2metres de cam\u00ed perpendicular a la carretera des Cap, ens atraquen [&hellip;]\" \/>\n<meta property=\"og:url\" content=\"https:\/\/www.formentera.es\/ca\/explorar\/activitats\/rutes-verdes\/es-cap-torrent-de-salga\/\" \/>\n<meta property=\"og:site_name\" content=\"Turismo de Formentera\" \/>\n<meta property=\"article:publisher\" content=\"https:\/\/www.facebook.com\/turismoformentera\/\" \/>\n<meta property=\"article:modified_time\" content=\"2020-04-21T07:20:20+00:00\" \/>\n<meta property=\"og:image\" content=\"https:\/\/www.formentera.es\/wp-content\/uploads\/2020\/04\/torrent_salga.jpg\" \/>\n\t<meta property=\"og:image:width\" content=\"1600\" \/>\n\t<meta property=\"og:image:height\" content=\"1068\" \/>\n\t<meta property=\"og:image:type\" content=\"image\/jpeg\" \/>\n<meta name=\"twitter:card\" content=\"summary_large_image\" \/>\n<meta name=\"twitter:site\" content=\"@visitformentera\" \/>\n<meta name=\"twitter:label1\" content=\"Temps estimat de lectura\" \/>\n\t<meta name=\"twitter:data1\" content=\"2 minuts\" \/>\n<script type=\"application\/ld+json\" class=\"yoast-schema-graph\">{\"@context\":\"https:\/\/schema.org\",\"@graph\":[{\"@type\":\"WebPage\",\"@id\":\"https:\/\/www.formentera.es\/ca\/explorar\/activitats\/rutes-verdes\/es-cap-torrent-de-salga\/\",\"url\":\"https:\/\/www.formentera.es\/ca\/explorar\/activitats\/rutes-verdes\/es-cap-torrent-de-salga\/\",\"name\":\"Es Cap - Torrent De S'Alga | Turismo de Formentera\",\"isPartOf\":{\"@id\":\"https:\/\/www.formentera.es\/#website\"},\"primaryImageOfPage\":{\"@id\":\"https:\/\/www.formentera.es\/ca\/explorar\/activitats\/rutes-verdes\/es-cap-torrent-de-salga\/#primaryimage\"},\"image\":{\"@id\":\"https:\/\/www.formentera.es\/ca\/explorar\/activitats\/rutes-verdes\/es-cap-torrent-de-salga\/#primaryimage\"},\"thumbnailUrl\":\"https:\/\/www.formentera.es\/wp-content\/uploads\/2020\/04\/torrent_salga.jpg\",\"datePublished\":\"2020-04-15T12:06:13+00:00\",\"dateModified\":\"2020-04-21T07:20:20+00:00\",\"breadcrumb\":{\"@id\":\"https:\/\/www.formentera.es\/ca\/explorar\/activitats\/rutes-verdes\/es-cap-torrent-de-salga\/#breadcrumb\"},\"inLanguage\":\"ca\",\"potentialAction\":[{\"@type\":\"ReadAction\",\"target\":[\"https:\/\/www.formentera.es\/ca\/explorar\/activitats\/rutes-verdes\/es-cap-torrent-de-salga\/\"]}]},{\"@type\":\"ImageObject\",\"inLanguage\":\"ca\",\"@id\":\"https:\/\/www.formentera.es\/ca\/explorar\/activitats\/rutes-verdes\/es-cap-torrent-de-salga\/#primaryimage\",\"url\":\"https:\/\/www.formentera.es\/wp-content\/uploads\/2020\/04\/torrent_salga.jpg\",\"contentUrl\":\"https:\/\/www.formentera.es\/wp-content\/uploads\/2020\/04\/torrent_salga.jpg\",\"width\":1600,\"height\":1068},{\"@type\":\"BreadcrumbList\",\"@id\":\"https:\/\/www.formentera.es\/ca\/explorar\/activitats\/rutes-verdes\/es-cap-torrent-de-salga\/#breadcrumb\",\"itemListElement\":[{\"@type\":\"ListItem\",\"position\":1,\"name\":\"Portada\",\"item\":\"https:\/\/www.formentera.es\/ca\/\"},{\"@type\":\"ListItem\",\"position\":2,\"name\":\"Explorar\",\"item\":\"https:\/\/www.formentera.es\/ca\/explorar\/\"},{\"@type\":\"ListItem\",\"position\":3,\"name\":\"Activitats\",\"item\":\"https:\/\/www.formentera.es\/ca\/explorar\/activitats\/\"},{\"@type\":\"ListItem\",\"position\":4,\"name\":\"Rutes verdes\",\"item\":\"https:\/\/www.formentera.es\/ca\/explorar\/activitats\/rutes-verdes\/\"},{\"@type\":\"ListItem\",\"position\":5,\"name\":\"Es Cap &#8211; Torrent De S&#8217;Alga\"}]},{\"@type\":\"WebSite\",\"@id\":\"https:\/\/www.formentera.es\/#website\",\"url\":\"https:\/\/www.formentera.es\/\",\"name\":\"Turismo de Formentera\",\"description\":\"Web oficial de Turismo de Formentera\",\"potentialAction\":[{\"@type\":\"SearchAction\",\"target\":{\"@type\":\"EntryPoint\",\"urlTemplate\":\"https:\/\/www.formentera.es\/?s={search_term_string}\"},\"query-input\":{\"@type\":\"PropertyValueSpecification\",\"valueRequired\":true,\"valueName\":\"search_term_string\"}}],\"inLanguage\":\"ca\"}]}<\/script>\n<!-- \/ Yoast SEO plugin. -->","yoast_head_json":{"title":"Es Cap - Torrent De S'Alga | Turismo de Formentera","robots":{"index":"index","follow":"follow","max-snippet":"max-snippet:-1","max-image-preview":"max-image-preview:large","max-video-preview":"max-video-preview:-1"},"canonical":"https:\/\/www.formentera.es\/ca\/explorar\/activitats\/rutes-verdes\/es-cap-torrent-de-salga\/","og_locale":"ca_ES","og_type":"article","og_title":"Es Cap - Torrent De S'Alga | Turismo de Formentera","og_description":"[vc_row][vc_column width=&#8221;8\/12&#8243;][vc_column_text]Tot just dos quil\u00f2metres de cam\u00ed perpendicular a la carretera des Cap, ens atraquen [&hellip;]","og_url":"https:\/\/www.formentera.es\/ca\/explorar\/activitats\/rutes-verdes\/es-cap-torrent-de-salga\/","og_site_name":"Turismo de Formentera","article_publisher":"https:\/\/www.facebook.com\/turismoformentera\/","article_modified_time":"2020-04-21T07:20:20+00:00","og_image":[{"width":1600,"height":1068,"url":"https:\/\/www.formentera.es\/wp-content\/uploads\/2020\/04\/torrent_salga.jpg","type":"image\/jpeg"}],"twitter_card":"summary_large_image","twitter_site":"@visitformentera","twitter_misc":{"Temps estimat de lectura":"2 minuts"},"schema":{"@context":"https:\/\/schema.org","@graph":[{"@type":"WebPage","@id":"https:\/\/www.formentera.es\/ca\/explorar\/activitats\/rutes-verdes\/es-cap-torrent-de-salga\/","url":"https:\/\/www.formentera.es\/ca\/explorar\/activitats\/rutes-verdes\/es-cap-torrent-de-salga\/","name":"Es Cap - Torrent De S'Alga | Turismo de Formentera","isPartOf":{"@id":"https:\/\/www.formentera.es\/#website"},"primaryImageOfPage":{"@id":"https:\/\/www.formentera.es\/ca\/explorar\/activitats\/rutes-verdes\/es-cap-torrent-de-salga\/#primaryimage"},"image":{"@id":"https:\/\/www.formentera.es\/ca\/explorar\/activitats\/rutes-verdes\/es-cap-torrent-de-salga\/#primaryimage"},"thumbnailUrl":"https:\/\/www.formentera.es\/wp-content\/uploads\/2020\/04\/torrent_salga.jpg","datePublished":"2020-04-15T12:06:13+00:00","dateModified":"2020-04-21T07:20:20+00:00","breadcrumb":{"@id":"https:\/\/www.formentera.es\/ca\/explorar\/activitats\/rutes-verdes\/es-cap-torrent-de-salga\/#breadcrumb"},"inLanguage":"ca","potentialAction":[{"@type":"ReadAction","target":["https:\/\/www.formentera.es\/ca\/explorar\/activitats\/rutes-verdes\/es-cap-torrent-de-salga\/"]}]},{"@type":"ImageObject","inLanguage":"ca","@id":"https:\/\/www.formentera.es\/ca\/explorar\/activitats\/rutes-verdes\/es-cap-torrent-de-salga\/#primaryimage","url":"https:\/\/www.formentera.es\/wp-content\/uploads\/2020\/04\/torrent_salga.jpg","contentUrl":"https:\/\/www.formentera.es\/wp-content\/uploads\/2020\/04\/torrent_salga.jpg","width":1600,"height":1068},{"@type":"BreadcrumbList","@id":"https:\/\/www.formentera.es\/ca\/explorar\/activitats\/rutes-verdes\/es-cap-torrent-de-salga\/#breadcrumb","itemListElement":[{"@type":"ListItem","position":1,"name":"Portada","item":"https:\/\/www.formentera.es\/ca\/"},{"@type":"ListItem","position":2,"name":"Explorar","item":"https:\/\/www.formentera.es\/ca\/explorar\/"},{"@type":"ListItem","position":3,"name":"Activitats","item":"https:\/\/www.formentera.es\/ca\/explorar\/activitats\/"},{"@type":"ListItem","position":4,"name":"Rutes verdes","item":"https:\/\/www.formentera.es\/ca\/explorar\/activitats\/rutes-verdes\/"},{"@type":"ListItem","position":5,"name":"Es Cap &#8211; Torrent De S&#8217;Alga"}]},{"@type":"WebSite","@id":"https:\/\/www.formentera.es\/#website","url":"https:\/\/www.formentera.es\/","name":"Turismo de Formentera","description":"Web oficial de Turismo de Formentera","potentialAction":[{"@type":"SearchAction","target":{"@type":"EntryPoint","urlTemplate":"https:\/\/www.formentera.es\/?s={search_term_string}"},"query-input":{"@type":"PropertyValueSpecification","valueRequired":true,"valueName":"search_term_string"}}],"inLanguage":"ca"}]}},"_links":{"self":[{"href":"https:\/\/www.formentera.es\/ca\/wp-json\/wp\/v2\/pages\/11955","targetHints":{"allow":["GET"]}}],"collection":[{"href":"https:\/\/www.formentera.es\/ca\/wp-json\/wp\/v2\/pages"}],"about":[{"href":"https:\/\/www.formentera.es\/ca\/wp-json\/wp\/v2\/types\/page"}],"author":[{"embeddable":true,"href":"https:\/\/www.formentera.es\/ca\/wp-json\/wp\/v2\/users\/1"}],"replies":[{"embeddable":true,"href":"https:\/\/www.formentera.es\/ca\/wp-json\/wp\/v2\/comments?post=11955"}],"version-history":[{"count":0,"href":"https:\/\/www.formentera.es\/ca\/wp-json\/wp\/v2\/pages\/11955\/revisions"}],"up":[{"embeddable":true,"href":"https:\/\/www.formentera.es\/ca\/wp-json\/wp\/v2\/pages\/2262"}],"wp:featuredmedia":[{"embeddable":true,"href":"https:\/\/www.formentera.es\/ca\/wp-json\/wp\/v2\/media\/10895"}],"wp:attachment":[{"href":"https:\/\/www.formentera.es\/ca\/wp-json\/wp\/v2\/media?parent=11955"}],"wp:term":[{"taxonomy":"category","embeddable":true,"href":"https:\/\/www.formentera.es\/ca\/wp-json\/wp\/v2\/categories?post=11955"}],"curies":[{"name":"wp","href":"https:\/\/api.w.org\/{rel}","templated":true}]}}